{"id":736638,"date":"2025-08-27T23:12:14","date_gmt":"2025-08-27T20:12:14","guid":{"rendered":"https:\/\/roveyayinevi.com.tr\/index.php\/urun\/cocuklar-neden-basarisiz-olur\/"},"modified":"2026-04-16T02:45:43","modified_gmt":"2026-04-15T23:45:43","slug":"cocuklar-neden-basarisiz-olur","status":"publish","type":"product","link":"https:\/\/roveyayinevi.com.tr\/index.php\/urun\/cocuklar-neden-basarisiz-olur\/","title":{"rendered":"\u00c7ocuklar Neden Ba\u015far\u0131s\u0131z Olur?"},"content":{"rendered":"<p>\u00c7ocuklar Neden Ba\u015far\u0131s\u0131z Olur? ilk yay\u0131mland\u0131\u011f\u0131 1960\u2019l\u0131 y\u0131llar\u0131n ortas\u0131ndan bug\u00fcne dek devam eden bir e\u011fitim reformunun \u00f6nc\u00fcs\u00fcd\u00fcr. John Holt 1982 bask\u0131s\u0131nda kitaba pek \u00e7ok yeni eklemeler yaparak \u00e7ocuklar\u0131n d\u00fcnyay\u0131 nas\u0131l alg\u0131lay\u0131p inceledikleri, s\u0131n\u0131f i\u00e7i \u00f6\u011freniminde y\u0131llard\u0131r s\u00fcregelen problemler, derecelendirmeler, s\u0131navlar ve her t\u00fcrl\u00fc \u00f6\u011frenme durumunda g\u00fcvenin ve otoritenin oynad\u0131\u011f\u0131 rolleri a\u00e7\u0131mlayarak okura yeni bak\u0131\u015f a\u00e7\u0131lar\u0131 kazand\u0131rd\u0131. Holt\u2019un \u00e7ocuklar\u0131 alg\u0131lay\u0131\u015f\u0131, d\u00fc\u015f\u00fcncelerindeki netlik ve \u00e7ocuklara duydu\u011fu sevgi ve yak\u0131nl\u0131k, hem \u00c7ocuklar Neden Ba\u015far\u0131s\u0131z Olur? kitab\u0131n\u0131 hem de onun tamamlay\u0131c\u0131s\u0131 niteli\u011findeki \u00c7ocuklar Nas\u0131l \u00d6\u011frenir?\u2019i zamans\u0131z e\u011fitim klasikleri aras\u0131na dahil etmeyi ba\u015farm\u0131\u015ft\u0131r. <\/p>\n","protected":false},"excerpt":{"rendered":"<p>\u00c7ocuklar Neden Ba\u015far\u0131s\u0131z Olur? ilk yay\u0131mland\u0131\u011f\u0131 1960\u2019l\u0131 y\u0131llar\u0131n ortas\u0131ndan bug\u00fcne dek devam eden bir e\u011fitim reformunun \u00f6nc\u00fcs\u00fcd\u00fcr. John Holt 1982 bask\u0131s\u0131nda kitaba pek \u00e7ok yeni eklemeler<span class=\"excerpt-hellip\"> [\u2026]<\/span><\/p>\n","protected":false},"featured_media":0,"template":"","meta":{"_monsterinsights_skip_tracking":false,"_monsterinsights_sitenote_active":false,"_monsterinsights_sitenote_note":"","_monsterinsights_sitenote_category":0},"product_brand":[],"product_cat":[12831,12324],"product_tag":[],"class_list":{"0":"post-736638","1":"product","2":"type-product","3":"status-publish","5":"product_cat-aile-ve-cocuk","6":"product_cat-sosyoloji","7":"pa_cilt-ciltsiz","8":"pa_tur-kitap","9":"pa_yayinevi-koridor-yayincilik","10":"pa_yazar-john-holt","12":"first","13":"instock","14":"sale","15":"shipping-taxable","16":"purchasable","17":"product-type-simple"},"_links":{"self":[{"href":"https:\/\/roveyayinevi.com.tr\/index.php\/wp-json\/wp\/v2\/product\/736638","targetHints":{"allow":["GET"]}}],"collection":[{"href":"https:\/\/roveyayinevi.com.tr\/index.php\/wp-json\/wp\/v2\/product"}],"about":[{"href":"https:\/\/roveyayinevi.com.tr\/index.php\/wp-json\/wp\/v2\/types\/product"}],"wp:attachment":[{"href":"https:\/\/roveyayinevi.com.tr\/index.php\/wp-json\/wp\/v2\/media?parent=736638"}],"wp:term":[{"taxonomy":"product_brand","embeddable":true,"href":"https:\/\/roveyayinevi.com.tr\/index.php\/wp-json\/wp\/v2\/product_brand?post=736638"},{"taxonomy":"product_cat","embeddable":true,"href":"https:\/\/roveyayinevi.com.tr\/index.php\/wp-json\/wp\/v2\/product_cat?post=736638"},{"taxonomy":"product_tag","embeddable":true,"href":"https:\/\/roveyayinevi.com.tr\/index.php\/wp-json\/wp\/v2\/product_tag?post=736638"}],"curies":[{"name":"wp","href":"https:\/\/api.w.org\/{rel}","templated":true}]}}