{"id":736636,"date":"2025-08-27T23:12:12","date_gmt":"2025-08-27T20:12:12","guid":{"rendered":"https:\/\/roveyayinevi.com.tr\/index.php\/urun\/mahmuzlar\/"},"modified":"2026-04-16T02:45:43","modified_gmt":"2026-04-15T23:45:43","slug":"mahmuzlar","status":"publish","type":"product","link":"https:\/\/roveyayinevi.com.tr\/index.php\/urun\/mahmuzlar\/","title":{"rendered":"Mahmuzlar"},"content":{"rendered":"<p>Jacques Derrida Mahmuzlar: Nietzsche\u2019nin \u00dcsluplar\u0131\u2019nda g\u00f6stereni, logos ve ba\u011f\u0131nt\u0131l\u0131 hakikat kavram\u0131 ya da ilksel g\u00f6sterilen k\u00f6keninden \u00f6zg\u00fcrle\u015ftiren, yorum, perspektif, de\u011fer bi\u00e7me ve fark kavramlar\u0131n\u0131 radikalle\u015ftiren Nietzsche\u2019yle do\u011frudan kar\u015f\u0131la\u015fma ar\u0131yor. Son derece \u00f6zg\u00fcn ve keskin tarz\u0131yla cinsellik, politika, yaz\u0131, yarg\u0131, do\u011furma, \u00f6l\u00fcm, hatt\u00e2 hava durumu gibi sorunlar\u0131, Nietzsche\u2019nin modern d\u00fcnyaya miras b\u0131rakt\u0131\u011f\u0131 meydan okumalara ili\u015fkin kapsaml\u0131 bir analizde birle\u015ftiriyor. Nietzsche\u2019nin yoruma a\u00e7\u0131k metinlerini bir sondaj alan\u0131 olarak kullanan Derrida, Nietzsche\u2019deki dil, \u00fcslup, varl\u0131k ve hakikat sorunlar\u0131n\u0131 ele al\u0131yor ve i\u00e7 i\u00e7e ge\u00e7mi\u015f bu sorunlar\u0131 topluca kad\u0131n olarak adland\u0131r\u0131yor. B\u00f6ylelikle kad\u0131n-hakikat-\u00fcslup motifleri Nietzsche-Heidegger-Derrida fig\u00fcrleriyle i\u00e7 i\u00e7e ge\u00e7iyor.   Mahmuzlar, Nietzsche\u2019nin yay\u0131mlanmam\u0131\u015f man\u00fcskrileri aras\u0131nda bulunan ve edit\u00f6rleri taraf\u0131ndan \u015een Bilim d\u00f6nemine tarihlenen \u2013tek ba\u015f\u0131na, t\u0131rnak i\u00e7inde\u2013 \u201c\u015eemsiyemi unuttum\u201d fragman\u0131 \u00fczerine bir tart\u0131\u015fmayla kapan\u0131yor. Derrida, Nietzsche\u2019nin terekesinden \u00f6zellikle se\u00e7ti\u011fi ba\u011flams\u0131z ama gene de esere d\u00e2hil bu fragmana odaklanarak stratejik kullan\u0131mlar\u0131 \u00f6rnekliyor. \u00c7a\u011fr\u0131\u015f\u0131msal enerji devreye sokuldu\u011funda, \u201c\u015femsiye\u201dnin simgesel karars\u0131zl\u0131\u011f\u0131 yorumun \u00e7o\u011fullu\u011funu olanakl\u0131 k\u0131l\u0131yor.   Nihayet Mahmuzlar \u00e7ok isabetli bir ba\u015fl\u0131k, \u00e7\u00fcnk\u00fc Derrida\u2019n\u0131n Nietzsche\u2019nin anlamlar\u0131na ili\u015fkin \u201cyap\u0131bozumlar\u201d\u0131 kesinlikle daha fazla d\u00fc\u015f\u00fcnmeyi ve tart\u0131\u015fmay\u0131 te\u015fvik edecek mahmuzlar olarak i\u015fliyor. Mahmuzlar, okuruna Derrida\u2019n\u0131n yaz\u0131lar\u0131n\u0131n \u2013\u00f6zellikle \u201c\u00fcslup sorunu\u201d analizi i\u00e7in \u00f6nem ta\u015f\u0131yan yaz\u0131lar\u0131n\u0131n\u2013 \u00fcslup ustal\u0131\u011f\u0131n\u0131 inceleme f\u0131rsat\u0131 sunuyor. <\/p>\n","protected":false},"excerpt":{"rendered":"<p>Jacques Derrida Mahmuzlar: Nietzsche\u2019nin \u00dcsluplar\u0131\u2019nda g\u00f6stereni, logos ve ba\u011f\u0131nt\u0131l\u0131 hakikat kavram\u0131 ya da ilksel g\u00f6sterilen k\u00f6keninden \u00f6zg\u00fcrle\u015ftiren, yorum, perspektif, de\u011fer bi\u00e7me ve fark kavramlar\u0131n\u0131 radikalle\u015ftiren Nietzsche\u2019yle<span class=\"excerpt-hellip\"> [\u2026]<\/span><\/p>\n","protected":false},"featured_media":0,"template":"","meta":{"_monsterinsights_skip_tracking":false,"_monsterinsights_sitenote_active":false,"_monsterinsights_sitenote_note":"","_monsterinsights_sitenote_category":0},"product_brand":[],"product_cat":[12388,26788],"product_tag":[],"class_list":{"0":"post-736636","1":"product","2":"type-product","3":"status-publish","5":"product_cat-felsefe","6":"product_cat-filozoflar","7":"pa_cilt-ciltsiz","8":"pa_tur-kitap","9":"pa_yayinevi-dogu-bati-yayinlari","10":"pa_yazar-jacques-derrida","12":"first","13":"instock","14":"sale","15":"shipping-taxable","16":"purchasable","17":"product-type-simple"},"_links":{"self":[{"href":"https:\/\/roveyayinevi.com.tr\/index.php\/wp-json\/wp\/v2\/product\/736636","targetHints":{"allow":["GET"]}}],"collection":[{"href":"https:\/\/roveyayinevi.com.tr\/index.php\/wp-json\/wp\/v2\/product"}],"about":[{"href":"https:\/\/roveyayinevi.com.tr\/index.php\/wp-json\/wp\/v2\/types\/product"}],"wp:attachment":[{"href":"https:\/\/roveyayinevi.com.tr\/index.php\/wp-json\/wp\/v2\/media?parent=736636"}],"wp:term":[{"taxonomy":"product_brand","embeddable":true,"href":"https:\/\/roveyayinevi.com.tr\/index.php\/wp-json\/wp\/v2\/product_brand?post=736636"},{"taxonomy":"product_cat","embeddable":true,"href":"https:\/\/roveyayinevi.com.tr\/index.php\/wp-json\/wp\/v2\/product_cat?post=736636"},{"taxonomy":"product_tag","embeddable":true,"href":"https:\/\/roveyayinevi.com.tr\/index.php\/wp-json\/wp\/v2\/product_tag?post=736636"}],"curies":[{"name":"wp","href":"https:\/\/api.w.org\/{rel}","templated":true}]}}