{"id":736635,"date":"2025-08-27T23:12:11","date_gmt":"2025-08-27T20:12:11","guid":{"rendered":"https:\/\/roveyayinevi.com.tr\/index.php\/urun\/derridanin-nietzschesi\/"},"modified":"2026-04-16T02:45:43","modified_gmt":"2026-04-15T23:45:43","slug":"derridanin-nietzschesi","status":"publish","type":"product","link":"https:\/\/roveyayinevi.com.tr\/index.php\/urun\/derridanin-nietzschesi\/","title":{"rendered":"Derrida&#8217;n\u0131n Nietzsche&#8217;si"},"content":{"rendered":"<p>\u201cNietzsche\u201d ismine ve bu isme ili\u015ftirilen otoriteye ili\u015fkin en tutkulu sorgulama \u00f6rneklerinden baz\u0131lar\u0131, Nietzsche\u2019nin ya da Nietzsche metninin tek bir hakikati olmad\u0131\u011f\u0131 vurgusuyla Derrida\u2019n\u0131n yaz\u0131lar\u0131nda bulunabilir. Derrida\u2019n\u0131n kariyeri boyunca \u201cNietzsche\u201d \u00f6zel ismi \u00f6nemli noktalarda ortaya \u00e7\u0131kar ve Derrida\u2019n\u0131n kendi entelekt\u00fcel soyk\u00fct\u00fc\u011f\u00fcn\u00fcn izini s\u00fcrd\u00fc\u011f\u00fc merkez\u00ee fig\u00fcrlerden birini i\u015faretler.   Nietzsche\u2019yle do\u011frudan kar\u015f\u0131la\u015fma arad\u0131\u011f\u0131 metinlerinde Derrida, bir yandan, art\u0131k kl\u00e2sikle\u015fen Nietzsche sorununa, \u00f6zg\u00fcn yorumlar getirirken, di\u011fer yandan Nietzsche\u2019nin ismi, imzas\u0131 ve metni \u00fczerinden genel yorum politikas\u0131, \u00f6zel isim ve imza, otobiyografi, Devlet\u2019in ideolojik ayg\u0131t\u0131 olarak \u00f6\u011fretim kurumlar\u0131 ve \u00fcniversite, Heideggerci Nietzsche okumas\u0131, Nazizmin Nietzsche\u2019yi temell\u00fc\u011f\u00fc, \u00fcslup sorusu, Varl\u0131k sorusu, hakikat\/kad\u0131n sorusu, sim\u00fclasyon, ayartma, vaat, bula\u015fma, demokrasi\/gelecek demokrasi, felsefe\/gelecek felsefe, adalet, Mesih\u00e7ilik\/mesihsellik, yeni Enternasyonal gibi konular\u0131 tart\u0131\u015f\u0131r.   Derrida\u2019n\u0131n Nietzsche\u2019yle olumlay\u0131c\u0131 bir ortak imza sahibi olarak kar\u015f\u0131la\u015fmalar\u0131 yap\u0131bozumun kendi soyk\u00fct\u00fc\u011f\u00fcyle bir hesapla\u015fmas\u0131 olarak da de\u011ferlendirilebilir. Elinizdeki \u00e7al\u0131\u015fma, Nietzsche\u2019nin isimleri, takma isimleri, e\u015fisimleri, maskeleriyle boy \u00f6l\u00e7\u00fc\u015fen, etkiye a\u00e7\u0131k imzas\u0131n\u0131 taklit ederek, kendi ad\u0131na kullanarak, bir ortak imza geli\u015ftiren Derrida\u2019n\u0131n, Nietzsche\u2019nin korpusunda kendi s\u00f6ylemine bir zemin aralayan metinleri \u00fczerinden \u201cDerrida\u2019n\u0131n Nietzsche\u2019si\u201dni sorunla\u015ft\u0131r\u0131yor. <\/p>\n","protected":false},"excerpt":{"rendered":"<p>\u201cNietzsche\u201d ismine ve bu isme ili\u015ftirilen otoriteye ili\u015fkin en tutkulu sorgulama \u00f6rneklerinden baz\u0131lar\u0131, Nietzsche\u2019nin ya da Nietzsche metninin tek bir hakikati olmad\u0131\u011f\u0131 vurgusuyla Derrida\u2019n\u0131n yaz\u0131lar\u0131nda bulunabilir.<span class=\"excerpt-hellip\"> [\u2026]<\/span><\/p>\n","protected":false},"featured_media":0,"template":"","meta":{"_monsterinsights_skip_tracking":false,"_monsterinsights_sitenote_active":false,"_monsterinsights_sitenote_note":"","_monsterinsights_sitenote_category":0},"product_brand":[],"product_cat":[12388,26788],"product_tag":[],"class_list":{"0":"post-736635","1":"product","2":"type-product","3":"status-publish","5":"product_cat-felsefe","6":"product_cat-filozoflar","7":"pa_cilt-ciltsiz","8":"pa_tur-kitap","9":"pa_yayinevi-dogu-bati-yayinlari","10":"pa_yazar-ali-utku-mukadder-erkan","12":"first","13":"instock","14":"sale","15":"shipping-taxable","16":"purchasable","17":"product-type-simple"},"_links":{"self":[{"href":"https:\/\/roveyayinevi.com.tr\/index.php\/wp-json\/wp\/v2\/product\/736635","targetHints":{"allow":["GET"]}}],"collection":[{"href":"https:\/\/roveyayinevi.com.tr\/index.php\/wp-json\/wp\/v2\/product"}],"about":[{"href":"https:\/\/roveyayinevi.com.tr\/index.php\/wp-json\/wp\/v2\/types\/product"}],"wp:attachment":[{"href":"https:\/\/roveyayinevi.com.tr\/index.php\/wp-json\/wp\/v2\/media?parent=736635"}],"wp:term":[{"taxonomy":"product_brand","embeddable":true,"href":"https:\/\/roveyayinevi.com.tr\/index.php\/wp-json\/wp\/v2\/product_brand?post=736635"},{"taxonomy":"product_cat","embeddable":true,"href":"https:\/\/roveyayinevi.com.tr\/index.php\/wp-json\/wp\/v2\/product_cat?post=736635"},{"taxonomy":"product_tag","embeddable":true,"href":"https:\/\/roveyayinevi.com.tr\/index.php\/wp-json\/wp\/v2\/product_tag?post=736635"}],"curies":[{"name":"wp","href":"https:\/\/api.w.org\/{rel}","templated":true}]}}