{"id":736634,"date":"2025-08-27T23:12:10","date_gmt":"2025-08-27T20:12:10","guid":{"rendered":"https:\/\/roveyayinevi.com.tr\/index.php\/urun\/asena\/"},"modified":"2026-04-16T02:45:43","modified_gmt":"2026-04-15T23:45:43","slug":"asena","status":"publish","type":"product","link":"https:\/\/roveyayinevi.com.tr\/index.php\/urun\/asena\/","title":{"rendered":"Asena"},"content":{"rendered":"<p>\u201cAsena, hayali bir efsane miydi, yoksa ya\u015fam\u0131\u015f da biz mi efsanele\u015ftirmi\u015ftik? Y\u0131llard\u0131r ara\u015ft\u0131rd\u0131\u011f\u0131m bir konuydu. Sonunda Asena\u2019n\u0131n izini buldum. Asena G\u00f6kt\u00fcrk \u0130mparatoru Mukan Ka\u011fan\u2019\u0131n k\u0131z\u0131yd\u0131.   \u00c7in \u0130mparatoru Yuwen Yong, G\u00f6kt\u00fcrk Devleti ile bar\u0131\u015f\u0131 sa\u011flamak i\u00e7in Asena ile evlenmek istiyordu. Ancak Asena evlenmek i\u00e7in \u00fc\u00e7 \u015fart ileri s\u00fcrd\u00fc. \u00d6yle \u015fartlard\u0131 ki, Mukan Ka\u011fan tek ba\u015f\u0131na karar veremezdi. Meclis topland\u0131 Asena\u2019n\u0131n \u015fartlar\u0131n\u0131 g\u00f6r\u00fc\u015f\u00fcp kabul etti. Asena \u00c7in\u2019e gelin gitti. O \u015fartlardan birinin etkisi g\u00fcn\u00fcm\u00fcze kadar s\u00fcr\u00fcp geldi. Asena\u2019y\u0131 \u201cT\u00fcrk Tanr\u0131\u00e7as\u0131\u201d mertebesine \u00e7\u0131karan o \u015fartlar neydi?&#8230; Yazmak bizden, okumak sizden&#8230;\u201d   Y\u00fccel Feyzio\u011flu <\/p>\n","protected":false},"excerpt":{"rendered":"<p>\u201cAsena, hayali bir efsane miydi, yoksa ya\u015fam\u0131\u015f da biz mi efsanele\u015ftirmi\u015ftik? Y\u0131llard\u0131r ara\u015ft\u0131rd\u0131\u011f\u0131m bir konuydu. Sonunda Asena\u2019n\u0131n izini buldum. Asena G\u00f6kt\u00fcrk \u0130mparatoru Mukan Ka\u011fan\u2019\u0131n k\u0131z\u0131yd\u0131. \u00c7in<span class=\"excerpt-hellip\"> [\u2026]<\/span><\/p>\n","protected":false},"featured_media":0,"template":"","meta":{"_monsterinsights_skip_tracking":false,"_monsterinsights_sitenote_active":false,"_monsterinsights_sitenote_note":"","_monsterinsights_sitenote_category":0},"product_brand":[],"product_cat":[12275,12274],"product_tag":[],"class_list":{"0":"post-736634","1":"product","2":"type-product","3":"status-publish","5":"product_cat-6-12-yas-kitaplari","6":"product_cat-cocuk-ve-genclik-kitaplari","7":"pa_cilt-ciltsiz","8":"pa_tur-kitap","9":"pa_yayinevi-dogu-bati-cocuk","10":"pa_yazar-yucel-feyzioglu","12":"first","13":"instock","14":"sale","15":"shipping-taxable","16":"purchasable","17":"product-type-simple"},"_links":{"self":[{"href":"https:\/\/roveyayinevi.com.tr\/index.php\/wp-json\/wp\/v2\/product\/736634","targetHints":{"allow":["GET"]}}],"collection":[{"href":"https:\/\/roveyayinevi.com.tr\/index.php\/wp-json\/wp\/v2\/product"}],"about":[{"href":"https:\/\/roveyayinevi.com.tr\/index.php\/wp-json\/wp\/v2\/types\/product"}],"wp:attachment":[{"href":"https:\/\/roveyayinevi.com.tr\/index.php\/wp-json\/wp\/v2\/media?parent=736634"}],"wp:term":[{"taxonomy":"product_brand","embeddable":true,"href":"https:\/\/roveyayinevi.com.tr\/index.php\/wp-json\/wp\/v2\/product_brand?post=736634"},{"taxonomy":"product_cat","embeddable":true,"href":"https:\/\/roveyayinevi.com.tr\/index.php\/wp-json\/wp\/v2\/product_cat?post=736634"},{"taxonomy":"product_tag","embeddable":true,"href":"https:\/\/roveyayinevi.com.tr\/index.php\/wp-json\/wp\/v2\/product_tag?post=736634"}],"curies":[{"name":"wp","href":"https:\/\/api.w.org\/{rel}","templated":true}]}}