{"id":736625,"date":"2025-08-27T23:11:30","date_gmt":"2025-08-27T20:11:30","guid":{"rendered":"https:\/\/roveyayinevi.com.tr\/index.php\/urun\/mehmed-uzunla-edebiyat-deryasina-yolculuk\/"},"modified":"2026-04-16T02:45:42","modified_gmt":"2026-04-15T23:45:42","slug":"mehmed-uzunla-edebiyat-deryasina-yolculuk","status":"publish","type":"product","link":"https:\/\/roveyayinevi.com.tr\/index.php\/urun\/mehmed-uzunla-edebiyat-deryasina-yolculuk\/","title":{"rendered":"Mehmed Uzun&#8217;la Edebiyat Deryas\u0131na Yolculuk"},"content":{"rendered":"<p>Mehmed Uzun, uzun s\u00fcre \u00f6l\u00fcmle cebelle\u015fti. Herkes el birli\u011fiyle onu ya\u015fatmak istedi. Ne yapt\u0131ysak kurtaramad\u0131k; onu en verimli \u00e7a\u011f\u0131nda kaybettik maalesef. Bu d\u00fcnyaya dair g\u00f6rkemli bir y\u00fcr\u00fcy\u00fc\u015fle aram\u0131zdan ayr\u0131ld\u0131, gitti. O gitti ama an\u0131s\u0131 ve eserleri hala i\u00e7imizde ya\u015f\u0131yor.Peki Mehmed kimdi, nereden gelmi\u015fti buralara ve nas\u0131l gitti? Onunla yolum nas\u0131l kesi\u015fti? O\u2019nun benim ya\u015fam\u0131mda, edebiyata olan ilgimde rol\u00fc neydi? Bunlar\u0131 d\u00fc\u015f\u00fcn\u00fcrken bir de bakt\u0131m ki onunla bir yolculu\u011fa \u00e7\u0131km\u0131\u015f\u0131m. Edebiyat deryas\u0131na bir yolculuk. Gelin siz de kat\u0131l\u0131n bize. Bakal\u0131m nas\u0131l y\u00fcr\u00fcm\u00fc\u015f\u00fcz bu yolda\u2026<\/p>\n","protected":false},"excerpt":{"rendered":"<p>Mehmed Uzun, uzun s\u00fcre \u00f6l\u00fcmle cebelle\u015fti. Herkes el birli\u011fiyle onu ya\u015fatmak istedi. Ne yapt\u0131ysak kurtaramad\u0131k; onu en verimli \u00e7a\u011f\u0131nda kaybettik maalesef. Bu d\u00fcnyaya dair g\u00f6rkemli bir<span class=\"excerpt-hellip\"> [\u2026]<\/span><\/p>\n","protected":false},"featured_media":0,"template":"","meta":{"_monsterinsights_skip_tracking":false,"_monsterinsights_sitenote_active":false,"_monsterinsights_sitenote_note":"","_monsterinsights_sitenote_category":0},"product_brand":[],"product_cat":[12777,12291],"product_tag":[],"class_list":{"0":"post-736625","1":"product","2":"type-product","3":"status-publish","5":"product_cat-deneme","6":"product_cat-edebiyat","7":"pa_cilt-ciltsiz","8":"pa_tur-kitap","9":"pa_yayinevi-sinirsiz-kitap","10":"pa_yazar-ahmet-ozer","12":"first","13":"instock","14":"sale","15":"shipping-taxable","16":"purchasable","17":"product-type-simple"},"_links":{"self":[{"href":"https:\/\/roveyayinevi.com.tr\/index.php\/wp-json\/wp\/v2\/product\/736625","targetHints":{"allow":["GET"]}}],"collection":[{"href":"https:\/\/roveyayinevi.com.tr\/index.php\/wp-json\/wp\/v2\/product"}],"about":[{"href":"https:\/\/roveyayinevi.com.tr\/index.php\/wp-json\/wp\/v2\/types\/product"}],"wp:attachment":[{"href":"https:\/\/roveyayinevi.com.tr\/index.php\/wp-json\/wp\/v2\/media?parent=736625"}],"wp:term":[{"taxonomy":"product_brand","embeddable":true,"href":"https:\/\/roveyayinevi.com.tr\/index.php\/wp-json\/wp\/v2\/product_brand?post=736625"},{"taxonomy":"product_cat","embeddable":true,"href":"https:\/\/roveyayinevi.com.tr\/index.php\/wp-json\/wp\/v2\/product_cat?post=736625"},{"taxonomy":"product_tag","embeddable":true,"href":"https:\/\/roveyayinevi.com.tr\/index.php\/wp-json\/wp\/v2\/product_tag?post=736625"}],"curies":[{"name":"wp","href":"https:\/\/api.w.org\/{rel}","templated":true}]}}