{"id":736624,"date":"2025-08-27T23:11:28","date_gmt":"2025-08-27T20:11:28","guid":{"rendered":"https:\/\/roveyayinevi.com.tr\/index.php\/urun\/bezgin-marti-ve-cilgin-kelebek\/"},"modified":"2026-04-16T02:45:42","modified_gmt":"2026-04-15T23:45:42","slug":"bezgin-marti-ve-cilgin-kelebek","status":"publish","type":"product","link":"https:\/\/roveyayinevi.com.tr\/index.php\/urun\/bezgin-marti-ve-cilgin-kelebek\/","title":{"rendered":"Bezgin Mart\u0131 ve \u00c7\u0131lg\u0131n Kelebek"},"content":{"rendered":"<p>&#8220;Ya\u015fl\u0131 bir mart\u0131 olmal\u0131yd\u0131. G\u00f6vdesinin irili\u011fi, kanat ve ba\u015f t\u00fcylerinin k\u0131r\u00e7\u0131ll\u0131\u011f\u0131ndan \u00e7ok,bak\u0131\u015flar\u0131ndaki yorgunluk dikkatimi \u00e7ekti. Denizi kirleten molozlar\u0131, pet \u015fiyeleri, plastik torbalar\u0131 izlerken g\u00f6zlerimiz kar\u015f\u0131la\u015fm\u0131\u015f, mart\u0131 ba\u015f\u0131n\u0131 hafif bana do\u011fru \u00e7evirip bakt\u0131ktan sonra, yeniden eski halini alm\u0131\u015ft\u0131. Aram\u0131z bir iki metre kadard\u0131, ama onun bana metelik verdi\u011fi, \u00fcrkt\u00fc\u011f\u00fc yoktu. \u00c7evresine kay\u0131ts\u0131z, Barbaros \u0130skelesi&#8217;nin yan\u0131ndaki kayalardan birinin \u00fczerinde hareketsiz duruyordu. Yaln\u0131z ve beklentisiz. K\u00fc\u00e7\u00fck dalgalar yosun kaplam\u0131\u015f kayay\u0131 yalarken, perdeayakl\u0131 mart\u0131 bezgin d\u00fcnyas\u0131na g\u00f6m\u00fclm\u00fc\u015ft\u00fc.&#8221;<\/p>\n","protected":false},"excerpt":{"rendered":"<p>&#8220;Ya\u015fl\u0131 bir mart\u0131 olmal\u0131yd\u0131. G\u00f6vdesinin irili\u011fi, kanat ve ba\u015f t\u00fcylerinin k\u0131r\u00e7\u0131ll\u0131\u011f\u0131ndan \u00e7ok,bak\u0131\u015flar\u0131ndaki yorgunluk dikkatimi \u00e7ekti. Denizi kirleten molozlar\u0131, pet \u015fiyeleri, plastik torbalar\u0131 izlerken g\u00f6zlerimiz kar\u015f\u0131la\u015fm\u0131\u015f, mart\u0131<span class=\"excerpt-hellip\"> [\u2026]<\/span><\/p>\n","protected":false},"featured_media":0,"template":"","meta":{"_monsterinsights_skip_tracking":false,"_monsterinsights_sitenote_active":false,"_monsterinsights_sitenote_note":"","_monsterinsights_sitenote_category":0},"product_brand":[],"product_cat":[12777,12291],"product_tag":[],"class_list":{"0":"post-736624","1":"product","2":"type-product","3":"status-publish","5":"product_cat-deneme","6":"product_cat-edebiyat","7":"pa_cilt-ciltsiz","8":"pa_tur-kitap","9":"pa_yayinevi-yapi-kredi-yayinlari","10":"pa_yazar-artun-unsal","12":"first","13":"instock","14":"sale","15":"shipping-taxable","16":"purchasable","17":"product-type-simple"},"_links":{"self":[{"href":"https:\/\/roveyayinevi.com.tr\/index.php\/wp-json\/wp\/v2\/product\/736624","targetHints":{"allow":["GET"]}}],"collection":[{"href":"https:\/\/roveyayinevi.com.tr\/index.php\/wp-json\/wp\/v2\/product"}],"about":[{"href":"https:\/\/roveyayinevi.com.tr\/index.php\/wp-json\/wp\/v2\/types\/product"}],"wp:attachment":[{"href":"https:\/\/roveyayinevi.com.tr\/index.php\/wp-json\/wp\/v2\/media?parent=736624"}],"wp:term":[{"taxonomy":"product_brand","embeddable":true,"href":"https:\/\/roveyayinevi.com.tr\/index.php\/wp-json\/wp\/v2\/product_brand?post=736624"},{"taxonomy":"product_cat","embeddable":true,"href":"https:\/\/roveyayinevi.com.tr\/index.php\/wp-json\/wp\/v2\/product_cat?post=736624"},{"taxonomy":"product_tag","embeddable":true,"href":"https:\/\/roveyayinevi.com.tr\/index.php\/wp-json\/wp\/v2\/product_tag?post=736624"}],"curies":[{"name":"wp","href":"https:\/\/api.w.org\/{rel}","templated":true}]}}