{"id":736623,"date":"2025-08-27T23:11:27","date_gmt":"2025-08-27T20:11:27","guid":{"rendered":"https:\/\/roveyayinevi.com.tr\/index.php\/urun\/yapamazsin-dediler-yapamadim\/"},"modified":"2026-04-16T02:45:42","modified_gmt":"2026-04-15T23:45:42","slug":"yapamazsin-dediler-yapamadim","status":"publish","type":"product","link":"https:\/\/roveyayinevi.com.tr\/index.php\/urun\/yapamazsin-dediler-yapamadim\/","title":{"rendered":"Yapamazs\u0131n Dediler Yapamad\u0131m"},"content":{"rendered":"<p>\u0130lk kitab\u0131m film oldu, a\u015f\u0131r\u0131 \u00f6nemli biriyim. \u00c7ok takip\u00e7im var Twitter\u2019da; \u0130nstagram\u2019da da mavi tikim var. Takip\u00e7im \u00e7ok oldu\u011fu i\u00e7in yazd\u0131klar\u0131m, s\u00f6ylediklerim, fikirlerim acayip \u00f6nemli benim. Mesela \u00fclkede bir g\u00fcndem olsun, herkes benim d\u00fc\u015f\u00fcncelerimi merak eder. Kanaat \u00f6nderiyim ben. Kitab\u0131m\u0131n arka kapa\u011f\u0131na b\u00f6yle \u015feyler yazarsam ailemin, arkada\u015flar\u0131m\u0131n y\u00fcz\u00fcne nas\u0131l bakar\u0131m diye d\u00fc\u015f\u00fcnmeyen \u00e7ok m\u00fchim organizmalarla dolu bir \u00fclkede ya\u015fad\u0131\u011f\u0131m\u0131z i\u00e7in \u015fa\u015f\u0131rmam\u0131\u015fs\u0131nd\u0131r okurken, eminim buna. Tan\u0131\u015fmad\u0131ysak tan\u0131\u015fal\u0131m; ben kendini g\u00f6mme sporunun d\u00fcnyadaki bir numaral\u0131 markas\u0131 \u00d6m\u00fcr \u00d6zdemir. Bizim gibilerin de\u011feri bilinmiyormu\u015f vars\u0131n bilinmesin; zay\u0131fl\u0131km\u0131\u015f, eziklikmi\u015f vars\u0131n \u00f6yle olsun. Biz burdan devam. Ba\u015fkalar\u0131n\u0131n verece\u011fi de\u011ferin k\u00f6lesi de\u011filiz, biz kendimizi biliriz. \u0130lk kitab\u0131mdaki gibi e\u011flencelik bir kitap yazd\u0131m yine bence. E\u011flenmek isteyenler ya da \u201cHerkes kitap yaz\u0131yor yaa\u201d diye ortamlarda a\u015fa\u011f\u0131lamak isteyen \u00e7ok bilmi\u015fler i\u00e7in bu kitap m\u00fcthi\u015f bir f\u0131rsat. Sevgilerimle&#8230;<\/p>\n","protected":false},"excerpt":{"rendered":"<p>\u0130lk kitab\u0131m film oldu, a\u015f\u0131r\u0131 \u00f6nemli biriyim. \u00c7ok takip\u00e7im var Twitter\u2019da; \u0130nstagram\u2019da da mavi tikim var. Takip\u00e7im \u00e7ok oldu\u011fu i\u00e7in yazd\u0131klar\u0131m, s\u00f6ylediklerim, fikirlerim acayip \u00f6nemli benim.<span class=\"excerpt-hellip\"> [\u2026]<\/span><\/p>\n","protected":false},"featured_media":0,"template":"","meta":{"_monsterinsights_skip_tracking":false,"_monsterinsights_sitenote_active":false,"_monsterinsights_sitenote_note":"","_monsterinsights_sitenote_category":0},"product_brand":[],"product_cat":[18545,12291],"product_tag":[],"class_list":{"0":"post-736623","1":"product","2":"type-product","3":"status-publish","5":"product_cat-anlati","6":"product_cat-edebiyat","7":"pa_cilt-ciltsiz","8":"pa_tur-kitap","9":"pa_yayinevi-inkilap-kitabevi","10":"pa_yazar-omur-ozdemir","12":"first","13":"instock","14":"sale","15":"shipping-taxable","16":"purchasable","17":"product-type-simple"},"_links":{"self":[{"href":"https:\/\/roveyayinevi.com.tr\/index.php\/wp-json\/wp\/v2\/product\/736623","targetHints":{"allow":["GET"]}}],"collection":[{"href":"https:\/\/roveyayinevi.com.tr\/index.php\/wp-json\/wp\/v2\/product"}],"about":[{"href":"https:\/\/roveyayinevi.com.tr\/index.php\/wp-json\/wp\/v2\/types\/product"}],"wp:attachment":[{"href":"https:\/\/roveyayinevi.com.tr\/index.php\/wp-json\/wp\/v2\/media?parent=736623"}],"wp:term":[{"taxonomy":"product_brand","embeddable":true,"href":"https:\/\/roveyayinevi.com.tr\/index.php\/wp-json\/wp\/v2\/product_brand?post=736623"},{"taxonomy":"product_cat","embeddable":true,"href":"https:\/\/roveyayinevi.com.tr\/index.php\/wp-json\/wp\/v2\/product_cat?post=736623"},{"taxonomy":"product_tag","embeddable":true,"href":"https:\/\/roveyayinevi.com.tr\/index.php\/wp-json\/wp\/v2\/product_tag?post=736623"}],"curies":[{"name":"wp","href":"https:\/\/api.w.org\/{rel}","templated":true}]}}