{"id":736621,"date":"2025-08-27T23:11:24","date_gmt":"2025-08-27T20:11:24","guid":{"rendered":"https:\/\/roveyayinevi.com.tr\/index.php\/urun\/savasci-prenses\/"},"modified":"2026-04-16T02:45:42","modified_gmt":"2026-04-15T23:45:42","slug":"savasci-prenses","status":"publish","type":"product","link":"https:\/\/roveyayinevi.com.tr\/index.php\/urun\/savasci-prenses\/","title":{"rendered":"Sava\u015f\u00e7\u0131 Prenses"},"content":{"rendered":"<p>Hem kanserle m\u00fccadele eden \u00e7ocuklara yaln\u0131z olmad\u0131klar\u0131n\u0131 hissettiren hem de \u00e7evresindeki kanser hastas\u0131 \u00e7ocuklara nas\u0131l davranaca\u011f\u0131n\u0131 bilemeyen herkese yol g\u00f6steren cesur bir k\u0131z: Sava\u015f\u00e7\u0131 Prenses!   Kansere yakalanan gen\u00e7 bir k\u0131z\u0131n zihninden ne gibi d\u00fc\u015f\u00fcnceler ge\u00e7er? Arkada\u015flar\u0131 h\u00e2l\u00e2 onunla tak\u0131lmak isteyecek mi? Kanserli bir k\u0131z futbol oynayabilir mi? Peki ya okul? Ev \u00f6devlerini evde ve hastanede yapmay\u0131 nas\u0131l ba\u015faracak? Ah, bir de eski hayat\u0131na d\u00f6nebilir mi l\u00fctfen? Sa\u00e7lar\u0131n\u0131n oldu\u011fu ve kemosuz bir hayata\u2026   Isabel, kanserle ya\u015faman\u0131n berbat bir \u015fey oldu\u011funu ama bunun onun kim oldu\u011funu de\u011fi\u015ftiremeyece\u011fini \u00f6\u011frendi. Ailesi ve arkada\u015flar\u0131n\u0131n deste\u011fiyle -buna kendi cesareti ve muhte\u015fem espri anlay\u0131\u015f\u0131 da eklenince- yan etkilerin de, korkular\u0131n da, kemonun da, kelli\u011fin de getirdi\u011fi b\u00fct\u00fcn zorluklar\u0131 atlatt\u0131.   Duygu G\u00fcnkut&#8217;un duru \u00e7evirisi ve Petek Halman Kara&#8217;n\u0131n edit\u00f6rl\u00fc\u011f\u00fcyle Sava\u015f\u00e7\u0131 Prenses: Kanser ve Kemoterapiyle M\u00fccadele Hikayesi sizi hem g\u00f6zya\u015flar\u0131na bo\u011facak hem de hi\u00e7 beklemedi\u011finiz anlarda g\u00fcl\u00fcmsetecek. <\/p>\n","protected":false},"excerpt":{"rendered":"<p>Hem kanserle m\u00fccadele eden \u00e7ocuklara yaln\u0131z olmad\u0131klar\u0131n\u0131 hissettiren hem de \u00e7evresindeki kanser hastas\u0131 \u00e7ocuklara nas\u0131l davranaca\u011f\u0131n\u0131 bilemeyen herkese yol g\u00f6steren cesur bir k\u0131z: Sava\u015f\u00e7\u0131 Prenses! Kansere<span class=\"excerpt-hellip\"> [\u2026]<\/span><\/p>\n","protected":false},"featured_media":0,"template":"","meta":{"_monsterinsights_skip_tracking":false,"_monsterinsights_sitenote_active":false,"_monsterinsights_sitenote_note":"","_monsterinsights_sitenote_category":0},"product_brand":[],"product_cat":[12275,12274],"product_tag":[],"class_list":{"0":"post-736621","1":"product","2":"type-product","3":"status-publish","5":"product_cat-6-12-yas-kitaplari","6":"product_cat-cocuk-ve-genclik-kitaplari","7":"pa_cilt-ciltsiz","8":"pa_tur-kitap","9":"pa_yayinevi-okuyan-koala","10":"pa_yazar-maribeth-r-ditmars","12":"first","13":"instock","14":"sale","15":"shipping-taxable","16":"purchasable","17":"product-type-simple"},"_links":{"self":[{"href":"https:\/\/roveyayinevi.com.tr\/index.php\/wp-json\/wp\/v2\/product\/736621","targetHints":{"allow":["GET"]}}],"collection":[{"href":"https:\/\/roveyayinevi.com.tr\/index.php\/wp-json\/wp\/v2\/product"}],"about":[{"href":"https:\/\/roveyayinevi.com.tr\/index.php\/wp-json\/wp\/v2\/types\/product"}],"wp:attachment":[{"href":"https:\/\/roveyayinevi.com.tr\/index.php\/wp-json\/wp\/v2\/media?parent=736621"}],"wp:term":[{"taxonomy":"product_brand","embeddable":true,"href":"https:\/\/roveyayinevi.com.tr\/index.php\/wp-json\/wp\/v2\/product_brand?post=736621"},{"taxonomy":"product_cat","embeddable":true,"href":"https:\/\/roveyayinevi.com.tr\/index.php\/wp-json\/wp\/v2\/product_cat?post=736621"},{"taxonomy":"product_tag","embeddable":true,"href":"https:\/\/roveyayinevi.com.tr\/index.php\/wp-json\/wp\/v2\/product_tag?post=736621"}],"curies":[{"name":"wp","href":"https:\/\/api.w.org\/{rel}","templated":true}]}}