{"id":736620,"date":"2025-08-27T23:11:23","date_gmt":"2025-08-27T20:11:23","guid":{"rendered":"https:\/\/roveyayinevi.com.tr\/index.php\/urun\/baslangic-mesafesi\/"},"modified":"2026-04-08T02:54:11","modified_gmt":"2026-04-07T23:54:11","slug":"baslangic-mesafesi","status":"publish","type":"product","link":"https:\/\/roveyayinevi.com.tr\/index.php\/urun\/baslangic-mesafesi\/","title":{"rendered":"Ba\u015flang\u0131\u00e7 Mesafesi"},"content":{"rendered":"<p>mahcuplu\u011fun bir omzu olsa ve yaslansam ona ve t\u00fcm kalbimle d\u00f6nsem y\u00fcz\u00fcm\u00fc yine kalbime kimseye s\u00f6ylemesem her ak\u015fam gidiyorum hepsi bu g\u00f6zc\u00fcler, bek\u00e7iler ve merakl\u0131 bak\u0131\u015flar\u0131n olmad\u0131\u011f\u0131 bir orman var kalanlar\u0131n sessizli\u011fe sakland\u0131\u011f\u0131 ve a\u011fa\u00e7lar\u0131n ancak g\u00f6\u011fe tutunarak b\u00fcy\u00fcd\u00fc\u011f\u00fc bir orman bah\u00e7eler bir de eskitmemek i\u00e7in dar zamanlar\u0131 ki tutunmakt\u0131r asl\u0131, e\u015fyan\u0131n e\u015fyaya insan\u0131n ise insana uzay\u0131p giden d\u00fczl\u00fcklere \u00f6l\u00e7\u00fcs\u00fcn\u00fc hi\u00e7 sormasam<\/p>\n","protected":false},"excerpt":{"rendered":"<p>mahcuplu\u011fun bir omzu olsa ve yaslansam ona ve t\u00fcm kalbimle d\u00f6nsem y\u00fcz\u00fcm\u00fc yine kalbime kimseye s\u00f6ylemesem her ak\u015fam gidiyorum hepsi bu g\u00f6zc\u00fcler, bek\u00e7iler ve merakl\u0131 bak\u0131\u015flar\u0131n<span class=\"excerpt-hellip\"> [\u2026]<\/span><\/p>\n","protected":false},"featured_media":0,"template":"","meta":{"_monsterinsights_skip_tracking":false,"_monsterinsights_sitenote_active":false,"_monsterinsights_sitenote_note":"","_monsterinsights_sitenote_category":0},"product_brand":[],"product_cat":[12291,12509],"product_tag":[],"class_list":{"0":"post-736620","1":"product","2":"type-product","3":"status-publish","5":"product_cat-edebiyat","6":"product_cat-siir","7":"pa_cilt-ciltsiz","8":"pa_tur-kitap","9":"pa_yayinevi-ketebe-yayinlari","10":"pa_yazar-yasin-onat","12":"first","13":"instock","14":"sale","15":"shipping-taxable","16":"purchasable","17":"product-type-simple"},"_links":{"self":[{"href":"https:\/\/roveyayinevi.com.tr\/index.php\/wp-json\/wp\/v2\/product\/736620","targetHints":{"allow":["GET"]}}],"collection":[{"href":"https:\/\/roveyayinevi.com.tr\/index.php\/wp-json\/wp\/v2\/product"}],"about":[{"href":"https:\/\/roveyayinevi.com.tr\/index.php\/wp-json\/wp\/v2\/types\/product"}],"wp:attachment":[{"href":"https:\/\/roveyayinevi.com.tr\/index.php\/wp-json\/wp\/v2\/media?parent=736620"}],"wp:term":[{"taxonomy":"product_brand","embeddable":true,"href":"https:\/\/roveyayinevi.com.tr\/index.php\/wp-json\/wp\/v2\/product_brand?post=736620"},{"taxonomy":"product_cat","embeddable":true,"href":"https:\/\/roveyayinevi.com.tr\/index.php\/wp-json\/wp\/v2\/product_cat?post=736620"},{"taxonomy":"product_tag","embeddable":true,"href":"https:\/\/roveyayinevi.com.tr\/index.php\/wp-json\/wp\/v2\/product_tag?post=736620"}],"curies":[{"name":"wp","href":"https:\/\/api.w.org\/{rel}","templated":true}]}}