{"id":736618,"date":"2025-08-27T23:11:21","date_gmt":"2025-08-27T20:11:21","guid":{"rendered":"https:\/\/roveyayinevi.com.tr\/index.php\/urun\/iktisat-ve-toplum-dergisi-135-sayi-yeni-ekonomi-modeli\/"},"modified":"2026-04-16T02:45:42","modified_gmt":"2026-04-15T23:45:42","slug":"iktisat-ve-toplum-dergisi-135-sayi-yeni-ekonomi-modeli","status":"publish","type":"product","link":"https:\/\/roveyayinevi.com.tr\/index.php\/urun\/iktisat-ve-toplum-dergisi-135-sayi-yeni-ekonomi-modeli\/","title":{"rendered":"\u0130ktisat ve Toplum Dergisi 135. Say\u0131 &#8211; Yeni Ekonomi Modeli"},"content":{"rendered":"<p>H\u00fck\u00fcmetin Yeni Ekonomik Modeli Mahfi E\u011filmez   Yeni Ekonomik Model: Sonu Belli Bir Macera Semih T\u00fcmen   Ekonomiye Model Aray\u0131\u015f\u0131 S\u00fcr\u00fcyor Osman Aydo\u011fu\u015f   Faiz-D\u00f6viz K\u0131skac\u0131nda T\u00fcrkiye Ekonomisi \u00d6zg\u00fcr Orhangazi   Yuvarlak Masa: \u00d6mer Faruk \u00c7olak, U\u011fur G\u00fcrses, Serdar Sayan   \u0130hracata Dayal\u0131 B\u00fcy\u00fcme Modeli ve Yap\u0131sal Sorunlar Bayram Ali E\u015fiyok   Enflasyon, D\u0131\u015f Bor\u00e7 ve Hukuk Reformu S\u00fcbidey Togan, Sel\u00e7uk Caner   \u00dccret \u00c7eki\u015fli Talep, K\u00e2r \u00c7eki\u015fli Talebe Kar\u015f\u0131: Kapsaml\u0131 Bir Ampirik Analiz Cem Oyvat, O\u011fuz \u00d6ztunal\u0131, Ceyhun Elgin   Sosyal Bilimciler Konu\u015fuyor: Hasan Ersel   Collatz Konjonkt\u00fcr\u00fc ve Faiz Paritesi \u00dczerinden Kur Tahminleri Ne Anlama Gelir? Cem Mehmet Baydur   Alman Hiperenflasyonu Mesut (Cemil) Bey\u2019in Hayat\u0131n\u0131 Nas\u0131l Etkiledi? F. Kemal K\u0131z\u0131lca   Avrupa Birli\u011fi Hukukunun T\u00fcrkiye Yans\u0131malar\u0131 Sema Aksoy   S\u00fcrd\u00fcr\u00fclebilirlik ve Karada Ya\u015fam: T\u00fcrkiye\u2019deki Geli\u015fmeler (BM SKA 15: 2015-2018) Ece Karake\u00e7ili, Ba\u015fak Oflaz, Bengisu Kestir, Elif G\u00fcl\u015fah Aslan, Asl\u0131 Ya\u011fmur \u00d6zcan, Kaan G\u00fcner Alkan<\/p>\n","protected":false},"excerpt":{"rendered":"<p>H\u00fck\u00fcmetin Yeni Ekonomik Modeli Mahfi E\u011filmez Yeni Ekonomik Model: Sonu Belli Bir Macera Semih T\u00fcmen Ekonomiye Model Aray\u0131\u015f\u0131 S\u00fcr\u00fcyor Osman Aydo\u011fu\u015f Faiz-D\u00f6viz K\u0131skac\u0131nda T\u00fcrkiye Ekonomisi \u00d6zg\u00fcr<span class=\"excerpt-hellip\"> [\u2026]<\/span><\/p>\n","protected":false},"featured_media":0,"template":"","meta":{"_monsterinsights_skip_tracking":false,"_monsterinsights_sitenote_active":false,"_monsterinsights_sitenote_note":"","_monsterinsights_sitenote_category":0},"product_brand":[],"product_cat":[13527],"product_tag":[],"class_list":{"0":"post-736618","1":"product","2":"type-product","3":"status-publish","5":"product_cat-sureli-yayinlar","6":"pa_cilt-ciltsiz","7":"pa_tur-dergi","8":"pa_yayinevi-efil-yayinevi-dergi","9":"pa_yazar-efil-yayinevi-kolektif","11":"first","12":"instock","13":"sale","14":"shipping-taxable","15":"purchasable","16":"product-type-simple"},"_links":{"self":[{"href":"https:\/\/roveyayinevi.com.tr\/index.php\/wp-json\/wp\/v2\/product\/736618","targetHints":{"allow":["GET"]}}],"collection":[{"href":"https:\/\/roveyayinevi.com.tr\/index.php\/wp-json\/wp\/v2\/product"}],"about":[{"href":"https:\/\/roveyayinevi.com.tr\/index.php\/wp-json\/wp\/v2\/types\/product"}],"wp:attachment":[{"href":"https:\/\/roveyayinevi.com.tr\/index.php\/wp-json\/wp\/v2\/media?parent=736618"}],"wp:term":[{"taxonomy":"product_brand","embeddable":true,"href":"https:\/\/roveyayinevi.com.tr\/index.php\/wp-json\/wp\/v2\/product_brand?post=736618"},{"taxonomy":"product_cat","embeddable":true,"href":"https:\/\/roveyayinevi.com.tr\/index.php\/wp-json\/wp\/v2\/product_cat?post=736618"},{"taxonomy":"product_tag","embeddable":true,"href":"https:\/\/roveyayinevi.com.tr\/index.php\/wp-json\/wp\/v2\/product_tag?post=736618"}],"curies":[{"name":"wp","href":"https:\/\/api.w.org\/{rel}","templated":true}]}}