{"id":736617,"date":"2025-08-27T23:11:20","date_gmt":"2025-08-27T20:11:20","guid":{"rendered":"https:\/\/roveyayinevi.com.tr\/index.php\/urun\/kentsel-siyaset\/"},"modified":"2026-04-16T02:45:42","modified_gmt":"2026-04-15T23:45:42","slug":"kentsel-siyaset","status":"publish","type":"product","link":"https:\/\/roveyayinevi.com.tr\/index.php\/urun\/kentsel-siyaset\/","title":{"rendered":"Kentsel Siyaset"},"content":{"rendered":"<p>\u00b7   Neoliberal kentte yurtta\u015fl\u0131k (varsa) ve yurtta\u015f olabilme ihtimalleri, \u00b7   \u201cRepertuar\u201d kavram\u0131 \u00fczerinden kentsel toplumsal hareketler, \u00b7   Kentsel yoksullu\u011fa eklemlenen kent m\u00fcltecili\u011fi, \u00b7   Kentin toplumsal cinsiyet e\u015fitsizli\u011fi \u00fcreten y\u00f6n\u00fc, \u00b7   K\u00fcreselle\u015fme s\u00fcrecinde mek\u00e2nsal farkl\u0131la\u015fman\u0131n kentsel vars\u0131ll\u0131kla ili\u015fkisi, \u00b7   Bili\u015fim teknolojilerinin kenti ve ulus-devletleri nas\u0131l bu kadar etkiledi\u011fi ve \u00b7   Kat\u0131l\u0131mc\u0131l\u0131\u011f\u0131 esas alan bir demokrasinin i\u00e7selle\u015ftirilmemesi durumunda ortaya \u00e7\u0131kan ma\u011fdur mek\u00e2nlar ele al\u0131nm\u0131\u015ft\u0131r.   Toplumsalla\u015famayan, siyasaya d\u00f6n\u00fc\u015fme sanc\u0131s\u0131 ya\u015fayan kentsel meseleleri g\u00fcndeme getirmeyi, karart\u0131ya d\u00f6n\u00fc\u015fm\u00fc\u015f bo\u015fluklara \u0131\u015f\u0131k tutulmas\u0131 i\u00e7in objektifi kentin g\u00f6z \u00f6n\u00fcnde ama g\u00f6r\u00fcnmez olan yanlar\u0131na \u00e7evirmeyi ama\u00e7 edinerek haz\u0131rlad\u0131\u011f\u0131m\u0131z bu kitab\u0131, her birimiz \u00fczerine s\u00fcrekli d\u00fc\u015f\u00fcnd\u00fc\u011f\u00fcm\u00fcz meselelerin kendi ya\u015famlar\u0131m\u0131za de\u011fen noktalar\u0131n\u0131n yaratt\u0131\u011f\u0131 daha \u00e7ok \u0131st\u0131raplarla ve maalesef daha az olan ho\u015fnutluklarla ba\u011flar kurarak ortaya \u00e7\u0131kard\u0131k. Akademik yaz\u0131n\u0131n ihtiya\u00e7 duydu\u011fu ayd\u0131nlanmam\u0131\u015f bo\u015fluklar\u0131n, karart\u0131lar\u0131n daha fazla g\u00f6r\u00fcn\u00fcr k\u0131l\u0131nmas\u0131, \u0131\u015f\u0131kla bulu\u015fmas\u0131 ve en az\u0131ndan bir kez daha konu\u015fulmas\u0131 gerekti\u011fi y\u00f6n\u00fcndeki d\u00fc\u015f\u00fcncemizin bir \u00fcr\u00fcn\u00fc olarak yaz\u0131lar\u0131m\u0131z\u0131 kaleme ald\u0131k. Umar\u0131z bu yeni olgular\u0131n kuramsal ve kavramsal \u015fafa\u011f\u0131 s\u00f6kerken bizim de ayd\u0131nl\u0131\u011fa bir katk\u0131m\u0131z olmu\u015ftur.<\/p>\n","protected":false},"excerpt":{"rendered":"<p>\u00b7 Neoliberal kentte yurtta\u015fl\u0131k (varsa) ve yurtta\u015f olabilme ihtimalleri, \u00b7 \u201cRepertuar\u201d kavram\u0131 \u00fczerinden kentsel toplumsal hareketler, \u00b7 Kentsel yoksullu\u011fa eklemlenen kent m\u00fcltecili\u011fi, \u00b7 Kentin toplumsal cinsiyet<span class=\"excerpt-hellip\"> [\u2026]<\/span><\/p>\n","protected":false},"featured_media":0,"template":"","meta":{"_monsterinsights_skip_tracking":false,"_monsterinsights_sitenote_active":false,"_monsterinsights_sitenote_note":"","_monsterinsights_sitenote_category":0},"product_brand":[],"product_cat":[13059,12337],"product_tag":[],"class_list":{"0":"post-736617","1":"product","2":"type-product","3":"status-publish","5":"product_cat-diger-politika-siyaset","6":"product_cat-politika-siyaset","7":"pa_cilt-ciltsiz","8":"pa_tur-kitap","9":"pa_yayinevi-efil-yayinevi","10":"pa_yazar-efil-yayinevi-kolektif","12":"first","13":"instock","14":"sale","15":"shipping-taxable","16":"purchasable","17":"product-type-simple"},"_links":{"self":[{"href":"https:\/\/roveyayinevi.com.tr\/index.php\/wp-json\/wp\/v2\/product\/736617","targetHints":{"allow":["GET"]}}],"collection":[{"href":"https:\/\/roveyayinevi.com.tr\/index.php\/wp-json\/wp\/v2\/product"}],"about":[{"href":"https:\/\/roveyayinevi.com.tr\/index.php\/wp-json\/wp\/v2\/types\/product"}],"wp:attachment":[{"href":"https:\/\/roveyayinevi.com.tr\/index.php\/wp-json\/wp\/v2\/media?parent=736617"}],"wp:term":[{"taxonomy":"product_brand","embeddable":true,"href":"https:\/\/roveyayinevi.com.tr\/index.php\/wp-json\/wp\/v2\/product_brand?post=736617"},{"taxonomy":"product_cat","embeddable":true,"href":"https:\/\/roveyayinevi.com.tr\/index.php\/wp-json\/wp\/v2\/product_cat?post=736617"},{"taxonomy":"product_tag","embeddable":true,"href":"https:\/\/roveyayinevi.com.tr\/index.php\/wp-json\/wp\/v2\/product_tag?post=736617"}],"curies":[{"name":"wp","href":"https:\/\/api.w.org\/{rel}","templated":true}]}}