{"id":736615,"date":"2025-08-27T23:11:18","date_gmt":"2025-08-27T20:11:18","guid":{"rendered":"https:\/\/roveyayinevi.com.tr\/index.php\/urun\/kuresel-ekonominin-bagisikligi\/"},"modified":"2026-04-16T02:45:42","modified_gmt":"2026-04-15T23:45:42","slug":"kuresel-ekonominin-bagisikligi","status":"publish","type":"product","link":"https:\/\/roveyayinevi.com.tr\/index.php\/urun\/kuresel-ekonominin-bagisikligi\/","title":{"rendered":"K\u00fcresel Ekonominin Ba\u011f\u0131\u015f\u0131kl\u0131\u011f\u0131"},"content":{"rendered":"<p>B\u00d6L\u00dcM 1: Her \u015eey 2007\u2019de Ba\u015flad\u0131   B\u00d6L\u00dcM 2: \u0130kinci Perde: Avrupa Bor\u00e7 Krizi Sahnede   B\u00d6L\u00dcM 3: Bitmeyen Sorunlar   B\u00d6L\u00dcM 4: Anomaliler   B\u00d6L\u00dcM 5: Derin Durgunluk   B\u00d6L\u00dcM 6: Krizin Yeni Ad\u0131: COV\u0130D-19   B\u00d6L\u00dcM 7: \u0130lk Etkiler \u2013 \u0130lk Ad\u0131mlar B\u00d6L\u00dcM 8: Neleri G\u00f6z Ard\u0131 Ediyoruz?   B\u00d6L\u00dcM 9: K\u00fcresel Risk ve F\u0131rsatlar   B\u00d6L\u00dcM 10: Bundan Sonra Neler Olacak? <\/p>\n","protected":false},"excerpt":{"rendered":"<p>B\u00d6L\u00dcM 1: Her \u015eey 2007\u2019de Ba\u015flad\u0131 B\u00d6L\u00dcM 2: \u0130kinci Perde: Avrupa Bor\u00e7 Krizi Sahnede B\u00d6L\u00dcM 3: Bitmeyen Sorunlar B\u00d6L\u00dcM 4: Anomaliler B\u00d6L\u00dcM 5: Derin Durgunluk B\u00d6L\u00dcM<span class=\"excerpt-hellip\"> [\u2026]<\/span><\/p>\n","protected":false},"featured_media":0,"template":"","meta":{"_monsterinsights_skip_tracking":false,"_monsterinsights_sitenote_active":false,"_monsterinsights_sitenote_note":"","_monsterinsights_sitenote_category":0},"product_brand":[],"product_cat":[13043,65318],"product_tag":[],"class_list":{"0":"post-736615","1":"product","2":"type-product","3":"status-publish","5":"product_cat-ekonomi","6":"product_cat-kuresellesme","7":"pa_cilt-ciltsiz","8":"pa_tur-kitap","9":"pa_yayinevi-gazi-kitabevi","10":"pa_yazar-mehmet-songur-burak-sertkaya","12":"first","13":"instock","14":"sale","15":"shipping-taxable","16":"purchasable","17":"product-type-simple"},"_links":{"self":[{"href":"https:\/\/roveyayinevi.com.tr\/index.php\/wp-json\/wp\/v2\/product\/736615","targetHints":{"allow":["GET"]}}],"collection":[{"href":"https:\/\/roveyayinevi.com.tr\/index.php\/wp-json\/wp\/v2\/product"}],"about":[{"href":"https:\/\/roveyayinevi.com.tr\/index.php\/wp-json\/wp\/v2\/types\/product"}],"wp:attachment":[{"href":"https:\/\/roveyayinevi.com.tr\/index.php\/wp-json\/wp\/v2\/media?parent=736615"}],"wp:term":[{"taxonomy":"product_brand","embeddable":true,"href":"https:\/\/roveyayinevi.com.tr\/index.php\/wp-json\/wp\/v2\/product_brand?post=736615"},{"taxonomy":"product_cat","embeddable":true,"href":"https:\/\/roveyayinevi.com.tr\/index.php\/wp-json\/wp\/v2\/product_cat?post=736615"},{"taxonomy":"product_tag","embeddable":true,"href":"https:\/\/roveyayinevi.com.tr\/index.php\/wp-json\/wp\/v2\/product_tag?post=736615"}],"curies":[{"name":"wp","href":"https:\/\/api.w.org\/{rel}","templated":true}]}}