{"id":736613,"date":"2025-08-27T23:11:16","date_gmt":"2025-08-27T20:11:16","guid":{"rendered":"https:\/\/roveyayinevi.com.tr\/index.php\/urun\/kirklareli-kent-calismalari\/"},"modified":"2026-04-16T02:45:42","modified_gmt":"2026-04-15T23:45:42","slug":"kirklareli-kent-calismalari","status":"publish","type":"product","link":"https:\/\/roveyayinevi.com.tr\/index.php\/urun\/kirklareli-kent-calismalari\/","title":{"rendered":"K\u0131rklareli Kent \u00c7al\u0131\u015fmalar\u0131"},"content":{"rendered":"<p>\u00b7         Osmanl\u0131\u2019dan Cumhuriyet\u2019e K\u0131rkkilise (Krklareli) \u00b7         20. Y\u00fczy\u0131l Ba\u015flar\u0131nda Balkanlardan G\u00f6\u00e7 Hareketleri ve K\u0131rklareli\u2019ne Sosyo-Ekonomik Etkileri \u00b7         \u015eeb-i Yeld\u00e2da Kalm\u0131\u015f Bir \u00d6m\u00fcr: Mehmed Bah\u00e2eddin (\u00d6zkan) ve Hurde-i E\u015f\u2019\u00e2r \u00dczerine \u00b7         Krklareli\u2019nde G\u00f6\u00e7 Hareketlerinin \u0130tme-\u00c7ekme Kuram \u00c7er\u00e7evesinde \u0130ncelenmesi \u00b7         Uluslararas\u0131 \u00d6\u011frencilerin \u201cG\u0131da Neofobisi\u201d ve Yeme Al\u0131\u015fkanl\u0131klar\u0131: K\u0131rklareli \u00d6rne\u011fi \u00b7         Kentsel B\u00fcy\u00fcmenin Getirdi\u011fi Mek\u00e2n De\u011fi\u015fimi:K\u0131rklareli Yayla Mahallesi\u2019ndeki Roman Mek\u00e2n\u0131n\u0131n \u2018S\u0131f\u0131rdan Zirveye\u2019 Yolculu\u011fu \u00b7         Krklareli\u2019nde K\u00fclt\u00fcrel Miras\u0131n Ya\u015fat\u0131lmas\u0131: Ge\u00e7mi\u015ften G\u00fcn\u00fcm\u00fcze Pehlivank\u00f6y Pavli Panay\u0131r \u00b7         Krklareli Merkezinde D\u00fczen \u0130mgesi Olarak Ba\u011fl\u0131ca Deresi \u00b7         \u00c7e\u015fitli Sosyo-Ekonomik G\u00f6stergeler Ba\u011flam\u0131nda K\u0131rklareli&#8217;nin Geli\u015fmi\u015flik D\u00fczeyi \u00b7         K\u0131rklareli \u0130li \u0130stihdam Yap\u0131s\u0131n\u0131n Analizi \u00b7         Gelir B\u00f6l\u00fc\u015f\u00fcm\u00fc, \u0130stihdam ve Yoksulluk A\u00e7\u0131s\u0131ndan Perakende Zincir Marketlerin Kent Ekonomisine Etkisi \u00b7         K\u0131rklareli\u2019nin Yenilenebilir Enerji Potansiyeli <\/p>\n","protected":false},"excerpt":{"rendered":"<p>\u00b7 Osmanl\u0131\u2019dan Cumhuriyet\u2019e K\u0131rkkilise (Krklareli) \u00b7 20. Y\u00fczy\u0131l Ba\u015flar\u0131nda Balkanlardan G\u00f6\u00e7 Hareketleri ve K\u0131rklareli\u2019ne Sosyo-Ekonomik Etkileri \u00b7 \u015eeb-i Yeld\u00e2da Kalm\u0131\u015f Bir \u00d6m\u00fcr: Mehmed Bah\u00e2eddin (\u00d6zkan) ve<span class=\"excerpt-hellip\"> [\u2026]<\/span><\/p>\n","protected":false},"featured_media":0,"template":"","meta":{"_monsterinsights_skip_tracking":false,"_monsterinsights_sitenote_active":false,"_monsterinsights_sitenote_note":"","_monsterinsights_sitenote_category":0},"product_brand":[],"product_cat":[12767,12324],"product_tag":[],"class_list":{"0":"post-736613","1":"product","2":"type-product","3":"status-publish","5":"product_cat-kentlesme-modernlesme","6":"product_cat-sosyoloji","7":"pa_cilt-ciltsiz","8":"pa_tur-kitap","9":"pa_yayinevi-gazi-kitabevi","10":"pa_yazar-furkan-yildiz","12":"first","13":"instock","14":"sale","15":"shipping-taxable","16":"purchasable","17":"product-type-simple"},"_links":{"self":[{"href":"https:\/\/roveyayinevi.com.tr\/index.php\/wp-json\/wp\/v2\/product\/736613","targetHints":{"allow":["GET"]}}],"collection":[{"href":"https:\/\/roveyayinevi.com.tr\/index.php\/wp-json\/wp\/v2\/product"}],"about":[{"href":"https:\/\/roveyayinevi.com.tr\/index.php\/wp-json\/wp\/v2\/types\/product"}],"wp:attachment":[{"href":"https:\/\/roveyayinevi.com.tr\/index.php\/wp-json\/wp\/v2\/media?parent=736613"}],"wp:term":[{"taxonomy":"product_brand","embeddable":true,"href":"https:\/\/roveyayinevi.com.tr\/index.php\/wp-json\/wp\/v2\/product_brand?post=736613"},{"taxonomy":"product_cat","embeddable":true,"href":"https:\/\/roveyayinevi.com.tr\/index.php\/wp-json\/wp\/v2\/product_cat?post=736613"},{"taxonomy":"product_tag","embeddable":true,"href":"https:\/\/roveyayinevi.com.tr\/index.php\/wp-json\/wp\/v2\/product_tag?post=736613"}],"curies":[{"name":"wp","href":"https:\/\/api.w.org\/{rel}","templated":true}]}}