{"id":736612,"date":"2025-08-27T23:11:16","date_gmt":"2025-08-27T20:11:16","guid":{"rendered":"https:\/\/roveyayinevi.com.tr\/index.php\/urun\/tuketici-tercihi-ve-ekmek-israfi\/"},"modified":"2026-04-16T02:45:41","modified_gmt":"2026-04-15T23:45:41","slug":"tuketici-tercihi-ve-ekmek-israfi","status":"publish","type":"product","link":"https:\/\/roveyayinevi.com.tr\/index.php\/urun\/tuketici-tercihi-ve-ekmek-israfi\/","title":{"rendered":"T\u00fcketici Tercihi ve Ekmek \u0130sraf\u0131"},"content":{"rendered":"<p>B\u00d6L\u00dcM 1: ARA\u015eTIRMANIN \u00c7ER\u00c7EVES\u0130   B\u00d6L\u00dcM 2: EKMEK T\u00dcKET\u0130M\u0130 VE EKMEK \u0130SRAFI   B\u00d6L\u00dcM 3: ARA\u015eTIRMANIN METODOLOJ\u0130S\u0130   B\u00d6L\u00dcM 4 : ARA\u015eTIRMA BULGULARI <\/p>\n","protected":false},"excerpt":{"rendered":"<p>B\u00d6L\u00dcM 1: ARA\u015eTIRMANIN \u00c7ER\u00c7EVES\u0130 B\u00d6L\u00dcM 2: EKMEK T\u00dcKET\u0130M\u0130 VE EKMEK \u0130SRAFI B\u00d6L\u00dcM 3: ARA\u015eTIRMANIN METODOLOJ\u0130S\u0130 B\u00d6L\u00dcM 4 : ARA\u015eTIRMA BULGULARI<\/p>\n","protected":false},"featured_media":0,"template":"","meta":{"_monsterinsights_skip_tracking":false,"_monsterinsights_sitenote_active":false,"_monsterinsights_sitenote_note":"","_monsterinsights_sitenote_category":0},"product_brand":[],"product_cat":[13043],"product_tag":[],"class_list":{"0":"post-736612","1":"product","2":"type-product","3":"status-publish","5":"product_cat-ekonomi","6":"pa_cilt-ciltsiz","7":"pa_tur-kitap","8":"pa_yayinevi-gazi-kitabevi","9":"pa_yazar-hilal-vergi-besir-koc","11":"first","12":"instock","13":"sale","14":"shipping-taxable","15":"purchasable","16":"product-type-simple"},"_links":{"self":[{"href":"https:\/\/roveyayinevi.com.tr\/index.php\/wp-json\/wp\/v2\/product\/736612","targetHints":{"allow":["GET"]}}],"collection":[{"href":"https:\/\/roveyayinevi.com.tr\/index.php\/wp-json\/wp\/v2\/product"}],"about":[{"href":"https:\/\/roveyayinevi.com.tr\/index.php\/wp-json\/wp\/v2\/types\/product"}],"wp:attachment":[{"href":"https:\/\/roveyayinevi.com.tr\/index.php\/wp-json\/wp\/v2\/media?parent=736612"}],"wp:term":[{"taxonomy":"product_brand","embeddable":true,"href":"https:\/\/roveyayinevi.com.tr\/index.php\/wp-json\/wp\/v2\/product_brand?post=736612"},{"taxonomy":"product_cat","embeddable":true,"href":"https:\/\/roveyayinevi.com.tr\/index.php\/wp-json\/wp\/v2\/product_cat?post=736612"},{"taxonomy":"product_tag","embeddable":true,"href":"https:\/\/roveyayinevi.com.tr\/index.php\/wp-json\/wp\/v2\/product_tag?post=736612"}],"curies":[{"name":"wp","href":"https:\/\/api.w.org\/{rel}","templated":true}]}}