{"id":736611,"date":"2025-08-27T23:11:15","date_gmt":"2025-08-27T20:11:15","guid":{"rendered":"https:\/\/roveyayinevi.com.tr\/index.php\/urun\/dezavantajli-gocmenlerin-uyumuna-yonelik-istihdam-politikalari\/"},"modified":"2026-04-16T02:45:41","modified_gmt":"2026-04-15T23:45:41","slug":"dezavantajli-gocmenlerin-uyumuna-yonelik-istihdam-politikalari","status":"publish","type":"product","link":"https:\/\/roveyayinevi.com.tr\/index.php\/urun\/dezavantajli-gocmenlerin-uyumuna-yonelik-istihdam-politikalari\/","title":{"rendered":"Dezavantajl\u0131 G\u00f6\u00e7menlerin Uyumuna Y\u00f6nelik \u0130stihdam Politikalar\u0131"},"content":{"rendered":"<p>B\u00d6L\u00dcM 1: Emek Piyasas\u0131na Kavramsal Bir Yakla\u015f\u0131m   B\u00d6L\u00dcM 2: \u0130stihdam ve \u0130stihdam Politikalar\u0131   B\u00d6L\u00dcM 3: G\u00f6\u00e7 ve \u0130stihdam   B\u00d6L\u00dcM 4 : G\u00f6\u00e7, G\u00f6\u00e7 T\u00fcrleri ve Kuramlar\u0131   B\u00d6L\u00dcM 5 : \u00c7al\u0131\u015fma \u0130zni D\u00fczenlemeleri Farkl\u0131 Olan Yabanc\u0131lar   B\u00d6L\u00dcM 6 : G\u00f6\u00e7 Kuramlar\u0131 B\u00d6L\u00dcM 7 : OECD \u00dclkelerinde Emek Piyasas\u0131nda Kad\u0131n G\u00f6\u00e7menlere Y\u00f6nelik \u0130stihdam Politikalar\u0131   B\u00d6L\u00dcM 8 : OECD \u00dclkelerinde Gen\u00e7 G\u00f6\u00e7menlere Y\u00f6nelik \u0130stihdam Politikalar\u0131   B\u00d6L\u00dcM 9 : Engelli G\u00f6\u00e7menlere Y\u00f6nelik \u0130stihdam Politikalar\u0131   B\u00d6L\u00dcM 10 : \u0130\u015f G\u00fcc\u00fc Piyasas\u0131nda G\u00f6\u00e7menlere Y\u00f6nelik Ayr\u0131mc\u0131l\u0131k   B\u00d6L\u00dcM 11 : Ekolojik Kriz ve \u0130klim De\u011fi\u015fikli\u011fi Kaynakl\u0131 G\u00f6\u00e7\u00fcn Hannah Arendt\u2019in Yurtta\u015fl\u0131k ve Vatans\u0131zl\u0131k D\u00fc\u015f\u00fcncesi Ba\u011flam\u0131nda \u0130ncelenmesi   B\u00d6L\u00dcM 12 : \u0130\u015f G\u00fcc\u00fc Piyasas\u0131nda End\u00fcstri 4.0 ve Beyin G\u00f6\u00e7\u00fc Olgusuna Dair Bibliyometrik Analiz Y\u00f6ntemi   B\u00d6L\u00dcM 13 : T\u00fcrkiye\u2019de Kad\u0131n G\u00f6\u00e7menlerin \u0130stihdam\u0131: Zorluklar ve E\u015fitsizlikler <\/p>\n","protected":false},"excerpt":{"rendered":"<p>B\u00d6L\u00dcM 1: Emek Piyasas\u0131na Kavramsal Bir Yakla\u015f\u0131m B\u00d6L\u00dcM 2: \u0130stihdam ve \u0130stihdam Politikalar\u0131 B\u00d6L\u00dcM 3: G\u00f6\u00e7 ve \u0130stihdam B\u00d6L\u00dcM 4 : G\u00f6\u00e7, G\u00f6\u00e7 T\u00fcrleri ve Kuramlar\u0131<span class=\"excerpt-hellip\"> [\u2026]<\/span><\/p>\n","protected":false},"featured_media":0,"template":"","meta":{"_monsterinsights_skip_tracking":false,"_monsterinsights_sitenote_active":false,"_monsterinsights_sitenote_note":"","_monsterinsights_sitenote_category":0},"product_brand":[],"product_cat":[13590,12337],"product_tag":[],"class_list":{"0":"post-736611","1":"product","2":"type-product","3":"status-publish","5":"product_cat-arastirma-inceleme-politika-siyaset","6":"product_cat-politika-siyaset","7":"pa_cilt-ciltsiz","8":"pa_tur-kitap","9":"pa_yayinevi-gazi-kitabevi","10":"pa_yazar-abdulkadir-develi-nihal-altuntepe","12":"first","13":"instock","14":"sale","15":"shipping-taxable","16":"purchasable","17":"product-type-simple"},"_links":{"self":[{"href":"https:\/\/roveyayinevi.com.tr\/index.php\/wp-json\/wp\/v2\/product\/736611","targetHints":{"allow":["GET"]}}],"collection":[{"href":"https:\/\/roveyayinevi.com.tr\/index.php\/wp-json\/wp\/v2\/product"}],"about":[{"href":"https:\/\/roveyayinevi.com.tr\/index.php\/wp-json\/wp\/v2\/types\/product"}],"wp:attachment":[{"href":"https:\/\/roveyayinevi.com.tr\/index.php\/wp-json\/wp\/v2\/media?parent=736611"}],"wp:term":[{"taxonomy":"product_brand","embeddable":true,"href":"https:\/\/roveyayinevi.com.tr\/index.php\/wp-json\/wp\/v2\/product_brand?post=736611"},{"taxonomy":"product_cat","embeddable":true,"href":"https:\/\/roveyayinevi.com.tr\/index.php\/wp-json\/wp\/v2\/product_cat?post=736611"},{"taxonomy":"product_tag","embeddable":true,"href":"https:\/\/roveyayinevi.com.tr\/index.php\/wp-json\/wp\/v2\/product_tag?post=736611"}],"curies":[{"name":"wp","href":"https:\/\/api.w.org\/{rel}","templated":true}]}}