{"id":736610,"date":"2025-08-27T23:11:14","date_gmt":"2025-08-27T20:11:14","guid":{"rendered":"https:\/\/roveyayinevi.com.tr\/index.php\/urun\/bilim-ve-teknoloji-politikalari\/"},"modified":"2026-04-16T02:45:41","modified_gmt":"2026-04-15T23:45:41","slug":"bilim-ve-teknoloji-politikalari","status":"publish","type":"product","link":"https:\/\/roveyayinevi.com.tr\/index.php\/urun\/bilim-ve-teknoloji-politikalari\/","title":{"rendered":"Bilim ve Teknoloji Politikalar\u0131"},"content":{"rendered":"<p>B\u00d6L\u00dcM 1: BE\u015eER\u0130 SERMAYE, TEKNOLOJ\u0130 VE EKONOM\u0130K B\u00dcY\u00dcME: ARDL SINIR TEST\u0130 YAKLA\u015eIMI   B\u00d6L\u00dcM 2: SA\u011eLIK TEKNOLOJISI YATIRIMLARININ DO\u011eUMDA BEKLENEN YA\u015eAM S\u00dcRESINE ETKILERI: OECD \u00dcLKE \u00d6RNEKLERI   B\u00d6L\u00dcM 3: BRICS-T \u00dcLKELER\u0130NDE \u0130NOVASYON G\u00d6STERGELER\u0130-DI\u015e T\u0130CARET \u0130L\u0130\u015eK\u0130S\u0130   B\u00d6L\u00dcM 4 : AKILLI UZMANLA\u015eMA STRATEJ\u0130S\u0130 VE T\u00dcRK\u0130YE\u2019DE B\u00d6LGESEL D\u00dcZEYDE UYGULAMALARIN DE\u011eERLEND\u0130R\u0130LMES\u0130     B\u00d6L\u00dcM 5 : NFT \u0130KT\u0130SAD\u0130 B\u0130R BALON MU YOKSA D\u0130J\u0130TAL VARLIKLARIN GELECE\u011e\u0130 M\u0130? KR\u0130PTO PARALARIN ARDINDAN HIZLA B\u00dcY\u00dcYEN NFT P\u0130YASALARI   B\u00d6L\u00dcM 6 : END\u00dcSTR\u0130 4.0 VE DI\u015e T\u0130CARET \u0130L\u0130\u015eK\u0130S\u0130   B\u00d6L\u00dcM 7 : YAKINSAMA H\u0130POTEZ\u0130 KAPSAMINDA BE\u015eER\u0130 SERMAYEN\u0130N GEL\u0130\u015e\u0130M\u0130: T\u00dcRK\u0130YE VE G7 \u00dcLKELER\u0130 \u00d6RNE\u011e\u0130   B\u00d6L\u00dcM 8 : \u0130RLANDA ULUSAL \u0130NOVASYON SISTEMINE \u0130LI\u015eKIN BIR DE\u011eERLENDIRME   B\u00d6L\u00dcM 9 : KENTSEL \u0130NOVASYON KAPAS\u0130TES\u0130 VE AKILLI KENT YAKLA\u015eIMI   B\u00d6L\u00dcM 10 : SA\u011eLIK HIZMETLERINDE DIJITAL D\u00d6N\u00dc\u015e\u00dcM \u00dcZERINE KAVRAMSAL BIR \u00c7ER\u00c7EVE <\/p>\n","protected":false},"excerpt":{"rendered":"<p>B\u00d6L\u00dcM 1: BE\u015eER\u0130 SERMAYE, TEKNOLOJ\u0130 VE EKONOM\u0130K B\u00dcY\u00dcME: ARDL SINIR TEST\u0130 YAKLA\u015eIMI B\u00d6L\u00dcM 2: SA\u011eLIK TEKNOLOJISI YATIRIMLARININ DO\u011eUMDA BEKLENEN YA\u015eAM S\u00dcRESINE ETKILERI: OECD \u00dcLKE \u00d6RNEKLERI B\u00d6L\u00dcM<span class=\"excerpt-hellip\"> [\u2026]<\/span><\/p>\n","protected":false},"featured_media":0,"template":"","meta":{"_monsterinsights_skip_tracking":false,"_monsterinsights_sitenote_active":false,"_monsterinsights_sitenote_note":"","_monsterinsights_sitenote_category":0},"product_brand":[],"product_cat":[20333,13043],"product_tag":[],"class_list":{"0":"post-736610","1":"product","2":"type-product","3":"status-publish","5":"product_cat-diger-ekonomi","6":"product_cat-ekonomi","7":"pa_cilt-ciltsiz","8":"pa_tur-kitap","9":"pa_yayinevi-gazi-kitabevi","10":"pa_yazar-gazi-kitabevi-kolektif","12":"first","13":"instock","14":"sale","15":"shipping-taxable","16":"purchasable","17":"product-type-simple"},"_links":{"self":[{"href":"https:\/\/roveyayinevi.com.tr\/index.php\/wp-json\/wp\/v2\/product\/736610","targetHints":{"allow":["GET"]}}],"collection":[{"href":"https:\/\/roveyayinevi.com.tr\/index.php\/wp-json\/wp\/v2\/product"}],"about":[{"href":"https:\/\/roveyayinevi.com.tr\/index.php\/wp-json\/wp\/v2\/types\/product"}],"wp:attachment":[{"href":"https:\/\/roveyayinevi.com.tr\/index.php\/wp-json\/wp\/v2\/media?parent=736610"}],"wp:term":[{"taxonomy":"product_brand","embeddable":true,"href":"https:\/\/roveyayinevi.com.tr\/index.php\/wp-json\/wp\/v2\/product_brand?post=736610"},{"taxonomy":"product_cat","embeddable":true,"href":"https:\/\/roveyayinevi.com.tr\/index.php\/wp-json\/wp\/v2\/product_cat?post=736610"},{"taxonomy":"product_tag","embeddable":true,"href":"https:\/\/roveyayinevi.com.tr\/index.php\/wp-json\/wp\/v2\/product_tag?post=736610"}],"curies":[{"name":"wp","href":"https:\/\/api.w.org\/{rel}","templated":true}]}}