{"id":736608,"date":"2025-08-27T23:11:12","date_gmt":"2025-08-27T20:11:12","guid":{"rendered":"https:\/\/roveyayinevi.com.tr\/index.php\/urun\/orgutlerde-kralice-ari-sendromu-ve-kralice-arilarla-basa-cikma-yollari\/"},"modified":"2026-04-16T02:45:41","modified_gmt":"2026-04-15T23:45:41","slug":"orgutlerde-kralice-ari-sendromu-ve-kralice-arilarla-basa-cikma-yollari","status":"publish","type":"product","link":"https:\/\/roveyayinevi.com.tr\/index.php\/urun\/orgutlerde-kralice-ari-sendromu-ve-kralice-arilarla-basa-cikma-yollari\/","title":{"rendered":"\u00d6rg\u00fctlerde Krali\u00e7e Ar\u0131 Sendromu ve Krali\u00e7e Ar\u0131larla Ba\u015fa \u00c7\u0131kma Yollar\u0131"},"content":{"rendered":"<p>B\u00d6L\u00dcM 1: GE\u00c7MI\u015eTEN BUG\u00dcNE KADINA Y\u00d6NELIK OLUMSUZ TUTUMLAR                      KADINA Y\u00d6NELIK OLUMSUZ TUTUMLARIN BA\u015eLICA SEBEPLERI                      \u0130\u015e D\u00dcNYASINDA CINSIYET AYRIMCILI\u011eI                      \u0130\u015e D\u00dcNYASINDA KADINLARA Y\u00d6NELIK \u00c7E\u015eITLI AYRIMCI             UYGULAMALAR                      \u0130\u015e D\u00dcNYASINDA CINSIYET AYRIMCILI\u011eININ SONU\u00c7LARI   B\u00d6L\u00dcM 2: KRALI\u00c7E ARI SENDROMU NEDIR?                     KRALI\u00c7E ARI SENDROMUNUN TEMEL \u00d6ZELLIKLERI                     KRALI\u00c7E ARILARIN YAYGIN DAVRANI\u015eSAL \u00d6ZELLIKLERI                     KRALI\u00c7E ARILARIN YAYGIN PSIKOLOJIK \u00d6ZELLIKLERI                     KRALI\u00c7E ARILARIN YAYGIN G\u00d6RSEL \u00d6ZELLIKLERI     B\u00d6L\u00dcM 3: KRALI\u00c7E ARILARLA NASIL BA\u015eA \u00c7IKILIR?                     KRALI\u00c7E ARI SENDROMUNA TEPKILER                     KRALI\u00c7E ARILARLA BA\u015eA \u00c7IKMA YOLLARI   B\u00d6L\u00dcM 4 : \u00d6RNEK OLAYLAR (MA\u011eDURLAR ANLATIYOR) <\/p>\n","protected":false},"excerpt":{"rendered":"<p>B\u00d6L\u00dcM 1: GE\u00c7MI\u015eTEN BUG\u00dcNE KADINA Y\u00d6NELIK OLUMSUZ TUTUMLAR KADINA Y\u00d6NELIK OLUMSUZ TUTUMLARIN BA\u015eLICA SEBEPLERI \u0130\u015e D\u00dcNYASINDA CINSIYET AYRIMCILI\u011eI \u0130\u015e D\u00dcNYASINDA KADINLARA Y\u00d6NELIK \u00c7E\u015eITLI AYRIMCI UYGULAMALAR \u0130\u015e<span class=\"excerpt-hellip\"> [\u2026]<\/span><\/p>\n","protected":false},"featured_media":0,"template":"","meta":{"_monsterinsights_skip_tracking":false,"_monsterinsights_sitenote_active":false,"_monsterinsights_sitenote_note":"","_monsterinsights_sitenote_category":0},"product_brand":[],"product_cat":[13043,17647],"product_tag":[],"class_list":{"0":"post-736608","1":"product","2":"type-product","3":"status-publish","5":"product_cat-ekonomi","6":"product_cat-is-dunyasi","7":"pa_cilt-ciltsiz","8":"pa_tur-kitap","9":"pa_yayinevi-gazi-kitabevi","10":"pa_yazar-hale-eda-akduru","12":"first","13":"instock","14":"sale","15":"shipping-taxable","16":"purchasable","17":"product-type-simple"},"_links":{"self":[{"href":"https:\/\/roveyayinevi.com.tr\/index.php\/wp-json\/wp\/v2\/product\/736608","targetHints":{"allow":["GET"]}}],"collection":[{"href":"https:\/\/roveyayinevi.com.tr\/index.php\/wp-json\/wp\/v2\/product"}],"about":[{"href":"https:\/\/roveyayinevi.com.tr\/index.php\/wp-json\/wp\/v2\/types\/product"}],"wp:attachment":[{"href":"https:\/\/roveyayinevi.com.tr\/index.php\/wp-json\/wp\/v2\/media?parent=736608"}],"wp:term":[{"taxonomy":"product_brand","embeddable":true,"href":"https:\/\/roveyayinevi.com.tr\/index.php\/wp-json\/wp\/v2\/product_brand?post=736608"},{"taxonomy":"product_cat","embeddable":true,"href":"https:\/\/roveyayinevi.com.tr\/index.php\/wp-json\/wp\/v2\/product_cat?post=736608"},{"taxonomy":"product_tag","embeddable":true,"href":"https:\/\/roveyayinevi.com.tr\/index.php\/wp-json\/wp\/v2\/product_tag?post=736608"}],"curies":[{"name":"wp","href":"https:\/\/api.w.org\/{rel}","templated":true}]}}