{"id":736604,"date":"2025-08-27T23:11:08","date_gmt":"2025-08-27T20:11:08","guid":{"rendered":"https:\/\/roveyayinevi.com.tr\/index.php\/urun\/yeryuzunun-sonu\/"},"modified":"2026-04-16T02:45:41","modified_gmt":"2026-04-15T23:45:41","slug":"yeryuzunun-sonu","status":"publish","type":"product","link":"https:\/\/roveyayinevi.com.tr\/index.php\/urun\/yeryuzunun-sonu\/","title":{"rendered":"Yery\u00fcz\u00fcn\u00fcn Sonu"},"content":{"rendered":"<p>Modernizm y\u00fckselirken, \u00f6l\u00fcms\u00fcz tanr\u0131lar\u0131 tahtlar\u0131ndan indirece\u011fi, hatta tahtlar\u0131 y\u0131kaca\u011f\u0131 g\u00f6r\u00fc\u015f\u00fc hakimdi. Ancak bug\u00fcn ortaya \u00e7\u0131kan tablo, o tahtlara \u00e7ok daha kuvvetli tanr\u0131lar\u0131n oturdu\u011fu bir d\u00fcnyad\u0131r. Peki modernizm bu iddias\u0131nda neden ba\u015far\u0131s\u0131z olmu\u015ftur ? Modernizm olgusu bir noktada emperyalizm taraf\u0131ndan ele mi ge\u00e7irilmi\u015ftir. Yoksa ba\u015f\u0131ndan itibaren Avrupal\u0131 beyaz adam\u0131n emperyalist motivasyonlar\u0131 taraf\u0131ndan m\u0131 \u00fcretilmi\u015ftir ? Asya\u2019ya ihra\u00e7 edilen bir sanr\u0131dan m\u0131 ibarettir? Modernitenin sonu bir yan\u0131lsaman\u0131n sonu mu olacakt\u0131r?<\/p>\n","protected":false},"excerpt":{"rendered":"<p>Modernizm y\u00fckselirken, \u00f6l\u00fcms\u00fcz tanr\u0131lar\u0131 tahtlar\u0131ndan indirece\u011fi, hatta tahtlar\u0131 y\u0131kaca\u011f\u0131 g\u00f6r\u00fc\u015f\u00fc hakimdi. Ancak bug\u00fcn ortaya \u00e7\u0131kan tablo, o tahtlara \u00e7ok daha kuvvetli tanr\u0131lar\u0131n oturdu\u011fu bir d\u00fcnyad\u0131r. Peki<span class=\"excerpt-hellip\"> [\u2026]<\/span><\/p>\n","protected":false},"featured_media":0,"template":"","meta":{"_monsterinsights_skip_tracking":false,"_monsterinsights_sitenote_active":false,"_monsterinsights_sitenote_note":"","_monsterinsights_sitenote_category":0},"product_brand":[],"product_cat":[12388,15536],"product_tag":[],"class_list":{"0":"post-736604","1":"product","2":"type-product","3":"status-publish","5":"product_cat-felsefe","6":"product_cat-siyaset-felsefesi","7":"pa_cilt-ciltsiz","8":"pa_tur-kitap","9":"pa_yayinevi-bilim-ve-sosyalizm-yayinlari","10":"pa_yazar-fahrettin-ege-mehmet-kovan","12":"first","13":"instock","14":"sale","15":"shipping-taxable","16":"purchasable","17":"product-type-simple"},"_links":{"self":[{"href":"https:\/\/roveyayinevi.com.tr\/index.php\/wp-json\/wp\/v2\/product\/736604","targetHints":{"allow":["GET"]}}],"collection":[{"href":"https:\/\/roveyayinevi.com.tr\/index.php\/wp-json\/wp\/v2\/product"}],"about":[{"href":"https:\/\/roveyayinevi.com.tr\/index.php\/wp-json\/wp\/v2\/types\/product"}],"wp:attachment":[{"href":"https:\/\/roveyayinevi.com.tr\/index.php\/wp-json\/wp\/v2\/media?parent=736604"}],"wp:term":[{"taxonomy":"product_brand","embeddable":true,"href":"https:\/\/roveyayinevi.com.tr\/index.php\/wp-json\/wp\/v2\/product_brand?post=736604"},{"taxonomy":"product_cat","embeddable":true,"href":"https:\/\/roveyayinevi.com.tr\/index.php\/wp-json\/wp\/v2\/product_cat?post=736604"},{"taxonomy":"product_tag","embeddable":true,"href":"https:\/\/roveyayinevi.com.tr\/index.php\/wp-json\/wp\/v2\/product_tag?post=736604"}],"curies":[{"name":"wp","href":"https:\/\/api.w.org\/{rel}","templated":true}]}}