{"id":736603,"date":"2025-08-27T23:11:06","date_gmt":"2025-08-27T20:11:06","guid":{"rendered":"https:\/\/roveyayinevi.com.tr\/index.php\/urun\/mahabharata-udyoga-5-kitap\/"},"modified":"2026-04-16T02:45:41","modified_gmt":"2026-04-15T23:45:41","slug":"mahabharata-udyoga-5-kitap","status":"publish","type":"product","link":"https:\/\/roveyayinevi.com.tr\/index.php\/urun\/mahabharata-udyoga-5-kitap\/","title":{"rendered":"Mahabharata &#8211; Udyoga (5. Kitap)"},"content":{"rendered":"<p>Irklara ve onlar\u0131n meydana getirdi\u011fi k\u00fclt\u00fcrlere hi\u00e7 b\u00f6l\u00fcnmemi\u015f olsayd\u0131k bu d\u00fcnyada sadece \u201c\u0130nsan!\u201d olarak ya\u015fayan canl\u0131lar olacakt\u0131. Kendilerini bu d\u00fcnyan\u0131n efendileri olarak g\u00f6rmeyip, zamana ve onun getirdiklerine r\u0131za g\u00f6sterip yok etmek yerine,\u201cKimim ben?\u201d\u201cNereden geldim?\u201d\u201cNeden bu d\u00fcnyaday\u0131m?\u201d diyerek kendilerini sorgulama s\u00fcrecine girecekti.Sonra bu sorgulaman\u0131n neticesinde gelece\u011fini \u015fekillendirecekti ve bunu yaparken hayatta kalma ad\u0131na, ba\u015fta kendi cinsi olmak \u00fczere di\u011fer canl\u0131lar\u0131 yok etme hakk\u0131n\u0131 kendinde bulmayacakt\u0131.Ad\u0131 ne olursa olsun \u00f6tekile\u015ftirmenin, saflara ay\u0131rman\u0131n bizim asla g\u00f6rmek istemedi\u011fimiz ve tahamm\u00fcl dahi edemeyece\u011fimiz b\u00fcy\u00fck bir y\u0131k\u0131ma yol a\u00e7t\u0131\u011f\u0131n\u0131 anlatan Mahabharata Destan\u0131, tek bir ger\u00e7e\u011fin \u00fczerine kurgulanm\u0131\u015ft\u0131r:Bir canl\u0131y\u0131 yok ederek elde edilen zafer asla zafer de\u011fil, akan kan\u0131 durmak bilmeyen kalp yaras\u0131d\u0131r. Vicdan\u0131n y\u0131k\u0131ld\u0131\u011f\u0131 and\u0131r.<\/p>\n","protected":false},"excerpt":{"rendered":"<p>Irklara ve onlar\u0131n meydana getirdi\u011fi k\u00fclt\u00fcrlere hi\u00e7 b\u00f6l\u00fcnmemi\u015f olsayd\u0131k bu d\u00fcnyada sadece \u201c\u0130nsan!\u201d olarak ya\u015fayan canl\u0131lar olacakt\u0131. Kendilerini bu d\u00fcnyan\u0131n efendileri olarak g\u00f6rmeyip, zamana ve onun<span class=\"excerpt-hellip\"> [\u2026]<\/span><\/p>\n","protected":false},"featured_media":0,"template":"","meta":{"_monsterinsights_skip_tracking":false,"_monsterinsights_sitenote_active":false,"_monsterinsights_sitenote_note":"","_monsterinsights_sitenote_category":0},"product_brand":[],"product_cat":[12291,13706],"product_tag":[],"class_list":{"0":"post-736603","1":"product","2":"type-product","3":"status-publish","5":"product_cat-edebiyat","6":"product_cat-efsane-destan-masal","7":"pa_cilt-ciltsiz","8":"pa_tur-kitap","9":"pa_yayinevi-vaveyla-yayincilik","10":"pa_yazar-ayasya","12":"first","13":"instock","14":"sale","15":"shipping-taxable","16":"purchasable","17":"product-type-simple"},"_links":{"self":[{"href":"https:\/\/roveyayinevi.com.tr\/index.php\/wp-json\/wp\/v2\/product\/736603","targetHints":{"allow":["GET"]}}],"collection":[{"href":"https:\/\/roveyayinevi.com.tr\/index.php\/wp-json\/wp\/v2\/product"}],"about":[{"href":"https:\/\/roveyayinevi.com.tr\/index.php\/wp-json\/wp\/v2\/types\/product"}],"wp:attachment":[{"href":"https:\/\/roveyayinevi.com.tr\/index.php\/wp-json\/wp\/v2\/media?parent=736603"}],"wp:term":[{"taxonomy":"product_brand","embeddable":true,"href":"https:\/\/roveyayinevi.com.tr\/index.php\/wp-json\/wp\/v2\/product_brand?post=736603"},{"taxonomy":"product_cat","embeddable":true,"href":"https:\/\/roveyayinevi.com.tr\/index.php\/wp-json\/wp\/v2\/product_cat?post=736603"},{"taxonomy":"product_tag","embeddable":true,"href":"https:\/\/roveyayinevi.com.tr\/index.php\/wp-json\/wp\/v2\/product_tag?post=736603"}],"curies":[{"name":"wp","href":"https:\/\/api.w.org\/{rel}","templated":true}]}}