{"id":736601,"date":"2025-08-27T23:11:04","date_gmt":"2025-08-27T20:11:04","guid":{"rendered":"https:\/\/roveyayinevi.com.tr\/index.php\/urun\/milli-mucadelede-iase-meselesi\/"},"modified":"2026-04-16T02:45:41","modified_gmt":"2026-04-15T23:45:41","slug":"milli-mucadelede-iase-meselesi","status":"publish","type":"product","link":"https:\/\/roveyayinevi.com.tr\/index.php\/urun\/milli-mucadelede-iase-meselesi\/","title":{"rendered":"Milli M\u00fccadele\u2019de \u0130a\u015fe Meselesi"},"content":{"rendered":"<p>Mill\u00ee M\u00fccadele \u00f6ncesinde Balkan Sava\u015flar\u0131 ve I. D\u00fcnya Sava\u015f\u0131 sebebiyle halk peri\u015fan bir vaziyette bulunmakta yeni bir sava\u015f\u0131 kald\u0131racak g\u00fcce sahip g\u00f6r\u00fcnmemektedir. Ayr\u0131ca kaynaklar\u0131n \u00e7o\u011fu t\u00fcketildi\u011finden yap\u0131lacak bir sava\u015fta en b\u00fcy\u00fck problemlerden birisi ordunun yedirilip i\u00e7irilmesi, beslenmesi yani ia\u015fesi olacakt\u0131r. Ordu terhis edilmi\u015f, Do\u011fu Anadolu\u2019daki mevcut bir askeri birlik istisna d\u00fczenli bir ordudan bahsetmek m\u00fcmk\u00fcn g\u00f6r\u00fcnmemektedir.Mustafa Kemal Pa\u015fa, Nutuk\u2019ta \u00fclkenin i\u00e7erisinde bulundu\u011fu durumu; \u201c1335 senesi May\u0131s\u2019\u0131n 19\u2019uncu g\u00fcn\u00fc Samsun\u2019a \u00e7\u0131kt\u0131m. Vaziyet ve manzara-\u0131 umumiye: Osmanl\u0131 Devleti\u2019nin dahil bulundu\u011fu grup, Harb-i Umumi\u2019de ma\u011flup olmu\u015f, Osmanl\u0131 Ordusu her tarafta zedelenmi\u015f, \u015feraiti a\u011f\u0131r bir m\u00fctarekename imzalanm\u0131\u015f\u2026\u201d s\u00f6zleriyle \u00f6zetlemektedir.Mill\u00ee M\u00fccadele\u2019nin hangi \u015fartlar alt\u0131nda ger\u00e7ekle\u015fti\u011fini ortaya koymak ve sonraki nesillere aktarmak hepimizin g\u00f6revi ve sorumlulu\u011fudur. Elinizdeki \u00e7al\u0131\u015fma bu g\u00f6rev ve sorumluluk ile haz\u0131rlanm\u0131\u015ft\u0131r.<\/p>\n","protected":false},"excerpt":{"rendered":"<p>Mill\u00ee M\u00fccadele \u00f6ncesinde Balkan Sava\u015flar\u0131 ve I. D\u00fcnya Sava\u015f\u0131 sebebiyle halk peri\u015fan bir vaziyette bulunmakta yeni bir sava\u015f\u0131 kald\u0131racak g\u00fcce sahip g\u00f6r\u00fcnmemektedir. Ayr\u0131ca kaynaklar\u0131n \u00e7o\u011fu t\u00fcketildi\u011finden<span class=\"excerpt-hellip\"> [\u2026]<\/span><\/p>\n","protected":false},"featured_media":0,"template":"","meta":{"_monsterinsights_skip_tracking":false,"_monsterinsights_sitenote_active":false,"_monsterinsights_sitenote_note":"","_monsterinsights_sitenote_category":0},"product_brand":[],"product_cat":[12370,12304],"product_tag":[],"class_list":{"0":"post-736601","1":"product","2":"type-product","3":"status-publish","5":"product_cat-arastirma-inceleme","6":"product_cat-tarih","7":"pa_cilt-ciltsiz","8":"pa_tur-kitap","9":"pa_yayinevi-yeditepe-yayinevi","10":"pa_yazar-ali-kasiyugun","12":"first","13":"instock","14":"sale","15":"shipping-taxable","16":"purchasable","17":"product-type-simple"},"_links":{"self":[{"href":"https:\/\/roveyayinevi.com.tr\/index.php\/wp-json\/wp\/v2\/product\/736601","targetHints":{"allow":["GET"]}}],"collection":[{"href":"https:\/\/roveyayinevi.com.tr\/index.php\/wp-json\/wp\/v2\/product"}],"about":[{"href":"https:\/\/roveyayinevi.com.tr\/index.php\/wp-json\/wp\/v2\/types\/product"}],"wp:attachment":[{"href":"https:\/\/roveyayinevi.com.tr\/index.php\/wp-json\/wp\/v2\/media?parent=736601"}],"wp:term":[{"taxonomy":"product_brand","embeddable":true,"href":"https:\/\/roveyayinevi.com.tr\/index.php\/wp-json\/wp\/v2\/product_brand?post=736601"},{"taxonomy":"product_cat","embeddable":true,"href":"https:\/\/roveyayinevi.com.tr\/index.php\/wp-json\/wp\/v2\/product_cat?post=736601"},{"taxonomy":"product_tag","embeddable":true,"href":"https:\/\/roveyayinevi.com.tr\/index.php\/wp-json\/wp\/v2\/product_tag?post=736601"}],"curies":[{"name":"wp","href":"https:\/\/api.w.org\/{rel}","templated":true}]}}