{"id":736600,"date":"2025-08-27T23:11:03","date_gmt":"2025-08-27T20:11:03","guid":{"rendered":"https:\/\/roveyayinevi.com.tr\/index.php\/urun\/naksidil-valide-sultan-vakiflari\/"},"modified":"2026-04-16T02:45:41","modified_gmt":"2026-04-15T23:45:41","slug":"naksidil-valide-sultan-vakiflari","status":"publish","type":"product","link":"https:\/\/roveyayinevi.com.tr\/index.php\/urun\/naksidil-valide-sultan-vakiflari\/","title":{"rendered":"Nak\u015fidil Valide Sultan Vak\u0131flar\u0131"},"content":{"rendered":"<p>Vak\u0131f kurumu, hay\u0131r i\u015flerinin ve kamu faaliyetlerinin y\u00fcr\u00fct\u00fclmesinde genel olarak \u0130slam toplumlar\u0131nda \u00f6zelde ise Osmanl\u0131 \u0130mparatorlu\u011fu\u2019nda yayg\u0131n ve etkin bir kurum olarak -k\u00fclt\u00fcrel, ekonomik, politik ve sosyal alanlarda- bir\u00e7ok ara\u015ft\u0131rman\u0131n konusunu te\u015fkil etmektedir.Tahta bulunan padi\u015fah\u0131n ba\u015fta annesi, han\u0131mlar\u0131, k\u0131zlar\u0131 ve k\u0131z karde\u015fleri imparatorlu\u011fun bir\u00e7ok yerinde kurmu\u015f olduklar\u0131 vak\u0131flar arac\u0131l\u0131\u011f\u0131yla hem kendi d\u00f6nemlerinde hem de vefatlar\u0131ndan sonra hay\u0131rseverlikle y\u00e2dedilmeyi ba\u015farm\u0131\u015flard\u0131r. Vak\u0131f gelene\u011fi, 20. y\u00fczy\u0131l ba\u015f\u0131na yani imparatorlu\u011fun sonuna dek s\u00fcren bir gelenek olarak devam etmi\u015ftir.Bu \u00e7al\u0131\u015fmada, Nak\u015fidil Valide Sultan Vak\u0131flar\u0131\u2019n\u0131n 19. y\u00fczy\u0131lda iktisad\u00ee ve sosyal boyuttaki i\u015fleyi\u015fini, y\u00f6netimini, zaman i\u00e7erisindeki de\u011fi\u015fim ve d\u00f6n\u00fc\u015f\u00fcmlerini vakfa ait ar\u015fiv belgelerine dayanarak ortaya konulmas\u0131 ama\u00e7lanm\u0131\u015ft\u0131r.<\/p>\n","protected":false},"excerpt":{"rendered":"<p>Vak\u0131f kurumu, hay\u0131r i\u015flerinin ve kamu faaliyetlerinin y\u00fcr\u00fct\u00fclmesinde genel olarak \u0130slam toplumlar\u0131nda \u00f6zelde ise Osmanl\u0131 \u0130mparatorlu\u011fu\u2019nda yayg\u0131n ve etkin bir kurum olarak -k\u00fclt\u00fcrel, ekonomik, politik ve<span class=\"excerpt-hellip\"> [\u2026]<\/span><\/p>\n","protected":false},"featured_media":0,"template":"","meta":{"_monsterinsights_skip_tracking":false,"_monsterinsights_sitenote_active":false,"_monsterinsights_sitenote_note":"","_monsterinsights_sitenote_category":0},"product_brand":[],"product_cat":[12370,12304],"product_tag":[],"class_list":{"0":"post-736600","1":"product","2":"type-product","3":"status-publish","5":"product_cat-arastirma-inceleme","6":"product_cat-tarih","7":"pa_cilt-ciltsiz","8":"pa_tur-kitap","9":"pa_yayinevi-yeditepe-yayinevi","10":"pa_yazar-zehra-cankaya-bayrakli","12":"first","13":"instock","14":"sale","15":"shipping-taxable","16":"purchasable","17":"product-type-simple"},"_links":{"self":[{"href":"https:\/\/roveyayinevi.com.tr\/index.php\/wp-json\/wp\/v2\/product\/736600","targetHints":{"allow":["GET"]}}],"collection":[{"href":"https:\/\/roveyayinevi.com.tr\/index.php\/wp-json\/wp\/v2\/product"}],"about":[{"href":"https:\/\/roveyayinevi.com.tr\/index.php\/wp-json\/wp\/v2\/types\/product"}],"wp:attachment":[{"href":"https:\/\/roveyayinevi.com.tr\/index.php\/wp-json\/wp\/v2\/media?parent=736600"}],"wp:term":[{"taxonomy":"product_brand","embeddable":true,"href":"https:\/\/roveyayinevi.com.tr\/index.php\/wp-json\/wp\/v2\/product_brand?post=736600"},{"taxonomy":"product_cat","embeddable":true,"href":"https:\/\/roveyayinevi.com.tr\/index.php\/wp-json\/wp\/v2\/product_cat?post=736600"},{"taxonomy":"product_tag","embeddable":true,"href":"https:\/\/roveyayinevi.com.tr\/index.php\/wp-json\/wp\/v2\/product_tag?post=736600"}],"curies":[{"name":"wp","href":"https:\/\/api.w.org\/{rel}","templated":true}]}}