{"id":736598,"date":"2025-08-27T23:11:01","date_gmt":"2025-08-27T20:11:01","guid":{"rendered":"https:\/\/roveyayinevi.com.tr\/index.php\/urun\/uykuya-dalamayan-minik-yediuyurun-hikayesi\/"},"modified":"2026-04-16T02:45:41","modified_gmt":"2026-04-15T23:45:41","slug":"uykuya-dalamayan-minik-yediuyurun-hikayesi","status":"publish","type":"product","link":"https:\/\/roveyayinevi.com.tr\/index.php\/urun\/uykuya-dalamayan-minik-yediuyurun-hikayesi\/","title":{"rendered":"Uykuya Dalamayan Minik Yediuyurun Hikayesi"},"content":{"rendered":"<p>H\u0130\u00c7 UYKUM YOK!!! B\u00fct\u00fcn yediuyurlar k\u0131\u015f uykusuna haz\u0131rlanmaktad\u0131r ama minik yediuyurun hi\u00e7 uykusu yoktur. Annesinin s\u00f6z\u00fc kulaklar\u0131nda \u00e7\u0131nlamaktad\u0131r: \u201c&#8230; uyuyamayan bir yediuyur ger\u00e7ek bir yediuyur de\u011fildir!\u201d Minik yediuyurun yard\u0131m\u0131na ko\u015fan hayvanlar da birer birer uykuya dalarlar, ama o h\u00e2l\u00e2 uyan\u0131kt\u0131r!   Uykuya Dalamayan Minik Yediuyurun Hik\u00e2yesi, uykuya dalamayan b\u00fct\u00fcn \u00e7ocuklar i\u00e7in harika bir kitap. <\/p>\n","protected":false},"excerpt":{"rendered":"<p>H\u0130\u00c7 UYKUM YOK!!! B\u00fct\u00fcn yediuyurlar k\u0131\u015f uykusuna haz\u0131rlanmaktad\u0131r ama minik yediuyurun hi\u00e7 uykusu yoktur. Annesinin s\u00f6z\u00fc kulaklar\u0131nda \u00e7\u0131nlamaktad\u0131r: \u201c&#8230; uyuyamayan bir yediuyur ger\u00e7ek bir yediuyur de\u011fildir!\u201d<span class=\"excerpt-hellip\"> [\u2026]<\/span><\/p>\n","protected":false},"featured_media":0,"template":"","meta":{"_monsterinsights_skip_tracking":false,"_monsterinsights_sitenote_active":false,"_monsterinsights_sitenote_note":"","_monsterinsights_sitenote_category":0},"product_brand":[],"product_cat":[12913,12274],"product_tag":[],"class_list":{"0":"post-736598","1":"product","2":"type-product","3":"status-publish","5":"product_cat-3-6-yas-kitaplari","6":"product_cat-cocuk-ve-genclik-kitaplari","7":"pa_cilt-ciltsiz","8":"pa_tur-kitap","9":"pa_yayinevi-yapi-kredi-yayinlari","10":"pa_yazar-sabine-bohlmann","12":"first","13":"instock","14":"sale","15":"shipping-taxable","16":"purchasable","17":"product-type-simple"},"_links":{"self":[{"href":"https:\/\/roveyayinevi.com.tr\/index.php\/wp-json\/wp\/v2\/product\/736598","targetHints":{"allow":["GET"]}}],"collection":[{"href":"https:\/\/roveyayinevi.com.tr\/index.php\/wp-json\/wp\/v2\/product"}],"about":[{"href":"https:\/\/roveyayinevi.com.tr\/index.php\/wp-json\/wp\/v2\/types\/product"}],"wp:attachment":[{"href":"https:\/\/roveyayinevi.com.tr\/index.php\/wp-json\/wp\/v2\/media?parent=736598"}],"wp:term":[{"taxonomy":"product_brand","embeddable":true,"href":"https:\/\/roveyayinevi.com.tr\/index.php\/wp-json\/wp\/v2\/product_brand?post=736598"},{"taxonomy":"product_cat","embeddable":true,"href":"https:\/\/roveyayinevi.com.tr\/index.php\/wp-json\/wp\/v2\/product_cat?post=736598"},{"taxonomy":"product_tag","embeddable":true,"href":"https:\/\/roveyayinevi.com.tr\/index.php\/wp-json\/wp\/v2\/product_tag?post=736598"}],"curies":[{"name":"wp","href":"https:\/\/api.w.org\/{rel}","templated":true}]}}