{"id":736597,"date":"2025-08-27T23:11:00","date_gmt":"2025-08-27T20:11:00","guid":{"rendered":"https:\/\/roveyayinevi.com.tr\/index.php\/urun\/bekci-amosun-hastalandigi-gun\/"},"modified":"2026-04-16T02:45:41","modified_gmt":"2026-04-15T23:45:41","slug":"bekci-amosun-hastalandigi-gun","status":"publish","type":"product","link":"https:\/\/roveyayinevi.com.tr\/index.php\/urun\/bekci-amosun-hastalandigi-gun\/","title":{"rendered":"Bek\u00e7i Amos&#8217;un Hastaland\u0131\u011f\u0131 G\u00fcn"},"content":{"rendered":"<p>Hayvanat Bah\u00e7esi\u2019nde \u00e7al\u0131\u015fan Amos MCGee, sevgili dostlar\u0131 fil, kaplumba\u011fa, penguen, gergedan ve bayku\u015fa daima zaman ay\u0131r\u0131rd\u0131. Bir g\u00fcn hastalan\u0131nca i\u015fe gidemedi ama evde peri\u015fan halde yataktan \u00e7\u0131kamazken beklenmedik misafirler kap\u0131s\u0131n\u0131 \u00e7ald\u0131. Roller tersine d\u00f6nm\u00fc\u015ft\u00fc, dostlar\u0131 onu ziyarete gelmi\u015fti.Philip C. Stead\u2019in yumu\u015fak bir dille yazd\u0131\u011f\u0131 Bek\u00e7i Amos\u2019un Hastaland\u0131\u011f\u0131 G\u00fcn kitab\u0131, arkada\u015fl\u0131k ve kendini ba\u015fkalar\u0131na adama \u00fczerine s\u0131cak bir hik\u00e2ye anlat\u0131yor.Kitab\u0131 resimleyen, yazar\u0131n e\u015fi Erin E. Stead ise etkileyici \u00e7izimleriyle hik\u00e2yeye bamba\u015fka bir boyut kazand\u0131r\u0131yor.Philip C. Stead bu kitab\u0131yla 2011\u2019de Caldecott Madalyas\u0131\u2019yla \u00f6d\u00fcllendirildi.Bek\u00e7i Amos\u2019un Hastaland\u0131\u011f\u0131 G\u00fcn, ayr\u0131ca 2010\u2019da New York Times taraf\u0131ndan En \u0130yi Resimli Kitap, Publishers Weekly taraf\u0131ndan 2010\u2019un En \u0130yi \u00c7ocuk Kitab\u0131 se\u00e7ildi.Yazar Creawed Tuna Fish and Peas on Toast [Ekmek \u00fcst\u00fcne kremal\u0131 tonbal\u0131\u011f\u0131 ve bezelye] kitab\u0131n\u0131 da hem yazd\u0131, hem resimledi. <\/p>\n","protected":false},"excerpt":{"rendered":"<p>Hayvanat Bah\u00e7esi\u2019nde \u00e7al\u0131\u015fan Amos MCGee, sevgili dostlar\u0131 fil, kaplumba\u011fa, penguen, gergedan ve bayku\u015fa daima zaman ay\u0131r\u0131rd\u0131. Bir g\u00fcn hastalan\u0131nca i\u015fe gidemedi ama evde peri\u015fan halde yataktan<span class=\"excerpt-hellip\"> [\u2026]<\/span><\/p>\n","protected":false},"featured_media":0,"template":"","meta":{"_monsterinsights_skip_tracking":false,"_monsterinsights_sitenote_active":false,"_monsterinsights_sitenote_note":"","_monsterinsights_sitenote_category":0},"product_brand":[],"product_cat":[12913,12274],"product_tag":[],"class_list":{"0":"post-736597","1":"product","2":"type-product","3":"status-publish","5":"product_cat-3-6-yas-kitaplari","6":"product_cat-cocuk-ve-genclik-kitaplari","7":"pa_cilt-ciltsiz","8":"pa_tur-kitap","9":"pa_yayinevi-yapi-kredi-yayinlari","10":"pa_yazar-philip-c-stead","12":"first","13":"instock","14":"sale","15":"shipping-taxable","16":"purchasable","17":"product-type-simple"},"_links":{"self":[{"href":"https:\/\/roveyayinevi.com.tr\/index.php\/wp-json\/wp\/v2\/product\/736597","targetHints":{"allow":["GET"]}}],"collection":[{"href":"https:\/\/roveyayinevi.com.tr\/index.php\/wp-json\/wp\/v2\/product"}],"about":[{"href":"https:\/\/roveyayinevi.com.tr\/index.php\/wp-json\/wp\/v2\/types\/product"}],"wp:attachment":[{"href":"https:\/\/roveyayinevi.com.tr\/index.php\/wp-json\/wp\/v2\/media?parent=736597"}],"wp:term":[{"taxonomy":"product_brand","embeddable":true,"href":"https:\/\/roveyayinevi.com.tr\/index.php\/wp-json\/wp\/v2\/product_brand?post=736597"},{"taxonomy":"product_cat","embeddable":true,"href":"https:\/\/roveyayinevi.com.tr\/index.php\/wp-json\/wp\/v2\/product_cat?post=736597"},{"taxonomy":"product_tag","embeddable":true,"href":"https:\/\/roveyayinevi.com.tr\/index.php\/wp-json\/wp\/v2\/product_tag?post=736597"}],"curies":[{"name":"wp","href":"https:\/\/api.w.org\/{rel}","templated":true}]}}