{"id":736593,"date":"2025-08-27T23:10:55","date_gmt":"2025-08-27T20:10:55","guid":{"rendered":"https:\/\/roveyayinevi.com.tr\/index.php\/urun\/guz-masallari\/"},"modified":"2026-04-16T02:45:41","modified_gmt":"2026-04-15T23:45:41","slug":"guz-masallari","status":"publish","type":"product","link":"https:\/\/roveyayinevi.com.tr\/index.php\/urun\/guz-masallari\/","title":{"rendered":"G\u00fcz Masallar\u0131"},"content":{"rendered":"<p>G\u00fcz Masallar\u0131, \u201cMevsim Masallar\u0131\u201d dizisinin d\u00f6rd\u00fcnc\u00fc ve son kitab\u0131. Yine Tar\u0131k Demirkan\u2019\u0131n derleyip \u00e7evirdi\u011fi, Feridun Oral\u2019\u0131n resimledi\u011fi bu kitap, dizinin \u00f6nceki kitaplar\u0131ndaki gibi d\u00fcnyan\u0131n d\u00f6rt bir yan\u0131ndan \u00f6zenle se\u00e7ilmi\u015f masallarla dolu\u2026G\u00fcz Masallar\u0131, \u00e7ocuklara g\u00fcz mevsiminin \u00f6zelliklerini ve bu mevsimde do\u011fan\u0131n ge\u00e7irdi\u011fi de\u011fi\u015fimleri anlat\u0131rken tatilin sona erdi\u011fi, tatl\u0131 bir ko\u015fturmacan\u0131n ba\u015flad\u0131\u011f\u0131 bu g\u00fcnlerde, her ya\u015ftan \u00e7ocu\u011fun zevkle okuyaca\u011f\u0131 bir kitap. <\/p>\n","protected":false},"excerpt":{"rendered":"<p>G\u00fcz Masallar\u0131, \u201cMevsim Masallar\u0131\u201d dizisinin d\u00f6rd\u00fcnc\u00fc ve son kitab\u0131. Yine Tar\u0131k Demirkan\u2019\u0131n derleyip \u00e7evirdi\u011fi, Feridun Oral\u2019\u0131n resimledi\u011fi bu kitap, dizinin \u00f6nceki kitaplar\u0131ndaki gibi d\u00fcnyan\u0131n d\u00f6rt bir<span class=\"excerpt-hellip\"> [\u2026]<\/span><\/p>\n","protected":false},"featured_media":0,"template":"","meta":{"_monsterinsights_skip_tracking":false,"_monsterinsights_sitenote_active":false,"_monsterinsights_sitenote_note":"","_monsterinsights_sitenote_category":0},"product_brand":[],"product_cat":[12274,12523],"product_tag":[],"class_list":{"0":"post-736593","1":"product","2":"type-product","3":"status-publish","5":"product_cat-cocuk-ve-genclik-kitaplari","6":"product_cat-masallar","7":"pa_cilt-ciltsiz","8":"pa_tur-kitap","9":"pa_yayinevi-yapi-kredi-yayinlari","10":"pa_yazar-tarik-demirkan","12":"first","13":"instock","14":"sale","15":"shipping-taxable","16":"purchasable","17":"product-type-simple"},"_links":{"self":[{"href":"https:\/\/roveyayinevi.com.tr\/index.php\/wp-json\/wp\/v2\/product\/736593","targetHints":{"allow":["GET"]}}],"collection":[{"href":"https:\/\/roveyayinevi.com.tr\/index.php\/wp-json\/wp\/v2\/product"}],"about":[{"href":"https:\/\/roveyayinevi.com.tr\/index.php\/wp-json\/wp\/v2\/types\/product"}],"wp:attachment":[{"href":"https:\/\/roveyayinevi.com.tr\/index.php\/wp-json\/wp\/v2\/media?parent=736593"}],"wp:term":[{"taxonomy":"product_brand","embeddable":true,"href":"https:\/\/roveyayinevi.com.tr\/index.php\/wp-json\/wp\/v2\/product_brand?post=736593"},{"taxonomy":"product_cat","embeddable":true,"href":"https:\/\/roveyayinevi.com.tr\/index.php\/wp-json\/wp\/v2\/product_cat?post=736593"},{"taxonomy":"product_tag","embeddable":true,"href":"https:\/\/roveyayinevi.com.tr\/index.php\/wp-json\/wp\/v2\/product_tag?post=736593"}],"curies":[{"name":"wp","href":"https:\/\/api.w.org\/{rel}","templated":true}]}}