{"id":736592,"date":"2025-08-27T23:10:54","date_gmt":"2025-08-27T20:10:54","guid":{"rendered":"https:\/\/roveyayinevi.com.tr\/index.php\/urun\/kelebek-peri-kayaga-gidiyor-ugurbocegi-sevecen-ile-salyangoz-tomurcuk-36\/"},"modified":"2026-04-16T02:45:41","modified_gmt":"2026-04-15T23:45:41","slug":"kelebek-peri-kayaga-gidiyor-ugurbocegi-sevecen-ile-salyangoz-tomurcuk-36","status":"publish","type":"product","link":"https:\/\/roveyayinevi.com.tr\/index.php\/urun\/kelebek-peri-kayaga-gidiyor-ugurbocegi-sevecen-ile-salyangoz-tomurcuk-36\/","title":{"rendered":"Kelebek Peri Kaya\u011fa Gidiyor &#8211; U\u011furb\u00f6ce\u011fi Sevecen ile Salyangoz Tomurcuk 36"},"content":{"rendered":"<p>Karb\u00f6ce\u011fi Y\u0131ld\u0131z arkada\u015flar\u0131n\u0131 kaya\u011fa g\u00f6t\u00fcr\u00fcyor. Hatta kaymay\u0131 bilmeyenlere seve seve \u00f6\u011fretebilece\u011fini s\u00f6yl\u00fcyor. Ama Kelebek Peri daha \u00f6nce hi\u00e7 kaymad\u0131\u011f\u0131n\u0131 s\u00f6ylemeye \u00e7ekiniyor. Herkes s\u0131rayla tepeden a\u015fa\u011f\u0131 kaymaya ba\u015flad\u0131\u011f\u0131nda Peri de pe\u015flerinden gidiyor. Peki Peri nas\u0131l duracak dersiniz?  Neyse ki ormandaki dostlar Peri\u2019nin hep yan\u0131nda. <\/p>\n","protected":false},"excerpt":{"rendered":"<p>Karb\u00f6ce\u011fi Y\u0131ld\u0131z arkada\u015flar\u0131n\u0131 kaya\u011fa g\u00f6t\u00fcr\u00fcyor. Hatta kaymay\u0131 bilmeyenlere seve seve \u00f6\u011fretebilece\u011fini s\u00f6yl\u00fcyor. Ama Kelebek Peri daha \u00f6nce hi\u00e7 kaymad\u0131\u011f\u0131n\u0131 s\u00f6ylemeye \u00e7ekiniyor. Herkes s\u0131rayla tepeden a\u015fa\u011f\u0131 kaymaya<span class=\"excerpt-hellip\"> [\u2026]<\/span><\/p>\n","protected":false},"featured_media":0,"template":"","meta":{"_monsterinsights_skip_tracking":false,"_monsterinsights_sitenote_active":false,"_monsterinsights_sitenote_note":"","_monsterinsights_sitenote_category":0},"product_brand":[],"product_cat":[12913,12274],"product_tag":[],"class_list":{"0":"post-736592","1":"product","2":"type-product","3":"status-publish","5":"product_cat-3-6-yas-kitaplari","6":"product_cat-cocuk-ve-genclik-kitaplari","7":"pa_cilt-ciltsiz","8":"pa_tur-kitap","9":"pa_yayinevi-yapi-kredi-yayinlari","10":"pa_yazar-erika-bartos","12":"first","13":"instock","14":"sale","15":"shipping-taxable","16":"purchasable","17":"product-type-simple"},"_links":{"self":[{"href":"https:\/\/roveyayinevi.com.tr\/index.php\/wp-json\/wp\/v2\/product\/736592","targetHints":{"allow":["GET"]}}],"collection":[{"href":"https:\/\/roveyayinevi.com.tr\/index.php\/wp-json\/wp\/v2\/product"}],"about":[{"href":"https:\/\/roveyayinevi.com.tr\/index.php\/wp-json\/wp\/v2\/types\/product"}],"wp:attachment":[{"href":"https:\/\/roveyayinevi.com.tr\/index.php\/wp-json\/wp\/v2\/media?parent=736592"}],"wp:term":[{"taxonomy":"product_brand","embeddable":true,"href":"https:\/\/roveyayinevi.com.tr\/index.php\/wp-json\/wp\/v2\/product_brand?post=736592"},{"taxonomy":"product_cat","embeddable":true,"href":"https:\/\/roveyayinevi.com.tr\/index.php\/wp-json\/wp\/v2\/product_cat?post=736592"},{"taxonomy":"product_tag","embeddable":true,"href":"https:\/\/roveyayinevi.com.tr\/index.php\/wp-json\/wp\/v2\/product_tag?post=736592"}],"curies":[{"name":"wp","href":"https:\/\/api.w.org\/{rel}","templated":true}]}}