{"id":736591,"date":"2025-08-27T23:10:53","date_gmt":"2025-08-27T20:10:53","guid":{"rendered":"https:\/\/roveyayinevi.com.tr\/index.php\/urun\/tavsan-ozinin-bos-vakti\/"},"modified":"2026-04-16T02:45:41","modified_gmt":"2026-04-15T23:45:41","slug":"tavsan-ozinin-bos-vakti","status":"publish","type":"product","link":"https:\/\/roveyayinevi.com.tr\/index.php\/urun\/tavsan-ozinin-bos-vakti\/","title":{"rendered":"Tav\u015fan Ozi&#8217;nin Bo\u015f Vakti"},"content":{"rendered":"<p>Tav\u015fan Ozi merak ediyordu: Acaba \u201cbo\u015f vakit\u201d ne demekti? Bunu saat\u00e7i dedesine sordu. Dedesi ise onu manava g\u00f6nderdi, manav\u0131n buna verecek iyi bir cevab\u0131 olabilirdi. Ancak Ozi b\u00fct\u00fcn g\u00fcn\u00fc manavdan pastaneciye, oyuncak\u00e7\u0131dan kitap\u00e7\u0131ya pek \u00e7ok esnaf\u0131n yan\u0131na u\u011frayarak ve dolu dolu ge\u00e7irdi.  Peki bo\u015f vakit neydi?   Tav\u015fan Ozi\u2019nin Bo\u015f Vakti Cem K\u0131z\u0131ltu\u011f\u2019un yaz\u0131p resimledi\u011fi tatl\u0131 bir mahalle hik\u00e2yesi. <\/p>\n","protected":false},"excerpt":{"rendered":"<p>Tav\u015fan Ozi merak ediyordu: Acaba \u201cbo\u015f vakit\u201d ne demekti? Bunu saat\u00e7i dedesine sordu. Dedesi ise onu manava g\u00f6nderdi, manav\u0131n buna verecek iyi bir cevab\u0131 olabilirdi. Ancak<span class=\"excerpt-hellip\"> [\u2026]<\/span><\/p>\n","protected":false},"featured_media":0,"template":"","meta":{"_monsterinsights_skip_tracking":false,"_monsterinsights_sitenote_active":false,"_monsterinsights_sitenote_note":"","_monsterinsights_sitenote_category":0},"product_brand":[],"product_cat":[12913,12274],"product_tag":[],"class_list":{"0":"post-736591","1":"product","2":"type-product","3":"status-publish","5":"product_cat-3-6-yas-kitaplari","6":"product_cat-cocuk-ve-genclik-kitaplari","7":"pa_cilt-ciltsiz","8":"pa_tur-kitap","9":"pa_yayinevi-yapi-kredi-yayinlari","10":"pa_yazar-cem-kiziltug","12":"first","13":"instock","14":"sale","15":"shipping-taxable","16":"purchasable","17":"product-type-simple"},"_links":{"self":[{"href":"https:\/\/roveyayinevi.com.tr\/index.php\/wp-json\/wp\/v2\/product\/736591","targetHints":{"allow":["GET"]}}],"collection":[{"href":"https:\/\/roveyayinevi.com.tr\/index.php\/wp-json\/wp\/v2\/product"}],"about":[{"href":"https:\/\/roveyayinevi.com.tr\/index.php\/wp-json\/wp\/v2\/types\/product"}],"wp:attachment":[{"href":"https:\/\/roveyayinevi.com.tr\/index.php\/wp-json\/wp\/v2\/media?parent=736591"}],"wp:term":[{"taxonomy":"product_brand","embeddable":true,"href":"https:\/\/roveyayinevi.com.tr\/index.php\/wp-json\/wp\/v2\/product_brand?post=736591"},{"taxonomy":"product_cat","embeddable":true,"href":"https:\/\/roveyayinevi.com.tr\/index.php\/wp-json\/wp\/v2\/product_cat?post=736591"},{"taxonomy":"product_tag","embeddable":true,"href":"https:\/\/roveyayinevi.com.tr\/index.php\/wp-json\/wp\/v2\/product_tag?post=736591"}],"curies":[{"name":"wp","href":"https:\/\/api.w.org\/{rel}","templated":true}]}}