{"id":736590,"date":"2025-08-27T23:10:52","date_gmt":"2025-08-27T20:10:52","guid":{"rendered":"https:\/\/roveyayinevi.com.tr\/index.php\/urun\/talihsiz-on-bir\/"},"modified":"2026-04-16T02:45:41","modified_gmt":"2026-04-15T23:45:41","slug":"talihsiz-on-bir","status":"publish","type":"product","link":"https:\/\/roveyayinevi.com.tr\/index.php\/urun\/talihsiz-on-bir\/","title":{"rendered":"Talihsiz On Bir"},"content":{"rendered":"<p>Sa\u00e7ma sapan sakatl\u0131klar&#8230; Tuhaf hastal\u0131klar&#8230; \u0130ptal edilen ma\u00e7lar&#8230;   Bu tak\u0131m \u201ctalihsiz on bir\u201d lakab\u0131n\u0131 ger\u00e7ekten hak ediyor! Azizler futbol tak\u0131m\u0131 i\u00e7in bu sezon her \u015fey ters gitmektedir. Stanley\u2019nin tak\u0131m arkada\u015flar\u0131 bu tersli\u011fin nedenini sonunda ke\u015ffettiklerine inan\u0131r: Tak\u0131mlar\u0131 lanetlenmi\u015ftir! Ama oyuncular\u0131n lanetten kurtulma \u00e7abalar\u0131 her \u015feyi daha da k\u00f6t\u00fc hale getirir. Art\u0131k futbolu b\u0131rakma noktas\u0131na gelmi\u015flerdir. Ancak Stanley duruma m\u00fcdahale eder; \u015fimdi hayat\u0131n\u0131n en \u00f6nemli serbest vuru\u015funu kullanacakt\u0131r. <\/p>\n","protected":false},"excerpt":{"rendered":"<p>Sa\u00e7ma sapan sakatl\u0131klar&#8230; Tuhaf hastal\u0131klar&#8230; \u0130ptal edilen ma\u00e7lar&#8230; Bu tak\u0131m \u201ctalihsiz on bir\u201d lakab\u0131n\u0131 ger\u00e7ekten hak ediyor! Azizler futbol tak\u0131m\u0131 i\u00e7in bu sezon her \u015fey ters<span class=\"excerpt-hellip\"> [\u2026]<\/span><\/p>\n","protected":false},"featured_media":0,"template":"","meta":{"_monsterinsights_skip_tracking":false,"_monsterinsights_sitenote_active":false,"_monsterinsights_sitenote_note":"","_monsterinsights_sitenote_category":0},"product_brand":[],"product_cat":[12275,12274],"product_tag":[],"class_list":{"0":"post-736590","1":"product","2":"type-product","3":"status-publish","5":"product_cat-6-12-yas-kitaplari","6":"product_cat-cocuk-ve-genclik-kitaplari","7":"pa_cilt-ciltsiz","8":"pa_tur-kitap","9":"pa_yayinevi-yapi-kredi-yayinlari","10":"pa_yazar-phil-earle","12":"first","13":"instock","14":"sale","15":"shipping-taxable","16":"purchasable","17":"product-type-simple"},"_links":{"self":[{"href":"https:\/\/roveyayinevi.com.tr\/index.php\/wp-json\/wp\/v2\/product\/736590","targetHints":{"allow":["GET"]}}],"collection":[{"href":"https:\/\/roveyayinevi.com.tr\/index.php\/wp-json\/wp\/v2\/product"}],"about":[{"href":"https:\/\/roveyayinevi.com.tr\/index.php\/wp-json\/wp\/v2\/types\/product"}],"wp:attachment":[{"href":"https:\/\/roveyayinevi.com.tr\/index.php\/wp-json\/wp\/v2\/media?parent=736590"}],"wp:term":[{"taxonomy":"product_brand","embeddable":true,"href":"https:\/\/roveyayinevi.com.tr\/index.php\/wp-json\/wp\/v2\/product_brand?post=736590"},{"taxonomy":"product_cat","embeddable":true,"href":"https:\/\/roveyayinevi.com.tr\/index.php\/wp-json\/wp\/v2\/product_cat?post=736590"},{"taxonomy":"product_tag","embeddable":true,"href":"https:\/\/roveyayinevi.com.tr\/index.php\/wp-json\/wp\/v2\/product_tag?post=736590"}],"curies":[{"name":"wp","href":"https:\/\/api.w.org\/{rel}","templated":true}]}}