{"id":736587,"date":"2025-08-27T23:10:48","date_gmt":"2025-08-27T20:10:48","guid":{"rendered":"https:\/\/roveyayinevi.com.tr\/index.php\/urun\/dort-oyun-2\/"},"modified":"2026-04-16T02:45:40","modified_gmt":"2026-04-15T23:45:40","slug":"dort-oyun-2","status":"publish","type":"product","link":"https:\/\/roveyayinevi.com.tr\/index.php\/urun\/dort-oyun-2\/","title":{"rendered":"D\u00f6rt Oyun"},"content":{"rendered":"<p>Aile i\u00e7i ili\u015fkileri, toplumsal sorunlar\u0131 i\u015flerken bireysel \u00f6zellikleri yerli yerinde kullan\u0131yor \u015eiir Erk\u00f6k Y\u0131lmaz. Diyaloglardaki ustal\u0131\u011f\u0131 kadar, sahne planlar\u0131, ki\u015filerin duygu ve davran\u0131\u015f durumlar\u0131n\u0131 veri\u015fiyle de dikkati \u00e7ekiyor.   \u015eiir Erk\u00f6k Y\u0131lmaz\u2019dan \u00e7a\u011fda\u015f tiyatromuza d\u00f6rt yeni oyun.   Bir Darbe Masal\u0131: Darbeci pa\u015fa, g\u00f6nl\u00fcn\u00fc bir k\u0131za kapt\u0131r\u0131nca darbeden nas\u0131l vazge\u00e7iyor? Askeri darbe planlayan kuvvet komutanlar\u0131n\u0131n tasalar\u0131 ve aralar\u0131ndaki tart\u0131\u015fmalar bir g\u00fcld\u00fcr\u00fc \u00f6rg\u00fcs\u00fc i\u00e7inde sahneleniyor.   Antika Bir Oyun: Ya\u015f haddinden emekli bir \u00fcniversite hocas\u0131 kendisini a\u00e7\u0131k art\u0131rmayla sat\u0131\u015fa \u00e7\u0131kar\u0131rsa ne olur, nas\u0131l trajikomik bir sahne ortaya \u00e7\u0131kar?   Kom\u015fuculuk: Haz\u0131r yiyicilerle eme\u011fiyle ge\u00e7inenlerin kom\u015fulu\u011fu nas\u0131ld\u0131r? Tad\u0131na doyulmaz bir kom\u015fuculuk \u00f6rne\u011fi sahneleniyor.   Hayat \u00d6p\u00fcc\u00fc\u011f\u00fc: Ununu eleyip ele\u011fini asm\u0131\u015flar ya da i\u00e7i ge\u00e7mi\u015f gen\u00e7ler i\u00e7in umut ne ifade eder, nerede bulunur? <\/p>\n","protected":false},"excerpt":{"rendered":"<p>Aile i\u00e7i ili\u015fkileri, toplumsal sorunlar\u0131 i\u015flerken bireysel \u00f6zellikleri yerli yerinde kullan\u0131yor \u015eiir Erk\u00f6k Y\u0131lmaz. Diyaloglardaki ustal\u0131\u011f\u0131 kadar, sahne planlar\u0131, ki\u015filerin duygu ve davran\u0131\u015f durumlar\u0131n\u0131 veri\u015fiyle de<span class=\"excerpt-hellip\"> [\u2026]<\/span><\/p>\n","protected":false},"featured_media":0,"template":"","meta":{"_monsterinsights_skip_tracking":false,"_monsterinsights_sitenote_active":false,"_monsterinsights_sitenote_note":"","_monsterinsights_sitenote_category":0},"product_brand":[],"product_cat":[12291,15566],"product_tag":[],"class_list":{"0":"post-736587","1":"product","2":"type-product","3":"status-publish","5":"product_cat-edebiyat","6":"product_cat-oyun","7":"pa_cilt-ciltsiz","8":"pa_tur-kitap","9":"pa_yayinevi-yapi-kredi-yayinlari","10":"pa_yazar-siir-erkok-yilmaz","12":"first","13":"instock","14":"sale","15":"shipping-taxable","16":"purchasable","17":"product-type-simple"},"_links":{"self":[{"href":"https:\/\/roveyayinevi.com.tr\/index.php\/wp-json\/wp\/v2\/product\/736587","targetHints":{"allow":["GET"]}}],"collection":[{"href":"https:\/\/roveyayinevi.com.tr\/index.php\/wp-json\/wp\/v2\/product"}],"about":[{"href":"https:\/\/roveyayinevi.com.tr\/index.php\/wp-json\/wp\/v2\/types\/product"}],"wp:attachment":[{"href":"https:\/\/roveyayinevi.com.tr\/index.php\/wp-json\/wp\/v2\/media?parent=736587"}],"wp:term":[{"taxonomy":"product_brand","embeddable":true,"href":"https:\/\/roveyayinevi.com.tr\/index.php\/wp-json\/wp\/v2\/product_brand?post=736587"},{"taxonomy":"product_cat","embeddable":true,"href":"https:\/\/roveyayinevi.com.tr\/index.php\/wp-json\/wp\/v2\/product_cat?post=736587"},{"taxonomy":"product_tag","embeddable":true,"href":"https:\/\/roveyayinevi.com.tr\/index.php\/wp-json\/wp\/v2\/product_tag?post=736587"}],"curies":[{"name":"wp","href":"https:\/\/api.w.org\/{rel}","templated":true}]}}