{"id":736586,"date":"2025-08-27T23:10:48","date_gmt":"2025-08-27T20:10:48","guid":{"rendered":"https:\/\/roveyayinevi.com.tr\/index.php\/urun\/kuantum-pazarlama\/"},"modified":"2026-04-16T02:45:40","modified_gmt":"2026-04-15T23:45:40","slug":"kuantum-pazarlama","status":"publish","type":"product","link":"https:\/\/roveyayinevi.com.tr\/index.php\/urun\/kuantum-pazarlama\/","title":{"rendered":"Kuantum Pazarlama"},"content":{"rendered":"<p>Teknoloji kuantum s\u0131\u00e7ramalar\u0131yla de\u011fi\u015fiyor. D\u00fcnya ve toplum da onunla birlikte alt\u00fcst olup d\u00f6n\u00fc\u015f\u00fcyor. Art\u0131k pazarlamada Be\u015finci Paradigma d\u00f6nemi ba\u015fl\u0131yor. Bug\u00fcn pazarlama deyince akl\u0131m\u0131za gelen her \u015fey, hatta bizzat marka kavram\u0131n\u0131n kendisi, bir devrimden ge\u00e7iyor. Devir Kuantum Pazarlama ve Kuantum CMO\u2019lar\u0131 devri. D\u00fcnyan\u0131n \u00f6nde gelen markalar\u0131ndan Mastercard\u2019\u0131n CMO\u2019su Raja Rajamannar bu yeni paradigmada ba\u015far\u0131l\u0131 olmak ve g\u00fcndemde kalmak isteyen i\u015fletmelerin ve pazarlamac\u0131lar\u0131n neler yapmalar\u0131 gerekti\u011fini ortaya koyuyor. Rajamannar, t\u00fcm pazarlamac\u0131lara bir Kuantum CMO\u2019su olma konusunda yol g\u00f6steriyor. Rajamannar uzun y\u0131llara dayal\u0131 i\u00e7g\u00f6r\u00fc ve tecr\u00fcbelerini pazarlaman\u0131n evrimini anlamak, yeni paradigmada g\u00fcndemde kalmak, s\u00fcrekli de\u011fi\u015fen bir sekt\u00f6rde do\u011fru pazarlama strateji ve taktiklerine vak\u0131f olmak, i\u015fletme i\u00e7i ve d\u0131\u015f\u0131 ortakl\u0131klar kurarak geli\u015ftirmek isteyen herkesin yararlanabilece\u011fi bir \u015fekilde payla\u015f\u0131yor. Yeni \u00e7a\u011f\u0131n pazarlama zihniyetini anlamak isteyenlerin ihtiyac\u0131 olan yeni \u00e7er\u00e7eve ve yakla\u015f\u0131mlar Kuantum Pazarlama\u2019da. <\/p>\n","protected":false},"excerpt":{"rendered":"<p>Teknoloji kuantum s\u0131\u00e7ramalar\u0131yla de\u011fi\u015fiyor. D\u00fcnya ve toplum da onunla birlikte alt\u00fcst olup d\u00f6n\u00fc\u015f\u00fcyor. Art\u0131k pazarlamada Be\u015finci Paradigma d\u00f6nemi ba\u015fl\u0131yor. Bug\u00fcn pazarlama deyince akl\u0131m\u0131za gelen her \u015fey,<span class=\"excerpt-hellip\"> [\u2026]<\/span><\/p>\n","protected":false},"featured_media":0,"template":"","meta":{"_monsterinsights_skip_tracking":false,"_monsterinsights_sitenote_active":false,"_monsterinsights_sitenote_note":"","_monsterinsights_sitenote_category":0},"product_brand":[],"product_cat":[13043,17647],"product_tag":[],"class_list":{"0":"post-736586","1":"product","2":"type-product","3":"status-publish","5":"product_cat-ekonomi","6":"product_cat-is-dunyasi","7":"pa_cilt-ciltsiz","8":"pa_tur-kitap","9":"pa_yayinevi-nisantasi-universitesi-yayinlari","10":"pa_yazar-raja-rajamannar","12":"first","13":"instock","14":"sale","15":"shipping-taxable","16":"purchasable","17":"product-type-simple"},"_links":{"self":[{"href":"https:\/\/roveyayinevi.com.tr\/index.php\/wp-json\/wp\/v2\/product\/736586","targetHints":{"allow":["GET"]}}],"collection":[{"href":"https:\/\/roveyayinevi.com.tr\/index.php\/wp-json\/wp\/v2\/product"}],"about":[{"href":"https:\/\/roveyayinevi.com.tr\/index.php\/wp-json\/wp\/v2\/types\/product"}],"wp:attachment":[{"href":"https:\/\/roveyayinevi.com.tr\/index.php\/wp-json\/wp\/v2\/media?parent=736586"}],"wp:term":[{"taxonomy":"product_brand","embeddable":true,"href":"https:\/\/roveyayinevi.com.tr\/index.php\/wp-json\/wp\/v2\/product_brand?post=736586"},{"taxonomy":"product_cat","embeddable":true,"href":"https:\/\/roveyayinevi.com.tr\/index.php\/wp-json\/wp\/v2\/product_cat?post=736586"},{"taxonomy":"product_tag","embeddable":true,"href":"https:\/\/roveyayinevi.com.tr\/index.php\/wp-json\/wp\/v2\/product_tag?post=736586"}],"curies":[{"name":"wp","href":"https:\/\/api.w.org\/{rel}","templated":true}]}}