{"id":736585,"date":"2025-08-27T23:10:47","date_gmt":"2025-08-27T20:10:47","guid":{"rendered":"https:\/\/roveyayinevi.com.tr\/index.php\/urun\/aile-dizimi\/"},"modified":"2026-04-16T02:45:40","modified_gmt":"2026-04-15T23:45:40","slug":"aile-dizimi","status":"publish","type":"product","link":"https:\/\/roveyayinevi.com.tr\/index.php\/urun\/aile-dizimi\/","title":{"rendered":"Aile Dizimi"},"content":{"rendered":"<p>Fiziksel genetik gibi ruhsal genetik de atalardan sonraki nesillere aktar\u0131l\u0131r.   Atalar\u0131m\u0131z\u0131n ge\u00e7mi\u015fte ya\u015fad\u0131\u011f\u0131 deneyimler -\u00f6zellikle travma gibi duygusal izler b\u0131rakanlar- gelecek ku\u015faklarda genler vas\u0131tas\u0131yla ya\u015f\u0131yor. Genetik bilgi olarak var olan bu deneyimler, tetikleyecek bir ya\u015fant\u0131 oldu\u011funda -aynen gen anahtar\u0131n\u0131n yapt\u0131\u011f\u0131 gibi- canlan\u0131yor. Kendini benzer deneyimleri s\u00fcrekli ya\u015far gibi hissediyorsan\u0131z, yoksunluklar\u0131n\u0131z (sa\u011fl\u0131k, para, bereket, i\u015f, a\u015fk, ili\u015fki, huzur, mutluluk, \u00e7ocuk, istikrar vs) sizin se\u00e7imleriniz d\u0131\u015f\u0131nda da devaml\u0131l\u0131k arz ediyorsa, almak ve vermekle ilgili sorunlar\u0131n\u0131z varsa, ebeveynlerinizle ve\/veya ailenizin di\u011fer bireyleriyle sorunlar ya\u015f\u0131yor ve aidiyet hissetmiyorsan\u0131z Aile Dizimi size yard\u0131mc\u0131 olabilir. <\/p>\n","protected":false},"excerpt":{"rendered":"<p>Fiziksel genetik gibi ruhsal genetik de atalardan sonraki nesillere aktar\u0131l\u0131r. Atalar\u0131m\u0131z\u0131n ge\u00e7mi\u015fte ya\u015fad\u0131\u011f\u0131 deneyimler -\u00f6zellikle travma gibi duygusal izler b\u0131rakanlar- gelecek ku\u015faklarda genler vas\u0131tas\u0131yla ya\u015f\u0131yor. Genetik<span class=\"excerpt-hellip\"> [\u2026]<\/span><\/p>\n","protected":false},"featured_media":0,"template":"","meta":{"_monsterinsights_skip_tracking":false,"_monsterinsights_sitenote_active":false,"_monsterinsights_sitenote_note":"","_monsterinsights_sitenote_category":0},"product_brand":[],"product_cat":[12364,12376],"product_tag":[],"class_list":{"0":"post-736585","1":"product","2":"type-product","3":"status-publish","5":"product_cat-genel-konular","6":"product_cat-kisisel-gelisim","7":"pa_cilt-ciltsiz","8":"pa_tur-kitap","9":"pa_yayinevi-mona-kitap","10":"pa_yazar-ayla-akbuar","12":"first","13":"instock","14":"sale","15":"shipping-taxable","16":"purchasable","17":"product-type-simple"},"_links":{"self":[{"href":"https:\/\/roveyayinevi.com.tr\/index.php\/wp-json\/wp\/v2\/product\/736585","targetHints":{"allow":["GET"]}}],"collection":[{"href":"https:\/\/roveyayinevi.com.tr\/index.php\/wp-json\/wp\/v2\/product"}],"about":[{"href":"https:\/\/roveyayinevi.com.tr\/index.php\/wp-json\/wp\/v2\/types\/product"}],"wp:attachment":[{"href":"https:\/\/roveyayinevi.com.tr\/index.php\/wp-json\/wp\/v2\/media?parent=736585"}],"wp:term":[{"taxonomy":"product_brand","embeddable":true,"href":"https:\/\/roveyayinevi.com.tr\/index.php\/wp-json\/wp\/v2\/product_brand?post=736585"},{"taxonomy":"product_cat","embeddable":true,"href":"https:\/\/roveyayinevi.com.tr\/index.php\/wp-json\/wp\/v2\/product_cat?post=736585"},{"taxonomy":"product_tag","embeddable":true,"href":"https:\/\/roveyayinevi.com.tr\/index.php\/wp-json\/wp\/v2\/product_tag?post=736585"}],"curies":[{"name":"wp","href":"https:\/\/api.w.org\/{rel}","templated":true}]}}