{"id":736584,"date":"2025-08-27T23:10:46","date_gmt":"2025-08-27T20:10:46","guid":{"rendered":"https:\/\/roveyayinevi.com.tr\/index.php\/urun\/hatiralarin-evi\/"},"modified":"2026-04-16T02:45:40","modified_gmt":"2026-04-15T23:45:40","slug":"hatiralarin-evi","status":"publish","type":"product","link":"https:\/\/roveyayinevi.com.tr\/index.php\/urun\/hatiralarin-evi\/","title":{"rendered":"Hat\u0131ralar\u0131n Evi"},"content":{"rendered":"<p>Ev, d\u00fcnyaya k\u00f6k sald\u0131\u011f\u0131m\u0131z yerdir. Sorgusuz sualsiz kendimiz olabildi\u011fimiz yer&#8230; Aile ise \u201ckalpsiz bir d\u00fcnyada son s\u0131\u011f\u0131nak\u201dt\u0131r; \u015fefkatin son kalesi. \u0130nsan kimli\u011fi hat\u0131ralarla olu\u015fur. Aile bu bak\u0131mdan hat\u0131ralar\u0131n evidir. Bir evi \u201cyuva\u201d yapan da budur.   Ancak \u015fimdilerde herkesin akl\u0131 kar\u0131\u015f\u0131k\u2026 Bir \u201cahlaki panikler \u00e7a\u011f\u0131\u201dnda ya\u015f\u0131yoruz: Eyvah, aile elimizden kay\u0131p gidiyor mu? \u00c7ocuklar\u0131m\u0131z hi\u00e7 de bizim \u00e7ocuklu\u011fumuzu hat\u0131rlatm\u0131yor, yoksa onlara k\u00f6t\u00fc bir \u015fey mi oldu? Anne ve babalarda s\u00fcrekli \u201cBir \u015feyler yanl\u0131\u015f m\u0131 gidiyor?\u201d hissi, hatta \u201cyeterince iyi olamama\u201d kayg\u0131s\u0131\u2026   Kemal Sayar, Hat\u0131ralar\u0131n Evi\u2013 G\u00fcn\u00fcm\u00fczde Aile ile bu ak\u0131l kar\u0131\u015f\u0131kl\u0131\u011f\u0131n\u0131 bir nebze hafifletmeye \u00e7al\u0131\u015f\u0131yor. Sorulara ve cevaplara \u0131\u015f\u0131k tutan bu k\u0131lavuz kitap, evden yuvaya giden yolu ayd\u0131nlat\u0131yor. <\/p>\n","protected":false},"excerpt":{"rendered":"<p>Ev, d\u00fcnyaya k\u00f6k sald\u0131\u011f\u0131m\u0131z yerdir. Sorgusuz sualsiz kendimiz olabildi\u011fimiz yer&#8230; Aile ise \u201ckalpsiz bir d\u00fcnyada son s\u0131\u011f\u0131nak\u201dt\u0131r; \u015fefkatin son kalesi. \u0130nsan kimli\u011fi hat\u0131ralarla olu\u015fur. Aile bu<span class=\"excerpt-hellip\"> [\u2026]<\/span><\/p>\n","protected":false},"featured_media":0,"template":"","meta":{"_monsterinsights_skip_tracking":false,"_monsterinsights_sitenote_active":false,"_monsterinsights_sitenote_note":"","_monsterinsights_sitenote_category":0},"product_brand":[],"product_cat":[12358,12357],"product_tag":[],"class_list":{"0":"post-736584","1":"product","2":"type-product","3":"status-publish","5":"product_cat-genel-psikoloji","6":"product_cat-psikoloji","7":"pa_cilt-ciltsiz","8":"pa_tur-kitap","9":"pa_yayinevi-kapi-yayinlari","10":"pa_yazar-kemal-sayar","12":"first","13":"instock","14":"sale","15":"shipping-taxable","16":"purchasable","17":"product-type-simple"},"_links":{"self":[{"href":"https:\/\/roveyayinevi.com.tr\/index.php\/wp-json\/wp\/v2\/product\/736584","targetHints":{"allow":["GET"]}}],"collection":[{"href":"https:\/\/roveyayinevi.com.tr\/index.php\/wp-json\/wp\/v2\/product"}],"about":[{"href":"https:\/\/roveyayinevi.com.tr\/index.php\/wp-json\/wp\/v2\/types\/product"}],"wp:attachment":[{"href":"https:\/\/roveyayinevi.com.tr\/index.php\/wp-json\/wp\/v2\/media?parent=736584"}],"wp:term":[{"taxonomy":"product_brand","embeddable":true,"href":"https:\/\/roveyayinevi.com.tr\/index.php\/wp-json\/wp\/v2\/product_brand?post=736584"},{"taxonomy":"product_cat","embeddable":true,"href":"https:\/\/roveyayinevi.com.tr\/index.php\/wp-json\/wp\/v2\/product_cat?post=736584"},{"taxonomy":"product_tag","embeddable":true,"href":"https:\/\/roveyayinevi.com.tr\/index.php\/wp-json\/wp\/v2\/product_tag?post=736584"}],"curies":[{"name":"wp","href":"https:\/\/api.w.org\/{rel}","templated":true}]}}