{"id":736583,"date":"2025-08-27T23:10:45","date_gmt":"2025-08-27T20:10:45","guid":{"rendered":"https:\/\/roveyayinevi.com.tr\/index.php\/urun\/mevcut-duzene-hayir-jacques-prevert\/"},"modified":"2026-04-16T02:45:40","modified_gmt":"2026-04-15T23:45:40","slug":"mevcut-duzene-hayir-jacques-prevert","status":"publish","type":"product","link":"https:\/\/roveyayinevi.com.tr\/index.php\/urun\/mevcut-duzene-hayir-jacques-prevert\/","title":{"rendered":"Mevcut D\u00fczene Hay\u0131r &#8211; Jacques Prevert"},"content":{"rendered":"<p>Tarih boyunca d\u00fcnyan\u0131n t\u00fcm co\u011frafyalar\u0131nda adaletsizlik, temel haklar\u0131 gasp, \u00f6tekile\u015ftirme ve s\u00f6m\u00fcr\u00fc d\u00fczeni s\u00fcregelmi\u015ftir. Ancak bunlar\u0131n yan\u0131nda t\u00fcm canl\u0131lar\u0131n refah\u0131 i\u00e7in m\u00fccadele veren insanlar da var. \u0130\u015fte, Hay\u0131r Serisi bu yolda sava\u015fan, direnen ve inand\u0131\u011f\u0131 do\u011frular\u0131n arkas\u0131nda can\u0131 pahas\u0131na duranlar\u0131n hik\u00e2yesini anlat\u0131yor. Yasaklamay\u0131 yasaklayan, d\u00fczensizli\u011fi emreden, sava\u015f\u0131 de\u011fil a\u015fk\u0131 \u015fart ko\u015fan Jacques Pr\u00e9vert hayat\u0131n\u0131n sonuna dek bo\u011fucu toplumun prangalar\u0131n\u0131 k\u0131rarak kald\u0131r\u0131m ta\u015flar\u0131n\u0131n alt\u0131ndaki kumsal\u0131 arad\u0131. \u015eiir, mizah, \u015fark\u0131 ve sinema arac\u0131l\u0131\u011f\u0131yla \u00f6zg\u00fcrl\u00fck\u00e7\u00fc anar\u015fizmini, burjuvaziye, dine, \u00fcniformalara ve genel olarak konformizme kar\u015f\u0131 savundu. Serinin bu kitab\u0131nda \u201cMevcut D\u00fczene Hay\u0131r!\u201d diyoruz. <\/p>\n","protected":false},"excerpt":{"rendered":"<p>Tarih boyunca d\u00fcnyan\u0131n t\u00fcm co\u011frafyalar\u0131nda adaletsizlik, temel haklar\u0131 gasp, \u00f6tekile\u015ftirme ve s\u00f6m\u00fcr\u00fc d\u00fczeni s\u00fcregelmi\u015ftir. Ancak bunlar\u0131n yan\u0131nda t\u00fcm canl\u0131lar\u0131n refah\u0131 i\u00e7in m\u00fccadele veren insanlar da var.<span class=\"excerpt-hellip\"> [\u2026]<\/span><\/p>\n","protected":false},"featured_media":0,"template":"","meta":{"_monsterinsights_skip_tracking":false,"_monsterinsights_sitenote_active":false,"_monsterinsights_sitenote_note":"","_monsterinsights_sitenote_category":0},"product_brand":[],"product_cat":[14009,12291],"product_tag":[],"class_list":{"0":"post-736583","1":"product","2":"type-product","3":"status-publish","5":"product_cat-biyografi-otobiyografi-edebiyat","6":"product_cat-edebiyat","7":"pa_cilt-ciltsiz","8":"pa_tur-kitap","9":"pa_yayinevi-alfa-yayinlari","10":"pa_yazar-murielle-szac","12":"first","13":"instock","14":"sale","15":"shipping-taxable","16":"purchasable","17":"product-type-simple"},"_links":{"self":[{"href":"https:\/\/roveyayinevi.com.tr\/index.php\/wp-json\/wp\/v2\/product\/736583","targetHints":{"allow":["GET"]}}],"collection":[{"href":"https:\/\/roveyayinevi.com.tr\/index.php\/wp-json\/wp\/v2\/product"}],"about":[{"href":"https:\/\/roveyayinevi.com.tr\/index.php\/wp-json\/wp\/v2\/types\/product"}],"wp:attachment":[{"href":"https:\/\/roveyayinevi.com.tr\/index.php\/wp-json\/wp\/v2\/media?parent=736583"}],"wp:term":[{"taxonomy":"product_brand","embeddable":true,"href":"https:\/\/roveyayinevi.com.tr\/index.php\/wp-json\/wp\/v2\/product_brand?post=736583"},{"taxonomy":"product_cat","embeddable":true,"href":"https:\/\/roveyayinevi.com.tr\/index.php\/wp-json\/wp\/v2\/product_cat?post=736583"},{"taxonomy":"product_tag","embeddable":true,"href":"https:\/\/roveyayinevi.com.tr\/index.php\/wp-json\/wp\/v2\/product_tag?post=736583"}],"curies":[{"name":"wp","href":"https:\/\/api.w.org\/{rel}","templated":true}]}}