{"id":736582,"date":"2025-08-27T23:10:43","date_gmt":"2025-08-27T20:10:43","guid":{"rendered":"https:\/\/roveyayinevi.com.tr\/index.php\/urun\/korkuya-hayir-anna-politkovskaya\/"},"modified":"2026-04-16T02:45:40","modified_gmt":"2026-04-15T23:45:40","slug":"korkuya-hayir-anna-politkovskaya","status":"publish","type":"product","link":"https:\/\/roveyayinevi.com.tr\/index.php\/urun\/korkuya-hayir-anna-politkovskaya\/","title":{"rendered":"Korkuya Hay\u0131r &#8211; Anna Politkovskaya"},"content":{"rendered":"<p>Tarih boyunca d\u00fcnyan\u0131n t\u00fcm co\u011frafyalar\u0131nda adaletsizlik, temel haklar\u0131 gasp, \u00f6tekile\u015ftirme ve s\u00f6m\u00fcr\u00fc d\u00fczeni s\u00fcregelmi\u015ftir. Ancak bunlar\u0131n yan\u0131nda t\u00fcm canl\u0131lar\u0131n refah\u0131 i\u00e7in m\u00fccadele veren insanlar da var. \u0130\u015fte, Hay\u0131r Serisi bu yolda sava\u015fan, direnen ve inand\u0131\u011f\u0131 do\u011frular\u0131n arkas\u0131nda can\u0131 pahas\u0131na duranlar\u0131n hik\u00e2yesini anlat\u0131yor. Gen\u00e7 bir kad\u0131nken gazeteci olmaya karar verdi\u011finde Anna Politkovskaya, kariyerini bu denli \u00e7alkant\u0131l\u0131 bir d\u00f6nemde \u015fekillendirece\u011finin fark\u0131nda de\u011fildi. Sovyetlerin da\u011f\u0131lmas\u0131 ve onu izleyen s\u00fcre\u00e7te uygulanan y\u0131ld\u0131rma politikalar\u0131 Anna\u2019y\u0131 durduramad\u0131. O, sava\u015f muhabiri olmasa da en s\u0131cak b\u00f6lgelerde, zulme u\u011frayanlar\u0131n sesi oldu daima. Kar\u015f\u0131 duru\u015funun bedelini hayat\u0131yla \u00f6deyebilece\u011fini bilse de korkuya asla teslim olmad\u0131. Serinin bu kitab\u0131nda \u201cKorkuya Hay\u0131r!\u201d diyoruz. <\/p>\n","protected":false},"excerpt":{"rendered":"<p>Tarih boyunca d\u00fcnyan\u0131n t\u00fcm co\u011frafyalar\u0131nda adaletsizlik, temel haklar\u0131 gasp, \u00f6tekile\u015ftirme ve s\u00f6m\u00fcr\u00fc d\u00fczeni s\u00fcregelmi\u015ftir. Ancak bunlar\u0131n yan\u0131nda t\u00fcm canl\u0131lar\u0131n refah\u0131 i\u00e7in m\u00fccadele veren insanlar da var.<span class=\"excerpt-hellip\"> [\u2026]<\/span><\/p>\n","protected":false},"featured_media":0,"template":"","meta":{"_monsterinsights_skip_tracking":false,"_monsterinsights_sitenote_active":false,"_monsterinsights_sitenote_note":"","_monsterinsights_sitenote_category":0},"product_brand":[],"product_cat":[14009,12291],"product_tag":[],"class_list":{"0":"post-736582","1":"product","2":"type-product","3":"status-publish","5":"product_cat-biyografi-otobiyografi-edebiyat","6":"product_cat-edebiyat","7":"pa_cilt-ciltsiz","8":"pa_tur-kitap","9":"pa_yayinevi-alfa-yayinlari","10":"pa_yazar-dominique-conil","12":"first","13":"instock","14":"sale","15":"shipping-taxable","16":"purchasable","17":"product-type-simple"},"_links":{"self":[{"href":"https:\/\/roveyayinevi.com.tr\/index.php\/wp-json\/wp\/v2\/product\/736582","targetHints":{"allow":["GET"]}}],"collection":[{"href":"https:\/\/roveyayinevi.com.tr\/index.php\/wp-json\/wp\/v2\/product"}],"about":[{"href":"https:\/\/roveyayinevi.com.tr\/index.php\/wp-json\/wp\/v2\/types\/product"}],"wp:attachment":[{"href":"https:\/\/roveyayinevi.com.tr\/index.php\/wp-json\/wp\/v2\/media?parent=736582"}],"wp:term":[{"taxonomy":"product_brand","embeddable":true,"href":"https:\/\/roveyayinevi.com.tr\/index.php\/wp-json\/wp\/v2\/product_brand?post=736582"},{"taxonomy":"product_cat","embeddable":true,"href":"https:\/\/roveyayinevi.com.tr\/index.php\/wp-json\/wp\/v2\/product_cat?post=736582"},{"taxonomy":"product_tag","embeddable":true,"href":"https:\/\/roveyayinevi.com.tr\/index.php\/wp-json\/wp\/v2\/product_tag?post=736582"}],"curies":[{"name":"wp","href":"https:\/\/api.w.org\/{rel}","templated":true}]}}