{"id":736581,"date":"2025-08-27T23:10:42","date_gmt":"2025-08-27T20:10:42","guid":{"rendered":"https:\/\/roveyayinevi.com.tr\/index.php\/urun\/miymiy-teyze-6-sokakta\/"},"modified":"2026-04-16T02:45:40","modified_gmt":"2026-04-15T23:45:40","slug":"miymiy-teyze-6-sokakta","status":"publish","type":"product","link":"https:\/\/roveyayinevi.com.tr\/index.php\/urun\/miymiy-teyze-6-sokakta\/","title":{"rendered":"M\u0131ym\u0131y Teyze &#8211; 6 Sokakta"},"content":{"rendered":"<p>Ya\u015fas\u0131n, M\u0131ym\u0131y Teyze geri d\u00f6nd\u00fc, hem de yeni bir arkada\u015fla!Ayt\u00fcl Akal ve Zeynep \u00d6zatalay&#8217;\u0131n \u00e7izgi filmleri aratmayan \u201cM\u0131ym\u0131y Teyze\u201d serisi, sokaklardaki c\u00fcmb\u00fc\u015fe renk katacak bir ser\u00fcvenle kar\u015f\u0131m\u0131zda. \u00c7ok sevdi\u011fi evine \u201cduygusal anlamda\u201d s\u0131\u011famayan M\u0131ym\u0131y Teyze, can s\u0131k\u0131nt\u0131s\u0131na \u201ciyi\u201d gelecek yepyeni \u00f6yk\u00fcs\u00fcnde; yaln\u0131zl\u0131k, dostluk ve hayvan sevgisi gibi temalara de\u011finiyor. K\u0131p\u0131r k\u0131p\u0131r anlat\u0131m\u0131 ve matrak resimleriyle k\u00fc\u00e7\u00fck b\u00fcy\u00fck herkesin g\u00f6nl\u00fcn\u00fc \u00e7elen M\u0131ym\u0131y Teyze, yine hem g\u00fcld\u00fcr\u00fcyor hem de d\u00fc\u015f\u00fcnd\u00fcr\u00fcyor&#8230;\u00dcst kat kom\u015fusu Mine ve ailesi tatile \u00e7\u0131k\u0131nca M\u0131ym\u0131y Teyze evde \u00e7ok ama \u00e7ok s\u0131k\u0131l\u0131r. \u00d6rg\u00fc \u00f6rer, ilmek ka\u00e7\u0131r\u0131r&#8230; Satran\u00e7 oynar, kendine yenilir&#8230; Pi\u015firdi\u011fi yeme\u011fin tad\u0131n\u0131 be\u011fenmez. Oflar, poflar&#8230; Ah, bir de \u015fu ikide bir \u00e7al\u0131p duran kap\u0131 zili yok mu!Ne yapsa ne etse zaman bir t\u00fcrl\u00fc ge\u00e7mez. Sonunda, soka\u011fa \u00e7\u0131kmaya karar verir ve \u015fenlik ba\u015flar! Acaba sokakta M\u0131ym\u0131y&#8217;\u0131 ne gibi s\u00fcrprizler beklemektedir?Her kitapta bamba\u015fka bir ruh h\u00e2li ile bizleri selamlayan M\u0131ym\u0131y Teyze, alt\u0131nc\u0131 ser\u00fcveninde can s\u0131k\u0131nt\u0131s\u0131ndan kurtulman\u0131n yolar\u0131n\u0131 ar\u0131yor; hayata mutlulukla sar\u0131l\u0131nca her sorunun kendili\u011finden \u00e7\u00f6z\u00fclece\u011fini hat\u0131rlat\u0131yor.<\/p>\n","protected":false},"excerpt":{"rendered":"<p>Ya\u015fas\u0131n, M\u0131ym\u0131y Teyze geri d\u00f6nd\u00fc, hem de yeni bir arkada\u015fla!Ayt\u00fcl Akal ve Zeynep \u00d6zatalay&#8217;\u0131n \u00e7izgi filmleri aratmayan \u201cM\u0131ym\u0131y Teyze\u201d serisi, sokaklardaki c\u00fcmb\u00fc\u015fe renk katacak bir ser\u00fcvenle<span class=\"excerpt-hellip\"> [\u2026]<\/span><\/p>\n","protected":false},"featured_media":0,"template":"","meta":{"_monsterinsights_skip_tracking":false,"_monsterinsights_sitenote_active":false,"_monsterinsights_sitenote_note":"","_monsterinsights_sitenote_category":0},"product_brand":[],"product_cat":[12274,12518],"product_tag":[],"class_list":{"0":"post-736581","1":"product","2":"type-product","3":"status-publish","5":"product_cat-cocuk-ve-genclik-kitaplari","6":"product_cat-okul-oncesi-kitaplar","7":"pa_cilt-ciltsiz","8":"pa_tur-kitap","9":"pa_yayinevi-ucanbalik-yayincilik","10":"pa_yazar-aytul-akal","12":"first","13":"instock","14":"sale","15":"shipping-taxable","16":"purchasable","17":"product-type-simple"},"_links":{"self":[{"href":"https:\/\/roveyayinevi.com.tr\/index.php\/wp-json\/wp\/v2\/product\/736581","targetHints":{"allow":["GET"]}}],"collection":[{"href":"https:\/\/roveyayinevi.com.tr\/index.php\/wp-json\/wp\/v2\/product"}],"about":[{"href":"https:\/\/roveyayinevi.com.tr\/index.php\/wp-json\/wp\/v2\/types\/product"}],"wp:attachment":[{"href":"https:\/\/roveyayinevi.com.tr\/index.php\/wp-json\/wp\/v2\/media?parent=736581"}],"wp:term":[{"taxonomy":"product_brand","embeddable":true,"href":"https:\/\/roveyayinevi.com.tr\/index.php\/wp-json\/wp\/v2\/product_brand?post=736581"},{"taxonomy":"product_cat","embeddable":true,"href":"https:\/\/roveyayinevi.com.tr\/index.php\/wp-json\/wp\/v2\/product_cat?post=736581"},{"taxonomy":"product_tag","embeddable":true,"href":"https:\/\/roveyayinevi.com.tr\/index.php\/wp-json\/wp\/v2\/product_tag?post=736581"}],"curies":[{"name":"wp","href":"https:\/\/api.w.org\/{rel}","templated":true}]}}