{"id":736578,"date":"2025-08-27T23:10:39","date_gmt":"2025-08-27T20:10:39","guid":{"rendered":"https:\/\/roveyayinevi.com.tr\/index.php\/urun\/sirlarimiz-kadar-hastayiz\/"},"modified":"2026-04-16T02:45:40","modified_gmt":"2026-04-15T23:45:40","slug":"sirlarimiz-kadar-hastayiz","status":"publish","type":"product","link":"https:\/\/roveyayinevi.com.tr\/index.php\/urun\/sirlarimiz-kadar-hastayiz\/","title":{"rendered":"S\u0131rlar\u0131m\u0131z Kadar Hastay\u0131z"},"content":{"rendered":"<p>Hastal\u0131k, ruhumuzun \u00e7\u0131\u011fl\u0131\u011f\u0131ndan ba\u015fka bir \u015fey de\u011fildir, o halde neden \u0131srarla \u00e7areyi sadece bedende ar\u0131yoruz?   Bug\u00fcn geleneksel t\u0131p muhte\u015fem g\u00f6r\u00fcnt\u00fcleme teknikleriyle, kusursuz testleriyle ve ola\u011fan\u00fcst\u00fc te\u015fhisleriyle i\u015fimizi \u00e7ok kolayla\u015ft\u0131rsa da, bedeni h\u00e2l\u00e2 bir makine gibi g\u00f6rd\u00fc\u011f\u00fc i\u00e7in enerji bedenimizi yok sayar. Oysa bedenimiz duygusal, zihinsel ve ruhsal \u00e7at\u0131\u015fmalarla bir b\u00fct\u00fcnd\u00fcr. Bedensel bir hastal\u0131\u011f\u0131n sadece bedenle ilgili oldu\u011funu d\u00fc\u015f\u00fcnmek hem hekimler hem de hastalar i\u00e7in eksik bir yakla\u015f\u0131md\u0131r. Bedende olu\u015fan bir hastal\u0131k ruhun ilgili b\u00f6l\u00fcm\u00fcnde ba\u015flar, sonras\u0131nda bedene mesaj olarak iletilir. Bu mesaj g\u00f6r\u00fcn\u00fcr hale geldi\u011finde biz buna \u201chastal\u0131k\u201d deriz. \u0130la\u00e7lar\u0131 reddetmek m\u00fcmk\u00fcn de\u011fildir, ancak enerji bedenin ila\u00e7lardan \u00e7ok daha etkili oldu\u011fu art\u0131k a\u015fik\u00e2rd\u0131r, \u00fcstelik enerji bedenin \u015fifas\u0131ndan faydalanmak i\u00e7in bir bedel \u00f6demeniz de gerekmez. Dr. B\u00fclent Demircio\u011flu, SIRLARIMIZ KADAR HASTAYIZ kitab\u0131nda enerji bedeninizi nas\u0131l iyile\u015ftirece\u011finizi en sade ve pratik yoluyla anlat\u0131yor. ReSetting metoduyla ruhun \u00e7al\u0131\u015fma prensibini, travmalar\u0131n kodlar\u0131n\u0131, bunlar\u0131n y\u00f6netilmesini ve bo\u015falt\u0131m\u0131n\u0131 her hastal\u0131\u011f\u0131 ele alarak a\u00e7\u0131kl\u0131yor, kendi kendinize iyile\u015fmenin holistik yollar\u0131n\u0131 aktar\u0131yor. <\/p>\n","protected":false},"excerpt":{"rendered":"<p>Hastal\u0131k, ruhumuzun \u00e7\u0131\u011fl\u0131\u011f\u0131ndan ba\u015fka bir \u015fey de\u011fildir, o halde neden \u0131srarla \u00e7areyi sadece bedende ar\u0131yoruz? Bug\u00fcn geleneksel t\u0131p muhte\u015fem g\u00f6r\u00fcnt\u00fcleme teknikleriyle, kusursuz testleriyle ve ola\u011fan\u00fcst\u00fc te\u015fhisleriyle<span class=\"excerpt-hellip\"> [\u2026]<\/span><\/p>\n","protected":false},"featured_media":0,"template":"","meta":{"_monsterinsights_skip_tracking":false,"_monsterinsights_sitenote_active":false,"_monsterinsights_sitenote_note":"","_monsterinsights_sitenote_category":0},"product_brand":[],"product_cat":[12364,12376],"product_tag":[],"class_list":{"0":"post-736578","1":"product","2":"type-product","3":"status-publish","5":"product_cat-genel-konular","6":"product_cat-kisisel-gelisim","7":"pa_cilt-ciltsiz","8":"pa_tur-kitap","9":"pa_yayinevi-destek-yayinlari","10":"pa_yazar-bulent-demircioglu","12":"first","13":"instock","14":"sale","15":"shipping-taxable","16":"purchasable","17":"product-type-simple"},"_links":{"self":[{"href":"https:\/\/roveyayinevi.com.tr\/index.php\/wp-json\/wp\/v2\/product\/736578","targetHints":{"allow":["GET"]}}],"collection":[{"href":"https:\/\/roveyayinevi.com.tr\/index.php\/wp-json\/wp\/v2\/product"}],"about":[{"href":"https:\/\/roveyayinevi.com.tr\/index.php\/wp-json\/wp\/v2\/types\/product"}],"wp:attachment":[{"href":"https:\/\/roveyayinevi.com.tr\/index.php\/wp-json\/wp\/v2\/media?parent=736578"}],"wp:term":[{"taxonomy":"product_brand","embeddable":true,"href":"https:\/\/roveyayinevi.com.tr\/index.php\/wp-json\/wp\/v2\/product_brand?post=736578"},{"taxonomy":"product_cat","embeddable":true,"href":"https:\/\/roveyayinevi.com.tr\/index.php\/wp-json\/wp\/v2\/product_cat?post=736578"},{"taxonomy":"product_tag","embeddable":true,"href":"https:\/\/roveyayinevi.com.tr\/index.php\/wp-json\/wp\/v2\/product_tag?post=736578"}],"curies":[{"name":"wp","href":"https:\/\/api.w.org\/{rel}","templated":true}]}}