{"id":736577,"date":"2025-08-27T23:10:39","date_gmt":"2025-08-27T20:10:39","guid":{"rendered":"https:\/\/roveyayinevi.com.tr\/index.php\/urun\/zenginlik-yasasi\/"},"modified":"2026-04-16T02:45:40","modified_gmt":"2026-04-15T23:45:40","slug":"zenginlik-yasasi","status":"publish","type":"product","link":"https:\/\/roveyayinevi.com.tr\/index.php\/urun\/zenginlik-yasasi\/","title":{"rendered":"Zenginlik Yasas\u0131"},"content":{"rendered":"<p>\u201c\u00c7o\u011fu kitap anlat\u0131r ama ender kitaplar vard\u0131r ki bir de ya\u015fat\u0131r.\u201d   \u201c\u0130stiyoruz, hayal ediyoruz, d\u00fc\u015f\u00fcncelerimizi serbest b\u0131rak\u0131yoruz ama yine de zenginli\u011fi elde edemiyoruz\u201d diyorsan\u0131z \u015fimdiye kadar t\u00fcm \u00f6\u011frendiklerinizi bir kenara koyun. Bu kitap size bir \u015feyler \u00f6\u011fretmek i\u00e7in de\u011fil, sizi zengin biri yapmak i\u00e7in yaz\u0131ld\u0131. Bu kitap zenginli\u011fi elde etmek i\u00e7in ger\u00e7ek bir rehberdir \u00e7\u00fcnk\u00fc d\u00fc\u015f\u00fcncelerinizle \u00e7a\u011f\u0131rd\u0131\u011f\u0131n\u0131z zenginli\u011fi ger\u00e7ek bir deneyimle bulu\u015fturan tek kitapt\u0131r. Hayal etti\u011finiz zenginlik i\u00e7in hangi ad\u0131mlar\u0131 atman\u0131z gerekti\u011fini g\u00f6steren, \u00f6zg\u00fcn \u00e7al\u0131\u015fmalar\u0131yla s\u00fcrecin sonunda da size zenginli\u011fi vaat eden benzersiz bir kaynak. ZENG\u0130NL\u0130K YASASI kitab\u0131n\u0131 okuyup uygulamaya ba\u015flad\u0131\u011f\u0131n\u0131z andan itibaren sizi do\u011frudan parayla bulu\u015fturur, para ili\u015fkinizi d\u00fczeltir, i\u00e7erisinde bulunan \u00e7al\u0131\u015fmalarla sizi ger\u00e7ek bir deneyime ta\u015f\u0131r ve sizi zenginle\u015ftirir. \u00d6zellikle ya\u015fanm\u0131\u015f hik\u00e2yeye dayanmas\u0131 ve elde edilmi\u015f ba\u015far\u0131s\u0131yla yola \u00e7\u0131kan bu kitap, \u015fimdiye kadar bir\u00e7ok ki\u015fiye maddi \u00f6zg\u00fcrl\u00fck kazand\u0131rm\u0131\u015ft\u0131r. \u015eimdi ise s\u0131ra sizde! Bu kitap sayesinde siz de maddi \u00f6zg\u00fcrl\u00fc\u011f\u00fcn\u00fcz\u00fc elde edecek ve zenginle\u015feceksiniz. <\/p>\n","protected":false},"excerpt":{"rendered":"<p>\u201c\u00c7o\u011fu kitap anlat\u0131r ama ender kitaplar vard\u0131r ki bir de ya\u015fat\u0131r.\u201d \u201c\u0130stiyoruz, hayal ediyoruz, d\u00fc\u015f\u00fcncelerimizi serbest b\u0131rak\u0131yoruz ama yine de zenginli\u011fi elde edemiyoruz\u201d diyorsan\u0131z \u015fimdiye kadar<span class=\"excerpt-hellip\"> [\u2026]<\/span><\/p>\n","protected":false},"featured_media":0,"template":"","meta":{"_monsterinsights_skip_tracking":false,"_monsterinsights_sitenote_active":false,"_monsterinsights_sitenote_note":"","_monsterinsights_sitenote_category":0},"product_brand":[],"product_cat":[12364,12376],"product_tag":[],"class_list":{"0":"post-736577","1":"product","2":"type-product","3":"status-publish","5":"product_cat-genel-konular","6":"product_cat-kisisel-gelisim","7":"pa_cilt-ciltsiz","8":"pa_tur-kitap","9":"pa_yayinevi-destek-yayinlari","10":"pa_yazar-ercan-kirdok","12":"first","13":"instock","14":"sale","15":"shipping-taxable","16":"purchasable","17":"product-type-simple"},"_links":{"self":[{"href":"https:\/\/roveyayinevi.com.tr\/index.php\/wp-json\/wp\/v2\/product\/736577","targetHints":{"allow":["GET"]}}],"collection":[{"href":"https:\/\/roveyayinevi.com.tr\/index.php\/wp-json\/wp\/v2\/product"}],"about":[{"href":"https:\/\/roveyayinevi.com.tr\/index.php\/wp-json\/wp\/v2\/types\/product"}],"wp:attachment":[{"href":"https:\/\/roveyayinevi.com.tr\/index.php\/wp-json\/wp\/v2\/media?parent=736577"}],"wp:term":[{"taxonomy":"product_brand","embeddable":true,"href":"https:\/\/roveyayinevi.com.tr\/index.php\/wp-json\/wp\/v2\/product_brand?post=736577"},{"taxonomy":"product_cat","embeddable":true,"href":"https:\/\/roveyayinevi.com.tr\/index.php\/wp-json\/wp\/v2\/product_cat?post=736577"},{"taxonomy":"product_tag","embeddable":true,"href":"https:\/\/roveyayinevi.com.tr\/index.php\/wp-json\/wp\/v2\/product_tag?post=736577"}],"curies":[{"name":"wp","href":"https:\/\/api.w.org\/{rel}","templated":true}]}}