{"id":736576,"date":"2025-08-27T23:10:38","date_gmt":"2025-08-27T20:10:38","guid":{"rendered":"https:\/\/roveyayinevi.com.tr\/index.php\/urun\/omer-hayyam-kader-carki\/"},"modified":"2026-04-16T02:45:40","modified_gmt":"2026-04-15T23:45:40","slug":"omer-hayyam-kader-carki","status":"publish","type":"product","link":"https:\/\/roveyayinevi.com.tr\/index.php\/urun\/omer-hayyam-kader-carki\/","title":{"rendered":"\u00d6mer Hayyam &#8211; Kader \u00c7ark\u0131"},"content":{"rendered":"<p>\u201cFele\u011fin \u00e7ark\u0131 d\u00f6nmeyecek madem murad\u0131mca, g\u00f6kler ha yedi kat olmu\u015f, ha sekiz, bana ne?\u201dBu kitab\u0131 okurken \u201czaman-mek\u00e2n-insan\u201d ili\u015fkisiyle sadece ba\u015f kahraman \u00d6mer\u2019i de\u011fil, ayn\u0131 zaman\u0131n ruhunu koklam\u0131\u015f, \u00d6mer ile ayn\u0131 d\u00f6nemde ya\u015fam\u0131\u015f ki\u015filerin ya\u015fam\u00f6yk\u00fclerini, \u00f6l\u00fcmleri, sava\u015flar\u0131, ac\u0131lar\u0131 \u00f6\u011frenecek; y\u0131k\u0131mlar\u0131n ve i\u015fgallerin yan\u0131nda ya\u015fam dolu \u015fehirlerin ruhunu koklay\u0131p, e\u015fsiz bir tarihsel zaman yolculu\u011funa \u00e7\u0131kacaks\u0131n\u0131z.Zaman-mek\u00e2n-insan \u00fc\u00e7geninde \u00d6mer\u2019in, Sel\u00e7uklu Devleti\u2019nin T\u00fcrk\u00e7e konu\u015fulan ve \u00f6zg\u00fcrl\u00fcklerin oldu\u011fu b\u00f6lgesinde; tasavvuf ve mistisizmin ruhunda ye\u015fermi\u015f, korunmu\u015f, b\u00fcy\u00fcm\u00fc\u015f, \u00e7i\u00e7ek a\u00e7m\u0131\u015f ve geli\u015fmi\u015f bir deha oldu\u011funu hissedeceksiniz. \u00d6mer Hayyam sadece bu gezegendeki ak\u0131l almaz hayat\u0131n bilmeceleri kar\u015f\u0131s\u0131nda \u015fa\u015fk\u0131nl\u0131\u011f\u0131n\u0131 ifade eden ve h\u00fcsrana u\u011fram\u0131\u015f bir \u015fair olarak de\u011fil, karanl\u0131\u011f\u0131n g\u00fc\u00e7lerine kar\u015f\u0131 felsefi ve \u015fiirsel olarak direni\u015f g\u00f6steren de bir d\u00fc\u015f\u00fcn\u00fcrd\u00fcr.Bu kitap, \u00d6mer hakk\u0131nda yaz\u0131lm\u0131\u015f en geni\u015f kapsaml\u0131 eserdir. Kitab\u0131n mesaj\u0131, \u00d6mer\u2019i tarihte hak etti\u011fi o \u00f6zel yere bir b\u00fct\u00fcn olarak yerle\u015ftirmektir.<\/p>\n","protected":false},"excerpt":{"rendered":"<p>\u201cFele\u011fin \u00e7ark\u0131 d\u00f6nmeyecek madem murad\u0131mca, g\u00f6kler ha yedi kat olmu\u015f, ha sekiz, bana ne?\u201dBu kitab\u0131 okurken \u201czaman-mek\u00e2n-insan\u201d ili\u015fkisiyle sadece ba\u015f kahraman \u00d6mer\u2019i de\u011fil, ayn\u0131 zaman\u0131n ruhunu<span class=\"excerpt-hellip\"> [\u2026]<\/span><\/p>\n","protected":false},"featured_media":0,"template":"","meta":{"_monsterinsights_skip_tracking":false,"_monsterinsights_sitenote_active":false,"_monsterinsights_sitenote_note":"","_monsterinsights_sitenote_category":0},"product_brand":[],"product_cat":[20351,12388],"product_tag":[],"class_list":{"0":"post-736576","1":"product","2":"type-product","3":"status-publish","5":"product_cat-dusunce","6":"product_cat-felsefe","7":"pa_cilt-ciltsiz","8":"pa_tur-kitap","9":"pa_yayinevi-destek-yayinlari","10":"pa_yazar-sultan-tarlaci","12":"first","13":"instock","14":"sale","15":"shipping-taxable","16":"purchasable","17":"product-type-simple"},"_links":{"self":[{"href":"https:\/\/roveyayinevi.com.tr\/index.php\/wp-json\/wp\/v2\/product\/736576","targetHints":{"allow":["GET"]}}],"collection":[{"href":"https:\/\/roveyayinevi.com.tr\/index.php\/wp-json\/wp\/v2\/product"}],"about":[{"href":"https:\/\/roveyayinevi.com.tr\/index.php\/wp-json\/wp\/v2\/types\/product"}],"wp:attachment":[{"href":"https:\/\/roveyayinevi.com.tr\/index.php\/wp-json\/wp\/v2\/media?parent=736576"}],"wp:term":[{"taxonomy":"product_brand","embeddable":true,"href":"https:\/\/roveyayinevi.com.tr\/index.php\/wp-json\/wp\/v2\/product_brand?post=736576"},{"taxonomy":"product_cat","embeddable":true,"href":"https:\/\/roveyayinevi.com.tr\/index.php\/wp-json\/wp\/v2\/product_cat?post=736576"},{"taxonomy":"product_tag","embeddable":true,"href":"https:\/\/roveyayinevi.com.tr\/index.php\/wp-json\/wp\/v2\/product_tag?post=736576"}],"curies":[{"name":"wp","href":"https:\/\/api.w.org\/{rel}","templated":true}]}}