{"id":736574,"date":"2025-08-27T23:10:36","date_gmt":"2025-08-27T20:10:36","guid":{"rendered":"https:\/\/roveyayinevi.com.tr\/index.php\/urun\/dogu-ve-bati\/"},"modified":"2026-04-16T02:45:40","modified_gmt":"2026-04-15T23:45:40","slug":"dogu-ve-bati","status":"publish","type":"product","link":"https:\/\/roveyayinevi.com.tr\/index.php\/urun\/dogu-ve-bati\/","title":{"rendered":"Do\u011fu Ve Bat\u0131"},"content":{"rendered":"<p>Ren\u00e9 Gu\u00e9non\u2026 20. y\u00fczy\u0131l\u0131n en esasl\u0131, sars\u0131c\u0131, a\u00e7\u0131k medeniyet ve zihniyet ele\u015ftirilerini kaleme alan Frans\u0131z as\u0131ll\u0131 M\u00fcsl\u00fcman d\u00fc\u015f\u00fcn\u00fcr\u2026 \u0130lk kez 1924 y\u0131l\u0131nda yay\u0131nlanan Do\u011fu ve Bat\u0131 gelenekselci felsefenin esaslar\u0131n\u0131 ortaya koyan \u00f6nemli bir eserdir. Do\u011fu ve Bat\u0131\u2019n\u0131n ilk b\u00f6l\u00fcm\u00fcnde \u2018ilerleme, bilim, ya\u015fam\u2019 gibi, Bat\u0131\u2019n\u0131n adeta putla\u015ft\u0131rd\u0131\u011f\u0131 kavramlar ele\u015ftirilir. \u0130kinci b\u00f6l\u00fcm ise bir anlamda Bat\u0131\u2019y\u0131, Do\u011fu gelene\u011fi arac\u0131l\u0131\u011f\u0131yla \u00e7\u00f6k\u00fc\u015ften kurtarmaya y\u00f6nelik esastan bir \u00e7a\u011fr\u0131d\u0131r. Gu\u00e9non\u2019un beklentisi, Do\u011fu\u2019nun zafer kazanmas\u0131 de\u011fil, Bat\u0131\u2019n\u0131n uygun bir geleneksel medeniyete d\u00f6n\u00fc\u015ft\u00fcr\u00fclmesidir. Uzun y\u0131llar \u201cDo\u011fu-Bat\u0131\u201d ikilemi ya\u015fam\u0131\u015f, tam da bu eserin yay\u0131nland\u0131\u011f\u0131 y\u0131llar itibariyle travmatik bir Bat\u0131l\u0131la\u015fma\/modernle\u015fme tecr\u00fcbe etmi\u015f bir \u00fclke i\u00e7in; \u2018Bat\u0131 medeniyetini, tarih sahnesinde ger\u00e7ek bir anomali olarak\u2019 takdim etmek esasl\u0131 bir \u015fok etkisi yaratacakt\u0131r\u2026<\/p>\n","protected":false},"excerpt":{"rendered":"<p>Ren\u00e9 Gu\u00e9non\u2026 20. y\u00fczy\u0131l\u0131n en esasl\u0131, sars\u0131c\u0131, a\u00e7\u0131k medeniyet ve zihniyet ele\u015ftirilerini kaleme alan Frans\u0131z as\u0131ll\u0131 M\u00fcsl\u00fcman d\u00fc\u015f\u00fcn\u00fcr\u2026 \u0130lk kez 1924 y\u0131l\u0131nda yay\u0131nlanan Do\u011fu ve Bat\u0131<span class=\"excerpt-hellip\"> [\u2026]<\/span><\/p>\n","protected":false},"featured_media":0,"template":"","meta":{"_monsterinsights_skip_tracking":false,"_monsterinsights_sitenote_active":false,"_monsterinsights_sitenote_note":"","_monsterinsights_sitenote_category":0},"product_brand":[],"product_cat":[20351,12388],"product_tag":[],"class_list":{"0":"post-736574","1":"product","2":"type-product","3":"status-publish","5":"product_cat-dusunce","6":"product_cat-felsefe","7":"pa_cilt-ciltsiz","8":"pa_tur-kitap","9":"pa_yayinevi-kapi-yayinlari","10":"pa_yazar-rene-guenon","12":"first","13":"instock","14":"sale","15":"shipping-taxable","16":"purchasable","17":"product-type-simple"},"_links":{"self":[{"href":"https:\/\/roveyayinevi.com.tr\/index.php\/wp-json\/wp\/v2\/product\/736574","targetHints":{"allow":["GET"]}}],"collection":[{"href":"https:\/\/roveyayinevi.com.tr\/index.php\/wp-json\/wp\/v2\/product"}],"about":[{"href":"https:\/\/roveyayinevi.com.tr\/index.php\/wp-json\/wp\/v2\/types\/product"}],"wp:attachment":[{"href":"https:\/\/roveyayinevi.com.tr\/index.php\/wp-json\/wp\/v2\/media?parent=736574"}],"wp:term":[{"taxonomy":"product_brand","embeddable":true,"href":"https:\/\/roveyayinevi.com.tr\/index.php\/wp-json\/wp\/v2\/product_brand?post=736574"},{"taxonomy":"product_cat","embeddable":true,"href":"https:\/\/roveyayinevi.com.tr\/index.php\/wp-json\/wp\/v2\/product_cat?post=736574"},{"taxonomy":"product_tag","embeddable":true,"href":"https:\/\/roveyayinevi.com.tr\/index.php\/wp-json\/wp\/v2\/product_tag?post=736574"}],"curies":[{"name":"wp","href":"https:\/\/api.w.org\/{rel}","templated":true}]}}