{"id":736573,"date":"2025-08-27T23:10:35","date_gmt":"2025-08-27T20:10:35","guid":{"rendered":"https:\/\/roveyayinevi.com.tr\/index.php\/urun\/buyuk-uclu\/"},"modified":"2026-04-16T02:45:40","modified_gmt":"2026-04-15T23:45:40","slug":"buyuk-uclu","status":"publish","type":"product","link":"https:\/\/roveyayinevi.com.tr\/index.php\/urun\/buyuk-uclu\/","title":{"rendered":"B\u00fcy\u00fck \u00dc\u00e7l\u00fc"},"content":{"rendered":"<p>Ren\u00e9 Gu\u00e9non\u2026 20. y\u00fczy\u0131l\u0131n en esasl\u0131, sars\u0131c\u0131, a\u00e7\u0131k medeniyet ve zihniyet ele\u015ftirilerini kaleme alan Frans\u0131z as\u0131ll\u0131 M\u00fcsl\u00fcman d\u00fc\u015f\u00fcn\u00fcr\u2026 \u201cBat\u0131 medeniyeti gibi bir Do\u011fu medeniyeti yoktur, Do\u011fu medeniyetleri vard\u0131r. Bu sebeple bu medeniyetlerin her biri i\u00e7in \u00f6zel \u015feyler s\u00f6ylemek gereklidir\u201d der Gu\u00e9non. B\u00fcy\u00fck \u00dc\u00e7l\u00fc \u00c7in medeniyetine bir yolculuktur. Titiz bir kavramsal i\u015f\u00e7ili\u011fin \u00fcr\u00fcn\u00fc olan eser, Uzak Do\u011fu gelene\u011findeki \u201cd\u00fcalizm\u201din varl\u0131\u011f\u0131n\u0131 tart\u0131\u015f\u0131r ve \u201c\u00fc\u00e7l\u00fc\u201d tabirinin kavramsal yanl\u0131\u015flara yol a\u00e7mamas\u0131 i\u00e7in uyar\u0131larda bulunur\u2026 B\u00fcy\u00fck \u00dc\u00e7l\u00fc, felsefe okurlar\u0131 i\u00e7in tam bir metafizik \u015f\u00f6len. \u201cG\u00f6k, Yer, \u0130nsan\u201d sembolizminin k\u00f6kl\u00fc bir okumas\u0131, Bat\u0131l\u0131 Orta \u00c7a\u011f gelene\u011fine dayanan, \u201cfelsef\u00ee\u201d bir ba\u015fka \u00fc\u00e7l\u00fc olan \u201cTanr\u0131, \u0130nsan, Do\u011fa\u201d ile mukayesesi\u2026<\/p>\n","protected":false},"excerpt":{"rendered":"<p>Ren\u00e9 Gu\u00e9non\u2026 20. y\u00fczy\u0131l\u0131n en esasl\u0131, sars\u0131c\u0131, a\u00e7\u0131k medeniyet ve zihniyet ele\u015ftirilerini kaleme alan Frans\u0131z as\u0131ll\u0131 M\u00fcsl\u00fcman d\u00fc\u015f\u00fcn\u00fcr\u2026 \u201cBat\u0131 medeniyeti gibi bir Do\u011fu medeniyeti yoktur, Do\u011fu<span class=\"excerpt-hellip\"> [\u2026]<\/span><\/p>\n","protected":false},"featured_media":0,"template":"","meta":{"_monsterinsights_skip_tracking":false,"_monsterinsights_sitenote_active":false,"_monsterinsights_sitenote_note":"","_monsterinsights_sitenote_category":0},"product_brand":[],"product_cat":[12389,12388],"product_tag":[],"class_list":{"0":"post-736573","1":"product","2":"type-product","3":"status-publish","5":"product_cat-diger-felsefe","6":"product_cat-felsefe","7":"pa_cilt-ciltsiz","8":"pa_tur-kitap","9":"pa_yayinevi-kapi-yayinlari","10":"pa_yazar-rene-guenon","12":"first","13":"instock","14":"sale","15":"shipping-taxable","16":"purchasable","17":"product-type-simple"},"_links":{"self":[{"href":"https:\/\/roveyayinevi.com.tr\/index.php\/wp-json\/wp\/v2\/product\/736573","targetHints":{"allow":["GET"]}}],"collection":[{"href":"https:\/\/roveyayinevi.com.tr\/index.php\/wp-json\/wp\/v2\/product"}],"about":[{"href":"https:\/\/roveyayinevi.com.tr\/index.php\/wp-json\/wp\/v2\/types\/product"}],"wp:attachment":[{"href":"https:\/\/roveyayinevi.com.tr\/index.php\/wp-json\/wp\/v2\/media?parent=736573"}],"wp:term":[{"taxonomy":"product_brand","embeddable":true,"href":"https:\/\/roveyayinevi.com.tr\/index.php\/wp-json\/wp\/v2\/product_brand?post=736573"},{"taxonomy":"product_cat","embeddable":true,"href":"https:\/\/roveyayinevi.com.tr\/index.php\/wp-json\/wp\/v2\/product_cat?post=736573"},{"taxonomy":"product_tag","embeddable":true,"href":"https:\/\/roveyayinevi.com.tr\/index.php\/wp-json\/wp\/v2\/product_tag?post=736573"}],"curies":[{"name":"wp","href":"https:\/\/api.w.org\/{rel}","templated":true}]}}