{"id":736570,"date":"2025-08-27T23:10:32","date_gmt":"2025-08-27T20:10:32","guid":{"rendered":"https:\/\/roveyayinevi.com.tr\/index.php\/urun\/hindu-doktrinleri\/"},"modified":"2026-04-16T02:45:40","modified_gmt":"2026-04-15T23:45:40","slug":"hindu-doktrinleri","status":"publish","type":"product","link":"https:\/\/roveyayinevi.com.tr\/index.php\/urun\/hindu-doktrinleri\/","title":{"rendered":"Hindu  Doktrinleri"},"content":{"rendered":"<p>Ren\u00e9 Gu\u00e9non\u2026 20. y\u00fczy\u0131l\u0131n en esasl\u0131, sars\u0131c\u0131, a\u00e7\u0131k medeniyet ve zihniyet ele\u015ftirilerini kaleme alan Frans\u0131z as\u0131ll\u0131 M\u00fcsl\u00fcman d\u00fc\u015f\u00fcn\u00fcr\u2026 Hindu Doktrinleri: Genel Bir Bak\u0131\u015f\u2026 \u0130ki ana b\u00f6l\u00fcme ayr\u0131lan bu eserin, birinci b\u00f6l\u00fcm\u00fc kurucu bir kavram olarak gelene\u011fe (tradisyon) odaklan\u0131r. \u00d6zellikle \u201cGelenek kelimesinden ne anlamal\u0131y\u0131z?\u201d ba\u015fl\u0131\u011f\u0131 tek ba\u015f\u0131na bir tezdir. Gu\u00e9non\u2019un da ilk kitab\u0131d\u0131r ve bu y\u00f6n\u00fcyle onu anlamak i\u00e7in \u201cNereden ba\u015flamal\u0131y\u0131m?\u201d sorusunu soran okur i\u00e7in do\u011fal bir yan\u0131t olma \u00f6zelli\u011fi ta\u015f\u0131r. Bug\u00fcne kadar Gu\u00e9non\u2019a T\u00fcrk\u00e7ede g\u00f6sterilen b\u00fcy\u00fck al\u00e2kaya ra\u011fmen, onun bu asl\u00ee kitab\u0131n\u0131n \u00e7evrilmemi\u015f olmas\u0131 ciddi bir eksiklik idi. Onu hem daha iyi anlamak i\u00e7in hem de akademik olarak daha derinlikli \u00e7al\u0131\u015fmalar yapabilmek i\u00e7in bu metin hayat\u00ee bir \u00f6nem ta\u015f\u0131r. Nihayet bu \u00e7eviri ile birlikte \u201cGu\u00e9non gelene\u011fi\u201d \u00f6nemli bir a\u015fama kaydediyor\u2026 <\/p>\n","protected":false},"excerpt":{"rendered":"<p>Ren\u00e9 Gu\u00e9non\u2026 20. y\u00fczy\u0131l\u0131n en esasl\u0131, sars\u0131c\u0131, a\u00e7\u0131k medeniyet ve zihniyet ele\u015ftirilerini kaleme alan Frans\u0131z as\u0131ll\u0131 M\u00fcsl\u00fcman d\u00fc\u015f\u00fcn\u00fcr\u2026 Hindu Doktrinleri: Genel Bir Bak\u0131\u015f\u2026 \u0130ki ana b\u00f6l\u00fcme<span class=\"excerpt-hellip\"> [\u2026]<\/span><\/p>\n","protected":false},"featured_media":0,"template":"","meta":{"_monsterinsights_skip_tracking":false,"_monsterinsights_sitenote_active":false,"_monsterinsights_sitenote_note":"","_monsterinsights_sitenote_category":0},"product_brand":[],"product_cat":[13072,12291],"product_tag":[],"class_list":{"0":"post-736570","1":"product","2":"type-product","3":"status-publish","5":"product_cat-arastirma-inceleme-referans","6":"product_cat-edebiyat","7":"pa_cilt-ciltsiz","8":"pa_tur-kitap","9":"pa_yayinevi-kapi-yayinlari","10":"pa_yazar-rene-guenon","12":"first","13":"instock","14":"sale","15":"shipping-taxable","16":"purchasable","17":"product-type-simple"},"_links":{"self":[{"href":"https:\/\/roveyayinevi.com.tr\/index.php\/wp-json\/wp\/v2\/product\/736570","targetHints":{"allow":["GET"]}}],"collection":[{"href":"https:\/\/roveyayinevi.com.tr\/index.php\/wp-json\/wp\/v2\/product"}],"about":[{"href":"https:\/\/roveyayinevi.com.tr\/index.php\/wp-json\/wp\/v2\/types\/product"}],"wp:attachment":[{"href":"https:\/\/roveyayinevi.com.tr\/index.php\/wp-json\/wp\/v2\/media?parent=736570"}],"wp:term":[{"taxonomy":"product_brand","embeddable":true,"href":"https:\/\/roveyayinevi.com.tr\/index.php\/wp-json\/wp\/v2\/product_brand?post=736570"},{"taxonomy":"product_cat","embeddable":true,"href":"https:\/\/roveyayinevi.com.tr\/index.php\/wp-json\/wp\/v2\/product_cat?post=736570"},{"taxonomy":"product_tag","embeddable":true,"href":"https:\/\/roveyayinevi.com.tr\/index.php\/wp-json\/wp\/v2\/product_tag?post=736570"}],"curies":[{"name":"wp","href":"https:\/\/api.w.org\/{rel}","templated":true}]}}