{"id":736567,"date":"2025-08-27T23:10:28","date_gmt":"2025-08-27T20:10:28","guid":{"rendered":"https:\/\/roveyayinevi.com.tr\/index.php\/urun\/halidaki-motif-everest-acikhava-16\/"},"modified":"2026-04-16T02:45:39","modified_gmt":"2026-04-15T23:45:39","slug":"halidaki-motif-everest-acikhava-16","status":"publish","type":"product","link":"https:\/\/roveyayinevi.com.tr\/index.php\/urun\/halidaki-motif-everest-acikhava-16\/","title":{"rendered":"Hal\u0131daki Motif  &#8211; Everest A\u00e7\u0131khava 16"},"content":{"rendered":"<p>Everest Yay\u0131nlar\u0131, kitab\u0131 ya\u015fam\u0131n her an\u0131na ta\u015f\u0131yacak yeni bir diziyi okurla bulu\u015fturuyor: Everest \u2013 a\u00e7\u0131khava!   a\u00e7\u0131khava kitaplar\u0131, okura otob\u00fcs, tren, vapur, metrolar, kafe ya da parklarda, t\u00fcm g\u00fczerg\u00e2hlarda e\u015flik edebilecek \u00e7eviklik ve ebatta kitaplardan olu\u015fuyor: Dizimizde bir kol \u00e7antas\u0131na ya da b\u00fcy\u00fck bir cebe s\u0131\u011facak kadar k\u00fc\u00e7\u00fck, ayn\u0131 zamanda okumay\u0131 zorla\u015ft\u0131rmayacak kadar b\u00fcy\u00fck, ortalama y\u00fcz sayfal\u0131k yap\u0131tlar\u0131 bir araya getirmeye \u00f6zen g\u00f6sterdik. a\u00e7\u0131khava dizimizdeki metinler, gen\u00e7 okurlar ba\u015fta olmak \u00fczere, diziyi takip edenlere, edebiyat\u0131n \u00f6nemli isimlerini hat\u0131rlama ya da yeni yazarlarla tan\u0131\u015fma f\u0131rsat\u0131n\u0131 verecek \u015fekilde se\u00e7ildi: Dizide gerek yerli gerek yabanc\u0131 yazarlara; hem kl\u00e2siklere hem de g\u00fcncel yap\u0131tlara yer veriliyor. Se\u00e7kimizde \u00f6yk\u00fc, novella, deneme, oyun, \u015fiir gibi farkl\u0131 t\u00fcrlerde ve mutlaka b\u00fct\u00fcnl\u00fckl\u00fc metinler yer al\u0131yor. Ba\u015fka bir deyi\u015fle hi\u00e7bir kitap ba\u011flam\u0131ndan kopar\u0131lm\u0131\u015f bir metin i\u00e7ermiyor. 18 kitapla ba\u015flatt\u0131\u011f\u0131m\u0131z a\u00e7\u0131khava dizimiz, d\u00fczenli olarak yeni kitaplarla zenginle\u015ftirilecektir.Amerikal\u0131 yazar Henry James\u2019in Hal\u0131daki Motif adl\u0131 \u00f6yk\u00fcs\u00fc, T\u00fcrk\u00e7ede ilk kez, bu yepyeni a\u00e7\u0131khava dizimizde yay\u0131mlan\u0131yor. \u00d6yk\u00fcn\u00fcn isimsiz anlat\u0131c\u0131s\u0131 bir edebiyat ele\u015ftirmenidir. G\u00fcn\u00fcn birinde en sevdi\u011fi yazar hakk\u0131nda bir yaz\u0131 kaleme al\u0131r ve bir s\u00fcre sonra yazarla kar\u015f\u0131la\u015f\u0131r. Bu tan\u0131\u015fmada yazar\u0131n yap\u0131t\u0131n\u0131n gizemli \u00f6z\u00fcn\u00fcn \u201cbir Acem hal\u0131s\u0131ndaki karma\u015f\u0131k bir motif gibi\u201d oldu\u011fu anla\u015f\u0131l\u0131r, o da bu s\u0131rr\u0131n pe\u015fine d\u00fc\u015fer. Gelgelelim t\u0131pk\u0131 onun gibi bu gizemi \u00e7\u00f6zmeye \u00e7al\u0131\u015fan ba\u015fkalar\u0131 da vard\u0131r. Bu aray\u0131\u015f\u0131n giderek saplant\u0131ya d\u00f6n\u00fc\u015fmesiyle kahramanlar kendilerini hi\u00e7 beklenmedik noktalarda bulur&#8230; Saplant\u0131 d\u00fcnyayla ili\u015fkileri ve zihni ne derece d\u00f6n\u00fc\u015f\u00fcme u\u011fratabilir? <\/p>\n","protected":false},"excerpt":{"rendered":"<p>Everest Yay\u0131nlar\u0131, kitab\u0131 ya\u015fam\u0131n her an\u0131na ta\u015f\u0131yacak yeni bir diziyi okurla bulu\u015fturuyor: Everest \u2013 a\u00e7\u0131khava! a\u00e7\u0131khava kitaplar\u0131, okura otob\u00fcs, tren, vapur, metrolar, kafe ya da parklarda,<span class=\"excerpt-hellip\"> [\u2026]<\/span><\/p>\n","protected":false},"featured_media":0,"template":"","meta":{"_monsterinsights_skip_tracking":false,"_monsterinsights_sitenote_active":false,"_monsterinsights_sitenote_note":"","_monsterinsights_sitenote_category":0},"product_brand":[],"product_cat":[12291,12711],"product_tag":[],"class_list":{"0":"post-736567","1":"product","2":"type-product","3":"status-publish","5":"product_cat-edebiyat","6":"product_cat-roman-oyku","7":"pa_cilt-ciltsiz","8":"pa_tur-kitap","9":"pa_yayinevi-everest-yayinlari","10":"pa_yazar-henry-james","12":"first","13":"instock","14":"sale","15":"shipping-taxable","16":"purchasable","17":"product-type-simple"},"_links":{"self":[{"href":"https:\/\/roveyayinevi.com.tr\/index.php\/wp-json\/wp\/v2\/product\/736567","targetHints":{"allow":["GET"]}}],"collection":[{"href":"https:\/\/roveyayinevi.com.tr\/index.php\/wp-json\/wp\/v2\/product"}],"about":[{"href":"https:\/\/roveyayinevi.com.tr\/index.php\/wp-json\/wp\/v2\/types\/product"}],"wp:attachment":[{"href":"https:\/\/roveyayinevi.com.tr\/index.php\/wp-json\/wp\/v2\/media?parent=736567"}],"wp:term":[{"taxonomy":"product_brand","embeddable":true,"href":"https:\/\/roveyayinevi.com.tr\/index.php\/wp-json\/wp\/v2\/product_brand?post=736567"},{"taxonomy":"product_cat","embeddable":true,"href":"https:\/\/roveyayinevi.com.tr\/index.php\/wp-json\/wp\/v2\/product_cat?post=736567"},{"taxonomy":"product_tag","embeddable":true,"href":"https:\/\/roveyayinevi.com.tr\/index.php\/wp-json\/wp\/v2\/product_tag?post=736567"}],"curies":[{"name":"wp","href":"https:\/\/api.w.org\/{rel}","templated":true}]}}