{"id":736565,"date":"2025-08-27T23:10:25","date_gmt":"2025-08-27T20:10:25","guid":{"rendered":"https:\/\/roveyayinevi.com.tr\/index.php\/urun\/cthulhunun-cagrisi-everest-acikhava-6\/"},"modified":"2026-04-03T02:51:59","modified_gmt":"2026-04-02T23:51:59","slug":"cthulhunun-cagrisi-everest-acikhava-6","status":"publish","type":"product","link":"https:\/\/roveyayinevi.com.tr\/index.php\/urun\/cthulhunun-cagrisi-everest-acikhava-6\/","title":{"rendered":"Cthulhu\u2019nun  \u00c7a\u011fr\u0131s\u0131 &#8211; Everest A\u00e7\u0131khava 6"},"content":{"rendered":"<p>Everest Yay\u0131nlar\u0131, kitab\u0131 ya\u015fam\u0131n her an\u0131na ta\u015f\u0131yacak yeni bir diziyi okurla bulu\u015fturuyor: Everest \u2013 a\u00e7\u0131khava!   a\u00e7\u0131khava kitaplar\u0131, okura otob\u00fcs, tren, vapur, metrolar, kafe ya da parklarda, t\u00fcm g\u00fczerg\u00e2hlarda e\u015flik edebilecek \u00e7eviklik ve ebatta kitaplardan olu\u015fuyor: Dizimizde bir kol \u00e7antas\u0131na ya da b\u00fcy\u00fck bir cebe s\u0131\u011facak kadar k\u00fc\u00e7\u00fck, ayn\u0131 zamanda okumay\u0131 zorla\u015ft\u0131rmayacak kadar b\u00fcy\u00fck, ortalama y\u00fcz sayfal\u0131k yap\u0131tlar\u0131 bir araya getirmeye \u00f6zen g\u00f6sterdik. a\u00e7\u0131khava dizimizdeki metinler, gen\u00e7 okurlar ba\u015fta olmak \u00fczere, diziyi takip edenlere, edebiyat\u0131n \u00f6nemli isimlerini hat\u0131rlama ya da yeni yazarlarla tan\u0131\u015fma f\u0131rsat\u0131n\u0131 verecek \u015fekilde se\u00e7ildi: Dizide gerek yerli gerek yabanc\u0131 yazarlara; hem kl\u00e2siklere hem de g\u00fcncel yap\u0131tlara yer veriliyor. Se\u00e7kimizde \u00f6yk\u00fc, novella, deneme, oyun, \u015fiir gibi farkl\u0131 t\u00fcrlerde ve mutlaka b\u00fct\u00fcnl\u00fckl\u00fc metinler yer al\u0131yor. Ba\u015fka bir deyi\u015fle hi\u00e7bir kitap ba\u011flam\u0131ndan kopar\u0131lm\u0131\u015f bir metin i\u00e7ermiyor. 18 kitapla ba\u015flatt\u0131\u011f\u0131m\u0131z a\u00e7\u0131khava dizimiz, d\u00fczenli olarak yeni kitaplarla zenginle\u015ftirilecektirEdebiyatta fantastik kahramanlar ve korku dendi\u011finde ilk akla gelen isimlerden olan H.P. Lovecraft, eski mitolojileri yok sayarak kendine \u00f6zg\u00fc bir mitos yaratt\u0131. Bu mitosun ba\u015fkahraman\u0131, tanr\u0131s\u0131, yarat\u0131\u011f\u0131 Cthulhu, 1926\u2019da yaz\u0131lan, 1928\u2019de kitapla\u015fan bu metinle ortaya \u00e7\u0131kt\u0131. Bir ahtapotu, bir ejderi kendinde birle\u015ftiren, pen\u00e7eli, kanatl\u0131, ya\u015famayan ama \u00f6l\u00fc de olmayan Cthulhu, s\u0131n\u0131rs\u0131z, benzersiz, \u00fcrpertici d\u00fcnyalara yolculuklar vaat ediyor.<\/p>\n","protected":false},"excerpt":{"rendered":"<p>Everest Yay\u0131nlar\u0131, kitab\u0131 ya\u015fam\u0131n her an\u0131na ta\u015f\u0131yacak yeni bir diziyi okurla bulu\u015fturuyor: Everest \u2013 a\u00e7\u0131khava! a\u00e7\u0131khava kitaplar\u0131, okura otob\u00fcs, tren, vapur, metrolar, kafe ya da parklarda,<span class=\"excerpt-hellip\"> [\u2026]<\/span><\/p>\n","protected":false},"featured_media":0,"template":"","meta":{"_monsterinsights_skip_tracking":false,"_monsterinsights_sitenote_active":false,"_monsterinsights_sitenote_note":"","_monsterinsights_sitenote_category":0},"product_brand":[],"product_cat":[12291,12711],"product_tag":[],"class_list":{"0":"post-736565","1":"product","2":"type-product","3":"status-publish","5":"product_cat-edebiyat","6":"product_cat-roman-oyku","7":"pa_cilt-ciltsiz","8":"pa_tur-kitap","9":"pa_yayinevi-everest-yayinlari","10":"pa_yazar-h-p-lovecraft","12":"first","13":"instock","14":"sale","15":"shipping-taxable","16":"purchasable","17":"product-type-simple"},"_links":{"self":[{"href":"https:\/\/roveyayinevi.com.tr\/index.php\/wp-json\/wp\/v2\/product\/736565","targetHints":{"allow":["GET"]}}],"collection":[{"href":"https:\/\/roveyayinevi.com.tr\/index.php\/wp-json\/wp\/v2\/product"}],"about":[{"href":"https:\/\/roveyayinevi.com.tr\/index.php\/wp-json\/wp\/v2\/types\/product"}],"wp:attachment":[{"href":"https:\/\/roveyayinevi.com.tr\/index.php\/wp-json\/wp\/v2\/media?parent=736565"}],"wp:term":[{"taxonomy":"product_brand","embeddable":true,"href":"https:\/\/roveyayinevi.com.tr\/index.php\/wp-json\/wp\/v2\/product_brand?post=736565"},{"taxonomy":"product_cat","embeddable":true,"href":"https:\/\/roveyayinevi.com.tr\/index.php\/wp-json\/wp\/v2\/product_cat?post=736565"},{"taxonomy":"product_tag","embeddable":true,"href":"https:\/\/roveyayinevi.com.tr\/index.php\/wp-json\/wp\/v2\/product_tag?post=736565"}],"curies":[{"name":"wp","href":"https:\/\/api.w.org\/{rel}","templated":true}]}}