{"id":736564,"date":"2025-08-27T23:10:24","date_gmt":"2025-08-27T20:10:24","guid":{"rendered":"https:\/\/roveyayinevi.com.tr\/index.php\/urun\/erhan-bener-secme-oykuler-everest-acikhava-5\/"},"modified":"2026-04-16T02:45:39","modified_gmt":"2026-04-15T23:45:39","slug":"erhan-bener-secme-oykuler-everest-acikhava-5","status":"publish","type":"product","link":"https:\/\/roveyayinevi.com.tr\/index.php\/urun\/erhan-bener-secme-oykuler-everest-acikhava-5\/","title":{"rendered":"Erhan Bener Se\u00e7me \u00d6yk\u00fcler &#8211; Everest A\u00e7\u0131khava 5"},"content":{"rendered":"<p>Everest Yay\u0131nlar\u0131, kitab\u0131 ya\u015fam\u0131n her an\u0131na ta\u015f\u0131yacak yeni bir diziyi okurla bulu\u015fturuyor: Everest \u2013 a\u00e7\u0131khava!   a\u00e7\u0131khava kitaplar\u0131, okura otob\u00fcs, tren, vapur, metrolar, kafe ya da parklarda, t\u00fcm g\u00fczerg\u00e2hlarda e\u015flik edebilecek \u00e7eviklik ve ebatta kitaplardan olu\u015fuyor: Dizimizde bir kol \u00e7antas\u0131na ya da b\u00fcy\u00fck bir cebe s\u0131\u011facak kadar k\u00fc\u00e7\u00fck, ayn\u0131 zamanda okumay\u0131 zorla\u015ft\u0131rmayacak kadar b\u00fcy\u00fck, ortalama y\u00fcz sayfal\u0131k yap\u0131tlar\u0131 bir araya getirmeye \u00f6zen g\u00f6sterdik. a\u00e7\u0131khava dizimizdeki metinler, gen\u00e7 okurlar ba\u015fta olmak \u00fczere, diziyi takip edenlere, edebiyat\u0131n \u00f6nemli isimlerini hat\u0131rlama ya da yeni yazarlarla tan\u0131\u015fma f\u0131rsat\u0131n\u0131 verecek \u015fekilde se\u00e7ildi: Dizide gerek yerli gerek yabanc\u0131 yazarlara; hem kl\u00e2siklere hem de g\u00fcncel yap\u0131tlara yer veriliyor. Se\u00e7kimizde \u00f6yk\u00fc, novella, deneme, oyun, \u015fiir gibi farkl\u0131 t\u00fcrlerde ve mutlaka b\u00fct\u00fcnl\u00fckl\u00fc metinler yer al\u0131yor. Ba\u015fka bir deyi\u015fle hi\u00e7bir kitap ba\u011flam\u0131ndan kopar\u0131lm\u0131\u015f bir metin i\u00e7ermiyor. 18 kitapla ba\u015flatt\u0131\u011f\u0131m\u0131z a\u00e7\u0131khava dizimiz, d\u00fczenli olarak yeni kitaplarla zenginle\u015ftirilecektirT\u00fcrk\u00e7e edebiyat\u0131n en verimli ve yetkin yazarlar\u0131ndan Erhan Bener, romanlar\u0131n\u0131n yan\u0131 s\u0131ra anlar\u0131 b\u00fcy\u00fck bir ustal\u0131kla kavrayan \u00f6yk\u00fcler de b\u0131rakt\u0131. Bu se\u00e7kide yer alan metinler birbirinden epey farkl\u0131 ve her biri Erhan Bener \u00fcslubunun ba\u015fka y\u00fczlerini yans\u0131t\u0131yor. Anlat\u0131lanlar da mitolojideki Olympos Da\u011f\u0131\u2019ndan Paris\u2019in \u0131\u015f\u0131lt\u0131l\u0131 caddelerine uzanan; \u0130stiklal Caddesi\u2019nde, Ye\u015fil\u00e7am heyecanlar\u0131n\u0131 dirilten benzersiz bir zaman\/mek\u00e2n yolculu\u011fu vaat ediyor. <\/p>\n","protected":false},"excerpt":{"rendered":"<p>Everest Yay\u0131nlar\u0131, kitab\u0131 ya\u015fam\u0131n her an\u0131na ta\u015f\u0131yacak yeni bir diziyi okurla bulu\u015fturuyor: Everest \u2013 a\u00e7\u0131khava! a\u00e7\u0131khava kitaplar\u0131, okura otob\u00fcs, tren, vapur, metrolar, kafe ya da parklarda,<span class=\"excerpt-hellip\"> [\u2026]<\/span><\/p>\n","protected":false},"featured_media":0,"template":"","meta":{"_monsterinsights_skip_tracking":false,"_monsterinsights_sitenote_active":false,"_monsterinsights_sitenote_note":"","_monsterinsights_sitenote_category":0},"product_brand":[],"product_cat":[12291,12711],"product_tag":[],"class_list":{"0":"post-736564","1":"product","2":"type-product","3":"status-publish","5":"product_cat-edebiyat","6":"product_cat-roman-oyku","7":"pa_cilt-ciltsiz","8":"pa_tur-kitap","9":"pa_yayinevi-everest-yayinlari","10":"pa_yazar-erhan-bener","12":"first","13":"instock","14":"sale","15":"shipping-taxable","16":"purchasable","17":"product-type-simple"},"_links":{"self":[{"href":"https:\/\/roveyayinevi.com.tr\/index.php\/wp-json\/wp\/v2\/product\/736564","targetHints":{"allow":["GET"]}}],"collection":[{"href":"https:\/\/roveyayinevi.com.tr\/index.php\/wp-json\/wp\/v2\/product"}],"about":[{"href":"https:\/\/roveyayinevi.com.tr\/index.php\/wp-json\/wp\/v2\/types\/product"}],"wp:attachment":[{"href":"https:\/\/roveyayinevi.com.tr\/index.php\/wp-json\/wp\/v2\/media?parent=736564"}],"wp:term":[{"taxonomy":"product_brand","embeddable":true,"href":"https:\/\/roveyayinevi.com.tr\/index.php\/wp-json\/wp\/v2\/product_brand?post=736564"},{"taxonomy":"product_cat","embeddable":true,"href":"https:\/\/roveyayinevi.com.tr\/index.php\/wp-json\/wp\/v2\/product_cat?post=736564"},{"taxonomy":"product_tag","embeddable":true,"href":"https:\/\/roveyayinevi.com.tr\/index.php\/wp-json\/wp\/v2\/product_tag?post=736564"}],"curies":[{"name":"wp","href":"https:\/\/api.w.org\/{rel}","templated":true}]}}