{"id":736561,"date":"2025-08-27T23:10:20","date_gmt":"2025-08-27T20:10:20","guid":{"rendered":"https:\/\/roveyayinevi.com.tr\/index.php\/urun\/suret-12-sayi-psikokulturel-analiz-kara-ayna\/"},"modified":"2026-04-16T02:45:39","modified_gmt":"2026-04-15T23:45:39","slug":"suret-12-sayi-psikokulturel-analiz-kara-ayna","status":"publish","type":"product","link":"https:\/\/roveyayinevi.com.tr\/index.php\/urun\/suret-12-sayi-psikokulturel-analiz-kara-ayna\/","title":{"rendered":"Suret 12. Say\u0131 Psikok\u00fclt\u00fcrel Analiz &#8211; Kara Ayna"},"content":{"rendered":"<p>DOSYA: KARA AYNA \u0130LG\u0130N\u00c7 ZAMANLAR   \u201c\u0130\u00e7inde ya\u015fad\u0131\u011f\u0131m\u0131z internet uygarl\u0131\u011f\u0131 gitgide her \u015feyi yans\u0131t\u0131c\u0131 bir y\u00fczeye d\u00f6n\u00fc\u015ft\u00fcr\u00fcyor. Ekranlarda her g\u00fcn insan olman\u0131n bin bir y\u00fcz\u00fcyle kar\u015f\u0131la\u015f\u0131yoruz. Hem bizi bir araya getiriyor hem de gitgide daha \u00e7ok ay\u0131r\u0131yor; t\u00fcm d\u00fcrt\u00fclerimizin oyun alan\u0131 oluyorlar. Kapatma tu\u015funa bast\u0131\u011f\u0131m\u0131z anda ise kar\u015f\u0131m\u0131zdaki c\u0131v\u0131l c\u0131v\u0131l evrenler yok oluyor ve kapkara bir camla kar\u015f\u0131la\u015f\u0131yoruz. Edebiyatta, sinemada, sosyal bilimlerde bu \u2018kara ayna\u2019lar uygarl\u0131\u011f\u0131, gelecekte toplumlar\u0131n ve bireylerin ruhsall\u0131\u011f\u0131 konusunda hem \u00fctopik hem de distopik \u00f6ng\u00f6r\u00fclerde bulunuyor. Covid19 d\u00fcnyas\u0131 da bu distopik \u2018kara ayna\u2019 \u00f6yk\u00fclerini an\u0131msat\u0131yor: Karantinalar\u0131n, tekinsiz bir i\u00e7\/d\u0131\u015f nesne olan vir\u00fcs\u00fcn, \u201csosyal\u201d mesafelerin ve maskelerin d\u00fcnyas\u0131\u2026 Bu cesur yeni d\u00fcnyan\u0131n ve i\u00e7inden ge\u00e7ti\u011fimiz \u2018ilgin\u00e7 zamanlar\u0131n\u2019 toplumsal ve bireysel d\u00fczeyde ne gibi de\u011fi\u015fim ve d\u00f6n\u00fc\u015f\u00fcmlere yol a\u00e7t\u0131\u011f\u0131n\u0131 hep beraber izlerken bizler de bu d\u00f6neme ayna tutarak onu hem ruhsal hem de toplumsal a\u00e7\u0131dan yazmak istedik, umar\u0131z keyifle okursunuz.\u201d \u2013Edit\u00f6r\u2019den     \u2022 Bar\u0131\u015f \u00d6zgen \u015eensoy \u2022 Bur\u00e7ak Erdal \u2022 Didem Dan\u0131\u015f \u2022 G\u00fclru Hotinli \u2022 Hakan K\u0131z\u0131ltan \u2022 M. I\u015f\u0131l Ert\u00fcz\u00fcn \u2022 Mehmet Ekinci \u2022 Meral Erten \u2022 Ozan Er\u00f6zden       \u2022 \u00d6zg\u00fcr \u00d6\u011f\u00fctcen \u2022 Re\u015fit Canbeyli \u2022 Sanem Tayman Eksin \u2022 Sinan T\u0131nar \u2022 Tuba Tokg\u00f6z \u2022 Yavuz Erten \u2022 Yusuf Atabay \u2022 Joy A. Dryer &amp; Ruth M. Lijtmaer <\/p>\n","protected":false},"excerpt":{"rendered":"<p>DOSYA: KARA AYNA \u0130LG\u0130N\u00c7 ZAMANLAR \u201c\u0130\u00e7inde ya\u015fad\u0131\u011f\u0131m\u0131z internet uygarl\u0131\u011f\u0131 gitgide her \u015feyi yans\u0131t\u0131c\u0131 bir y\u00fczeye d\u00f6n\u00fc\u015ft\u00fcr\u00fcyor. Ekranlarda her g\u00fcn insan olman\u0131n bin bir y\u00fcz\u00fcyle kar\u015f\u0131la\u015f\u0131yoruz. Hem<span class=\"excerpt-hellip\"> [\u2026]<\/span><\/p>\n","protected":false},"featured_media":0,"template":"","meta":{"_monsterinsights_skip_tracking":false,"_monsterinsights_sitenote_active":false,"_monsterinsights_sitenote_note":"","_monsterinsights_sitenote_category":0},"product_brand":[],"product_cat":[13527],"product_tag":[],"class_list":{"0":"post-736561","1":"product","2":"type-product","3":"status-publish","5":"product_cat-sureli-yayinlar","6":"pa_cilt-ciltsiz","7":"pa_tur-dergi","8":"pa_yayinevi-ithaki-yayinlari","9":"pa_yazar-ithaki-yayinlari-kolektif","11":"first","12":"instock","13":"sale","14":"shipping-taxable","15":"purchasable","16":"product-type-simple"},"_links":{"self":[{"href":"https:\/\/roveyayinevi.com.tr\/index.php\/wp-json\/wp\/v2\/product\/736561","targetHints":{"allow":["GET"]}}],"collection":[{"href":"https:\/\/roveyayinevi.com.tr\/index.php\/wp-json\/wp\/v2\/product"}],"about":[{"href":"https:\/\/roveyayinevi.com.tr\/index.php\/wp-json\/wp\/v2\/types\/product"}],"wp:attachment":[{"href":"https:\/\/roveyayinevi.com.tr\/index.php\/wp-json\/wp\/v2\/media?parent=736561"}],"wp:term":[{"taxonomy":"product_brand","embeddable":true,"href":"https:\/\/roveyayinevi.com.tr\/index.php\/wp-json\/wp\/v2\/product_brand?post=736561"},{"taxonomy":"product_cat","embeddable":true,"href":"https:\/\/roveyayinevi.com.tr\/index.php\/wp-json\/wp\/v2\/product_cat?post=736561"},{"taxonomy":"product_tag","embeddable":true,"href":"https:\/\/roveyayinevi.com.tr\/index.php\/wp-json\/wp\/v2\/product_tag?post=736561"}],"curies":[{"name":"wp","href":"https:\/\/api.w.org\/{rel}","templated":true}]}}