{"id":736560,"date":"2025-08-27T23:10:19","date_gmt":"2025-08-27T20:10:19","guid":{"rendered":"https:\/\/roveyayinevi.com.tr\/index.php\/urun\/yayan-yapildak\/"},"modified":"2026-04-16T02:45:39","modified_gmt":"2026-04-15T23:45:39","slug":"yayan-yapildak","status":"publish","type":"product","link":"https:\/\/roveyayinevi.com.tr\/index.php\/urun\/yayan-yapildak\/","title":{"rendered":"Yayan Yap\u0131ldak"},"content":{"rendered":"<p>Yol, ba\u015flad\u0131\u011f\u0131 gibi bitmeyi de bilen ama bitmeyen, daral\u0131p geni\u015fleyen, yapan, onaran, yeniden var eden yeg\u00e2ne \u015fey. \u0130nsandan ba\u015flay\u0131p insanla bitmenin ba\u015fka ad\u0131. Do\u011faya, \u015fiire, ge\u00e7mi\u015fe ve gelece\u011fe uzanan bir el.   Haydar Erg\u00fclen, Yayan Yap\u0131ldak\u2019taki denemeleriyle d\u00fcnden bug\u00fcne, bug\u00fcnden yar\u0131na uzanan bir yol alfabesi kazand\u0131r\u0131yor bize. Bazen nesnelere, bazen kavramlara, bazen de hayvanlara yepyeni anlamlar kat\u0131yor. G\u00f6\u011f\u2019e ve Su\u2019ya g\u00f6t\u00fcrmek i\u00e7in evvela yola \u00e7\u0131kar\u0131yor bizi.   \u201cMerak\u0131m\u0131z var, hevesimiz var, ya\u015fama a\u015fk\u0131m\u0131z var, kalbin g\u00f6\u011f\u00fcne mi desek g\u00f6\u011f\u00fcn kalbine mi, ikisi de g\u00f6n\u00fclden ge\u00e7er, bakas\u0131m\u0131z var, \u00f6yleyse kanatlar\u0131m\u0131z da var demektir! Ne duruyoruz? Kanatlar\u0131m\u0131z\u0131 a\u00e7al\u0131m, onlar d\u00fcnden hevesli. Sorun diyorlar, sora sora, bak\u0131n diyorlar, baka baka, d\u00fc\u015fleyin diyorlar, d\u00fc\u015fe kalka, u\u00e7un diyorlar, heves denizinde, merak g\u00f6\u011f\u00fcnde, bata \u00e7\u0131ka, \u00f6zg\u00fcrl\u00fck ancak o zaman ku\u015flar gibi ve ku\u015flarla ayn\u0131 hizada.\u201d<\/p>\n","protected":false},"excerpt":{"rendered":"<p>Yol, ba\u015flad\u0131\u011f\u0131 gibi bitmeyi de bilen ama bitmeyen, daral\u0131p geni\u015fleyen, yapan, onaran, yeniden var eden yeg\u00e2ne \u015fey. \u0130nsandan ba\u015flay\u0131p insanla bitmenin ba\u015fka ad\u0131. Do\u011faya, \u015fiire, ge\u00e7mi\u015fe<span class=\"excerpt-hellip\"> [\u2026]<\/span><\/p>\n","protected":false},"featured_media":0,"template":"","meta":{"_monsterinsights_skip_tracking":false,"_monsterinsights_sitenote_active":false,"_monsterinsights_sitenote_note":"","_monsterinsights_sitenote_category":0},"product_brand":[],"product_cat":[12777,12291],"product_tag":[],"class_list":{"0":"post-736560","1":"product","2":"type-product","3":"status-publish","5":"product_cat-deneme","6":"product_cat-edebiyat","7":"pa_cilt-ciltsiz","8":"pa_tur-kitap","9":"pa_yayinevi-ithaki-yayinlari","10":"pa_yazar-haydar-ergulen","12":"first","13":"instock","14":"sale","15":"shipping-taxable","16":"purchasable","17":"product-type-simple"},"_links":{"self":[{"href":"https:\/\/roveyayinevi.com.tr\/index.php\/wp-json\/wp\/v2\/product\/736560","targetHints":{"allow":["GET"]}}],"collection":[{"href":"https:\/\/roveyayinevi.com.tr\/index.php\/wp-json\/wp\/v2\/product"}],"about":[{"href":"https:\/\/roveyayinevi.com.tr\/index.php\/wp-json\/wp\/v2\/types\/product"}],"wp:attachment":[{"href":"https:\/\/roveyayinevi.com.tr\/index.php\/wp-json\/wp\/v2\/media?parent=736560"}],"wp:term":[{"taxonomy":"product_brand","embeddable":true,"href":"https:\/\/roveyayinevi.com.tr\/index.php\/wp-json\/wp\/v2\/product_brand?post=736560"},{"taxonomy":"product_cat","embeddable":true,"href":"https:\/\/roveyayinevi.com.tr\/index.php\/wp-json\/wp\/v2\/product_cat?post=736560"},{"taxonomy":"product_tag","embeddable":true,"href":"https:\/\/roveyayinevi.com.tr\/index.php\/wp-json\/wp\/v2\/product_tag?post=736560"}],"curies":[{"name":"wp","href":"https:\/\/api.w.org\/{rel}","templated":true}]}}