{"id":736559,"date":"2025-08-27T23:10:17","date_gmt":"2025-08-27T20:10:17","guid":{"rendered":"https:\/\/roveyayinevi.com.tr\/index.php\/urun\/firefly-basbayagi-kahraman\/"},"modified":"2026-04-16T02:45:39","modified_gmt":"2026-04-15T23:45:39","slug":"firefly-basbayagi-kahraman","status":"publish","type":"product","link":"https:\/\/roveyayinevi.com.tr\/index.php\/urun\/firefly-basbayagi-kahraman\/","title":{"rendered":"Firefly &#8211; Basbaya\u011f\u0131 Kahraman"},"content":{"rendered":"<p>\u00d6zlenen uzay westerni Firefly evreninde ge\u00e7en, dizinin yarat\u0131c\u0131s\u0131 Joss Whedon\u2019\u0131n dan\u0131\u015fman edit\u00f6r\u00fc oldu\u011fu bir roman!   Tehlikeli bir kargo. Kay\u0131p bir kaptan. \u0130ntikamc\u0131 bir ordu.   Rutin bir i\u015f gibi g\u00f6r\u00fcn\u00fcyordu, Persephone gezegeninden al\u0131nan be\u015f kasa onu bekleyen al\u0131c\u0131ya ula\u015ft\u0131r\u0131lacakt\u0131. Ve Tanr\u0131 biliyordu ki Kaptan Reynolds e\u011fer Serenity\u2019yi u\u00e7urmaya devam etmek istiyorsa para kazanmal\u0131yd\u0131. Ama m\u00fc\u015fteri Badger\u2019d\u0131 ve Badger\u2019\u0131n oldu\u011fu hi\u00e7bir i\u015f sorunsuz olmuyordu. Kasalar, en ufak sars\u0131nt\u0131da infilak edebilecek patlay\u0131c\u0131larla doluydu.   Kalk\u0131\u015ftan hemen \u00f6nce Mal kaybolmu\u015ftu. Kargonun her ge\u00e7en dakika patlama riski artarken ve Birlik gemilerinin ilgisi inat\u00e7\u0131 ka\u00e7ak\u00e7\u0131 gemisine kayarken ikinci kaptan Zoe, kaptan\u0131 kurtarmak ile tayfay\u0131 korumak aras\u0131nda karar vermek zorunda kalacakt\u0131.    Bu arada, Persephone\u2019de bir grup Kahverengiceketli isyank\u00e2r gazinin, rezil yenilgilerinden sorumlu olan herkesten intikam almak i\u00e7in her \u015feyi yapmaya haz\u0131r oldu\u011fu dedikodular\u0131 yay\u0131l\u0131yordu. Mal\u2019in sava\u015fla ilgili saklad\u0131\u011f\u0131 karanl\u0131k bir s\u0131rr\u0131 m\u0131 vard\u0131? Ve Serenity tayfas\u0131 onu \u00e7ok ge\u00e7 olmadan bulabilecek miydi?   \u201cYine dokuzumuz da gemideyiz. \u0130\u015f bak\u0131m\u0131ndan ne bulabiliriz diye Siyahl\u0131k\u2019a \u00e7\u0131k\u0131yoruz. Her zamanki gibi: Ne i\u015f olursa, paral\u0131ysa alaca\u011f\u0131z. Durumlar i\u00e7 a\u00e7\u0131c\u0131 olmasa da yapacak bir \u015fey yok. Bu evren iyicil yahut adil de\u011fil ve kimseye bir r\u0131z\u0131k borcu yok.\u201d <\/p>\n","protected":false},"excerpt":{"rendered":"<p>\u00d6zlenen uzay westerni Firefly evreninde ge\u00e7en, dizinin yarat\u0131c\u0131s\u0131 Joss Whedon\u2019\u0131n dan\u0131\u015fman edit\u00f6r\u00fc oldu\u011fu bir roman! Tehlikeli bir kargo. Kay\u0131p bir kaptan. \u0130ntikamc\u0131 bir ordu. Rutin bir<span class=\"excerpt-hellip\"> [\u2026]<\/span><\/p>\n","protected":false},"featured_media":0,"template":"","meta":{"_monsterinsights_skip_tracking":false,"_monsterinsights_sitenote_active":false,"_monsterinsights_sitenote_note":"","_monsterinsights_sitenote_category":0},"product_brand":[],"product_cat":[12540,12291],"product_tag":[],"class_list":{"0":"post-736559","1":"product","2":"type-product","3":"status-publish","5":"product_cat-bilim-kurgu","6":"product_cat-edebiyat","7":"pa_cilt-ciltsiz","8":"pa_tur-kitap","9":"pa_yayinevi-ithaki-yayinlari","10":"pa_yazar-james-lovegrove-nancy-holder","12":"first","13":"instock","14":"sale","15":"shipping-taxable","16":"purchasable","17":"product-type-simple"},"_links":{"self":[{"href":"https:\/\/roveyayinevi.com.tr\/index.php\/wp-json\/wp\/v2\/product\/736559","targetHints":{"allow":["GET"]}}],"collection":[{"href":"https:\/\/roveyayinevi.com.tr\/index.php\/wp-json\/wp\/v2\/product"}],"about":[{"href":"https:\/\/roveyayinevi.com.tr\/index.php\/wp-json\/wp\/v2\/types\/product"}],"wp:attachment":[{"href":"https:\/\/roveyayinevi.com.tr\/index.php\/wp-json\/wp\/v2\/media?parent=736559"}],"wp:term":[{"taxonomy":"product_brand","embeddable":true,"href":"https:\/\/roveyayinevi.com.tr\/index.php\/wp-json\/wp\/v2\/product_brand?post=736559"},{"taxonomy":"product_cat","embeddable":true,"href":"https:\/\/roveyayinevi.com.tr\/index.php\/wp-json\/wp\/v2\/product_cat?post=736559"},{"taxonomy":"product_tag","embeddable":true,"href":"https:\/\/roveyayinevi.com.tr\/index.php\/wp-json\/wp\/v2\/product_tag?post=736559"}],"curies":[{"name":"wp","href":"https:\/\/api.w.org\/{rel}","templated":true}]}}