{"id":736558,"date":"2025-08-27T23:10:16","date_gmt":"2025-08-27T20:10:16","guid":{"rendered":"https:\/\/roveyayinevi.com.tr\/index.php\/urun\/safagin-robotlari-robot-serisi-3-kitap\/"},"modified":"2026-04-16T02:45:39","modified_gmt":"2026-04-15T23:45:39","slug":"safagin-robotlari-robot-serisi-3-kitap","status":"publish","type":"product","link":"https:\/\/roveyayinevi.com.tr\/index.php\/urun\/safagin-robotlari-robot-serisi-3-kitap\/","title":{"rendered":"\u015eafa\u011f\u0131n Robotlar\u0131 &#8211;  Robot Serisi 3. Kitap"},"content":{"rendered":"<p>\u0130lk olarak 1953 y\u0131l\u0131nda, Galaxy Magazine\u2019de tefrika edilen \u00c7elik Ma\u011faralar\u2019\u0131 yazarken Isaac Asimov\u2019un akl\u0131nda bilimkurgunun tek ba\u015f\u0131na s\u0131n\u0131rl\u0131 bir t\u00fcr olmad\u0131\u011f\u0131, edebiyat\u0131n her t\u00fcr\u00fcne uygulanabilece\u011fi fikri vard\u0131. D\u00f6nemin pop\u00fcler t\u00fcrlerinden olan dedektif \u00f6yk\u00fcleri ile bilimkurguyu ba\u015far\u0131yla birle\u015ftirerek t\u00fcre farkl\u0131 kap\u0131lar\u0131 a\u00e7t\u0131. Vak\u0131f Serisi\u2019nden birka\u00e7 y\u0131l sonra yay\u0131mlanan ve Galaktik \u0130mparatorluk\u2019un y\u00fckseli\u015fi, \u00e7\u00f6k\u00fc\u015f\u00fc ve onu izleyen iki Vak\u0131f\u2019\u0131n kurulmas\u0131yla sonu\u00e7lanan uzak gelece\u011fin binlerce y\u0131l \u00f6ncesini anlatan, Asimov\u2019un kompleks evreninin di\u011fer par\u00e7as\u0131 Robot Serisi b\u00f6ylece \u015fekillenmeye ba\u015flad\u0131.   Dedektif Elijah Baley, \u201ctuhaf\u201d bir cinayeti \u00e7\u00f6zmesi i\u00e7in bir Uzayc\u0131 gezegeni olan Aurora\u2019ya \u00e7a\u011fr\u0131lm\u0131\u015ft\u0131. \u00d6ld\u00fcr\u00fclen, yani zihni bloke edilen ise bir robottu. Genel kan\u0131 ise bunu yapabilecek tek ki\u015finin Baley\u2019nin daha \u00f6nce yard\u0131m etti\u011fi Han Fastolfe oldu\u011fuydu. Baley\u2019nin ve robot orta\u011f\u0131 R. Daneel Olivaw\u2019\u0131n D\u00fcnya\u2019n\u0131n uzaya a\u00e7\u0131lmas\u0131nda en b\u00fcy\u00fck umudu olarak g\u00f6r\u00fcnen ve cinayeti i\u015flemedi\u011fini s\u00f6yleyen Fastolfe\u2019un masum oldu\u011funu kan\u0131tlamas\u0131 gerekiyordu. Aksi h\u00e2lde hem D\u00fcnya hem de Elijah Baley i\u00e7in tehlike \u00e7anlar\u0131 \u00e7almaya ba\u015flayacakt\u0131. <\/p>\n","protected":false},"excerpt":{"rendered":"<p>\u0130lk olarak 1953 y\u0131l\u0131nda, Galaxy Magazine\u2019de tefrika edilen \u00c7elik Ma\u011faralar\u2019\u0131 yazarken Isaac Asimov\u2019un akl\u0131nda bilimkurgunun tek ba\u015f\u0131na s\u0131n\u0131rl\u0131 bir t\u00fcr olmad\u0131\u011f\u0131, edebiyat\u0131n her t\u00fcr\u00fcne uygulanabilece\u011fi fikri<span class=\"excerpt-hellip\"> [\u2026]<\/span><\/p>\n","protected":false},"featured_media":0,"template":"","meta":{"_monsterinsights_skip_tracking":false,"_monsterinsights_sitenote_active":false,"_monsterinsights_sitenote_note":"","_monsterinsights_sitenote_category":0},"product_brand":[],"product_cat":[12540,12291],"product_tag":[],"class_list":{"0":"post-736558","1":"product","2":"type-product","3":"status-publish","5":"product_cat-bilim-kurgu","6":"product_cat-edebiyat","7":"pa_cilt-ciltsiz","8":"pa_tur-kitap","9":"pa_yayinevi-ithaki-yayinlari","10":"pa_yazar-isaac-asimov","12":"first","13":"instock","14":"sale","15":"shipping-taxable","16":"purchasable","17":"product-type-simple"},"_links":{"self":[{"href":"https:\/\/roveyayinevi.com.tr\/index.php\/wp-json\/wp\/v2\/product\/736558","targetHints":{"allow":["GET"]}}],"collection":[{"href":"https:\/\/roveyayinevi.com.tr\/index.php\/wp-json\/wp\/v2\/product"}],"about":[{"href":"https:\/\/roveyayinevi.com.tr\/index.php\/wp-json\/wp\/v2\/types\/product"}],"wp:attachment":[{"href":"https:\/\/roveyayinevi.com.tr\/index.php\/wp-json\/wp\/v2\/media?parent=736558"}],"wp:term":[{"taxonomy":"product_brand","embeddable":true,"href":"https:\/\/roveyayinevi.com.tr\/index.php\/wp-json\/wp\/v2\/product_brand?post=736558"},{"taxonomy":"product_cat","embeddable":true,"href":"https:\/\/roveyayinevi.com.tr\/index.php\/wp-json\/wp\/v2\/product_cat?post=736558"},{"taxonomy":"product_tag","embeddable":true,"href":"https:\/\/roveyayinevi.com.tr\/index.php\/wp-json\/wp\/v2\/product_tag?post=736558"}],"curies":[{"name":"wp","href":"https:\/\/api.w.org\/{rel}","templated":true}]}}