{"id":736557,"date":"2025-08-27T23:10:15","date_gmt":"2025-08-27T20:10:15","guid":{"rendered":"https:\/\/roveyayinevi.com.tr\/index.php\/urun\/cadinin-yuregi\/"},"modified":"2026-04-16T02:45:39","modified_gmt":"2026-04-15T23:45:39","slug":"cadinin-yuregi","status":"publish","type":"product","link":"https:\/\/roveyayinevi.com.tr\/index.php\/urun\/cadinin-yuregi\/","title":{"rendered":"Cad\u0131n\u0131n Y\u00fcre\u011fi"},"content":{"rendered":"<p>\u201cMadeline Miller&#8217;\u0131n Ben, Kirke&#8217;sini sevenler i\u00e7in birebir.\u201d \u2013Library Journal   \u201cNeil Gaiman\u2019\u0131n \u0130skandinav Mitolojisi\u2019ni ve Joanne M. Harris\u2019in Loki romanlar\u0131n\u0131 seven okurlar i\u00e7in e\u015fsiz bir yeniden anlat\u0131m.\u201d \u2013Booklist   \u201cKadim \u0130skandinav tanr\u0131lar\u0131n\u0131n puslu diyar\u0131na uzanan benzersiz bir yolculuk. Kitab\u0131n merkezinde ise sevdiklerini korumak i\u00e7in \u00e7a\u011flar boyunca fedak\u00e2rl\u0131klar yapan bir cad\u0131 duruyor.\u201d \u2013Margaret George   Derler ki, ya\u015fl\u0131 bir cad\u0131 ya\u015farm\u0131\u015f do\u011fuda\u2026   Bu cad\u0131 g\u00fcne\u015f ve ay\u0131 kovalayan kurtlar getirmi\u015f d\u00fcnyaya. Derler ki, Asgard\u2019a gitmi\u015f ve \u00fc\u00e7 kez ate\u015fe verilmi\u015f, \u00fc\u00e7 kez yeniden do\u011fmu\u015f ka\u00e7madan \u00f6nce. Derler ki, e\u015fsizmi\u015f b\u00fcy\u00fcs\u00fc, k\u00e2busuymu\u015f tanr\u0131lar tanr\u0131s\u0131 Odin\u2019in bile. Derler ki, yaral\u0131 dudaklar\u0131 ve sivri dili olan bir adam\u0131 sevmi\u015f, Loki derlermi\u015f ad\u0131na. Derler ki, do\u011furdu\u011fu \u00e7ocuklar tanr\u0131lar\u0131n alacakaranl\u0131\u011f\u0131n\u0131, Ragnar\u00f6k\u2019\u00fc getirmi\u015f. Ve yine derler ki, kendisi direnmi\u015f Ragnar\u00f6k\u2019\u00fcn alevlerine sonuna kadar, kalbi d\u0131\u015f\u0131nda her \u015fey bir kez daha k\u00fcle d\u00f6nene kadar. Ancak kimisi onun h\u00e2l\u00e2 ya\u015fad\u0131\u011f\u0131n\u0131 s\u00f6yler.   \u0130nsanlar \u00f6l\u00fcr, tanr\u0131lar \u00f6l\u00fcr ama o ya\u015famaya devam eder\u2026   Cad\u0131n\u0131n Y\u00fcre\u011fi\u2019nde Genevieve Gornichec, \u0130skandinav mitolojisinin g\u00f6z ard\u0131 edilen ancak k\u0131yametin gelmesinde do\u011frudan rol oynayan buz devi cad\u0131 Angrboda\u2019n\u0131n hik\u00e2yesini anlat\u0131yor. Loki\u2019nin Asgard tanr\u0131lar\u0131ndan gizledi\u011fi e\u015fi; Fenrir, Hel ve Jormungundr\u2019un annesi; Odin\u2019in alt edemedi\u011fi rakibi Angrboda, bu kibirli tanr\u0131lar d\u00fcnyas\u0131nda kendi destan\u0131n\u0131 yazma f\u0131rsat\u0131na ilk kez kavu\u015fuyor. <\/p>\n","protected":false},"excerpt":{"rendered":"<p>\u201cMadeline Miller&#8217;\u0131n Ben, Kirke&#8217;sini sevenler i\u00e7in birebir.\u201d \u2013Library Journal \u201cNeil Gaiman\u2019\u0131n \u0130skandinav Mitolojisi\u2019ni ve Joanne M. Harris\u2019in Loki romanlar\u0131n\u0131 seven okurlar i\u00e7in e\u015fsiz bir yeniden anlat\u0131m.\u201d<span class=\"excerpt-hellip\"> [\u2026]<\/span><\/p>\n","protected":false},"featured_media":0,"template":"","meta":{"_monsterinsights_skip_tracking":false,"_monsterinsights_sitenote_active":false,"_monsterinsights_sitenote_note":"","_monsterinsights_sitenote_category":0},"product_brand":[],"product_cat":[12291,14777],"product_tag":[],"class_list":{"0":"post-736557","1":"product","2":"type-product","3":"status-publish","5":"product_cat-edebiyat","6":"product_cat-fantastik","7":"pa_cilt-ciltsiz","8":"pa_tur-kitap","9":"pa_yayinevi-ithaki-yayinlari","10":"pa_yazar-genevieve-gornichec","12":"first","13":"instock","14":"sale","15":"shipping-taxable","16":"purchasable","17":"product-type-simple"},"_links":{"self":[{"href":"https:\/\/roveyayinevi.com.tr\/index.php\/wp-json\/wp\/v2\/product\/736557","targetHints":{"allow":["GET"]}}],"collection":[{"href":"https:\/\/roveyayinevi.com.tr\/index.php\/wp-json\/wp\/v2\/product"}],"about":[{"href":"https:\/\/roveyayinevi.com.tr\/index.php\/wp-json\/wp\/v2\/types\/product"}],"wp:attachment":[{"href":"https:\/\/roveyayinevi.com.tr\/index.php\/wp-json\/wp\/v2\/media?parent=736557"}],"wp:term":[{"taxonomy":"product_brand","embeddable":true,"href":"https:\/\/roveyayinevi.com.tr\/index.php\/wp-json\/wp\/v2\/product_brand?post=736557"},{"taxonomy":"product_cat","embeddable":true,"href":"https:\/\/roveyayinevi.com.tr\/index.php\/wp-json\/wp\/v2\/product_cat?post=736557"},{"taxonomy":"product_tag","embeddable":true,"href":"https:\/\/roveyayinevi.com.tr\/index.php\/wp-json\/wp\/v2\/product_tag?post=736557"}],"curies":[{"name":"wp","href":"https:\/\/api.w.org\/{rel}","templated":true}]}}