{"id":736556,"date":"2025-08-27T23:10:14","date_gmt":"2025-08-27T20:10:14","guid":{"rendered":"https:\/\/roveyayinevi.com.tr\/index.php\/urun\/efes-perileri\/"},"modified":"2026-04-16T02:45:39","modified_gmt":"2026-04-15T23:45:39","slug":"efes-perileri","status":"publish","type":"product","link":"https:\/\/roveyayinevi.com.tr\/index.php\/urun\/efes-perileri\/","title":{"rendered":"Efes Perileri"},"content":{"rendered":"<p>G\u00f6zlerden uzak, sakin bir hayat s\u00fcren Kapadokya Perileri, bir g\u00fcn Kapadokya\u2019da y\u0131lk\u0131 atlar\u0131 yeti\u015ftiren \u015eimal Peri\u2019nin \u015eirince\u2019de ya\u015fayan dedesinden k\u00f6t\u00fc bir haber gelince hemen harekete ge\u00e7tiler.   Efes Perilerinin ba\u015f\u0131 dertteydi. Efes Antik Kenti\u2019nin ikinci boyutunda ya\u015fayan periler, bilinmeyen bir hastal\u0131\u011fa yakalan\u0131yorlard\u0131. Yer alt\u0131na h\u00fckmeden Karanl\u0131k Kral, g\u00f6r\u00fcn\u00fc\u015fe g\u00f6re baz\u0131 perilerle i\u015fbirli\u011fi yapm\u0131\u015ft\u0131 ve yery\u00fcz\u00fcne \u00e7\u0131k\u0131p Efes\u2019i ele ge\u00e7irmek istiyordu. Peri liderinin sa\u011f kolu H\u00fclya Peri, \u015eimal Peri ve hen\u00fcz e\u011fitimlerini tamamlamayan gen\u00e7 ama yetenekli periler Melek ile Kaya; Karanl\u0131k Kral\u2019la m\u00fccadele edip Efes\u2019te huzuru sa\u011flamak i\u00e7in ne gerekiyorsa yapmaya haz\u0131rlard\u0131.   Gizemli bilmeceler, heyecanl\u0131 bir kovalamaca ve hen\u00fcz g\u00fcn y\u00fcz\u00fcne \u00e7\u0131kmam\u0131\u015f s\u0131rlarla dolu, Antik \u00c7a\u011f ve mitolojiyle \u00f6r\u00fclm\u00fc\u015f bir macera onlar\u0131 bekliyordu. <\/p>\n","protected":false},"excerpt":{"rendered":"<p>G\u00f6zlerden uzak, sakin bir hayat s\u00fcren Kapadokya Perileri, bir g\u00fcn Kapadokya\u2019da y\u0131lk\u0131 atlar\u0131 yeti\u015ftiren \u015eimal Peri\u2019nin \u015eirince\u2019de ya\u015fayan dedesinden k\u00f6t\u00fc bir haber gelince hemen harekete ge\u00e7tiler.<span class=\"excerpt-hellip\"> [\u2026]<\/span><\/p>\n","protected":false},"featured_media":0,"template":"","meta":{"_monsterinsights_skip_tracking":false,"_monsterinsights_sitenote_active":false,"_monsterinsights_sitenote_note":"","_monsterinsights_sitenote_category":0},"product_brand":[],"product_cat":[12275,12274],"product_tag":[],"class_list":{"0":"post-736556","1":"product","2":"type-product","3":"status-publish","5":"product_cat-6-12-yas-kitaplari","6":"product_cat-cocuk-ve-genclik-kitaplari","7":"pa_cilt-ciltsiz","8":"pa_tur-kitap","9":"pa_yayinevi-ithaki-yayinlari","10":"pa_yazar-pinar-gocer","12":"first","13":"instock","14":"sale","15":"shipping-taxable","16":"purchasable","17":"product-type-simple"},"_links":{"self":[{"href":"https:\/\/roveyayinevi.com.tr\/index.php\/wp-json\/wp\/v2\/product\/736556","targetHints":{"allow":["GET"]}}],"collection":[{"href":"https:\/\/roveyayinevi.com.tr\/index.php\/wp-json\/wp\/v2\/product"}],"about":[{"href":"https:\/\/roveyayinevi.com.tr\/index.php\/wp-json\/wp\/v2\/types\/product"}],"wp:attachment":[{"href":"https:\/\/roveyayinevi.com.tr\/index.php\/wp-json\/wp\/v2\/media?parent=736556"}],"wp:term":[{"taxonomy":"product_brand","embeddable":true,"href":"https:\/\/roveyayinevi.com.tr\/index.php\/wp-json\/wp\/v2\/product_brand?post=736556"},{"taxonomy":"product_cat","embeddable":true,"href":"https:\/\/roveyayinevi.com.tr\/index.php\/wp-json\/wp\/v2\/product_cat?post=736556"},{"taxonomy":"product_tag","embeddable":true,"href":"https:\/\/roveyayinevi.com.tr\/index.php\/wp-json\/wp\/v2\/product_tag?post=736556"}],"curies":[{"name":"wp","href":"https:\/\/api.w.org\/{rel}","templated":true}]}}