{"id":736553,"date":"2025-08-27T23:10:10","date_gmt":"2025-08-27T20:10:10","guid":{"rendered":"https:\/\/roveyayinevi.com.tr\/index.php\/urun\/cezeri-ve-akilalmaz-makineleri\/"},"modified":"2026-04-16T02:45:39","modified_gmt":"2026-04-15T23:45:39","slug":"cezeri-ve-akilalmaz-makineleri","status":"publish","type":"product","link":"https:\/\/roveyayinevi.com.tr\/index.php\/urun\/cezeri-ve-akilalmaz-makineleri\/","title":{"rendered":"Cezeri ve Ak\u0131lalmaz Makineleri"},"content":{"rendered":"<p>Cezer\u00ee\u2026 Mucit, d\u00e2hi, bilim insan\u0131, fizik\u00e7i, bilgin, entelekt\u00fcel ve m\u00fchendis\u2026.Siberbetik, mekatronik, otomasyon ve android sistemlerinin \u00f6nc\u00fcs\u00fc\u2026800 y\u0131l \u00f6nce, g\u00fcn\u00fcm\u00fcz teknolojilerinin hayal bile demeyece\u011fi ola\u011fan\u00fcst\u00fc insans\u0131 robotlar, e\u011flenceli otomatlar, ilgin\u00e7 saatler, \u015fifreli kilitler ve kasalar, ak\u0131l almaz makineler, matrak oyuncaklar tasarlad\u0131. Sadece tasarlamakla kalmad\u0131, icat etti\u011fi makineleri \u00e7al\u0131\u015ft\u0131rd\u0131. Ondan sonra bu topraklarda onu ge\u00e7en hatta onun d\u00fczeyine yakla\u015fan bile olmad\u0131. \u015eimdi bu becerikli m\u00fchendisi tan\u0131man\u0131n, takdir etmenin, hakk\u0131n\u0131 vermenin, model alman\u0131n ve bilim tarihinde kaybolmu\u015f d\u00e2hi\u201d ile yeniden tan\u0131\u015fman\u0131n tam zaman\u0131\u2026Cezer\u00ee\u2019nin heyecan ve ilham verici \u00e7al\u0131\u015fmalar\u0131na yolculuk i\u00e7in haz\u0131r m\u0131s\u0131n\u0131z?<\/p>\n","protected":false},"excerpt":{"rendered":"<p>Cezer\u00ee\u2026 Mucit, d\u00e2hi, bilim insan\u0131, fizik\u00e7i, bilgin, entelekt\u00fcel ve m\u00fchendis\u2026.Siberbetik, mekatronik, otomasyon ve android sistemlerinin \u00f6nc\u00fcs\u00fc\u2026800 y\u0131l \u00f6nce, g\u00fcn\u00fcm\u00fcz teknolojilerinin hayal bile demeyece\u011fi ola\u011fan\u00fcst\u00fc insans\u0131 robotlar,<span class=\"excerpt-hellip\"> [\u2026]<\/span><\/p>\n","protected":false},"featured_media":0,"template":"","meta":{"_monsterinsights_skip_tracking":false,"_monsterinsights_sitenote_active":false,"_monsterinsights_sitenote_note":"","_monsterinsights_sitenote_category":0},"product_brand":[],"product_cat":[12275,12274],"product_tag":[],"class_list":{"0":"post-736553","1":"product","2":"type-product","3":"status-publish","5":"product_cat-6-12-yas-kitaplari","6":"product_cat-cocuk-ve-genclik-kitaplari","7":"pa_cilt-ciltsiz","8":"pa_tur-kitap","9":"pa_yayinevi-eglenceli-bilgi-yayinlari","10":"pa_yazar-metin-ozdamarlar","12":"first","13":"instock","14":"sale","15":"shipping-taxable","16":"purchasable","17":"product-type-simple"},"_links":{"self":[{"href":"https:\/\/roveyayinevi.com.tr\/index.php\/wp-json\/wp\/v2\/product\/736553","targetHints":{"allow":["GET"]}}],"collection":[{"href":"https:\/\/roveyayinevi.com.tr\/index.php\/wp-json\/wp\/v2\/product"}],"about":[{"href":"https:\/\/roveyayinevi.com.tr\/index.php\/wp-json\/wp\/v2\/types\/product"}],"wp:attachment":[{"href":"https:\/\/roveyayinevi.com.tr\/index.php\/wp-json\/wp\/v2\/media?parent=736553"}],"wp:term":[{"taxonomy":"product_brand","embeddable":true,"href":"https:\/\/roveyayinevi.com.tr\/index.php\/wp-json\/wp\/v2\/product_brand?post=736553"},{"taxonomy":"product_cat","embeddable":true,"href":"https:\/\/roveyayinevi.com.tr\/index.php\/wp-json\/wp\/v2\/product_cat?post=736553"},{"taxonomy":"product_tag","embeddable":true,"href":"https:\/\/roveyayinevi.com.tr\/index.php\/wp-json\/wp\/v2\/product_tag?post=736553"}],"curies":[{"name":"wp","href":"https:\/\/api.w.org\/{rel}","templated":true}]}}